{"id":718521,"date":"2025-08-27T18:09:55","date_gmt":"2025-08-27T15:09:55","guid":{"rendered":"https:\/\/roveyayinevi.com.tr\/index.php\/urun\/astronot-dedem\/"},"modified":"2026-04-16T02:26:43","modified_gmt":"2026-04-15T23:26:43","slug":"astronot-dedem","status":"publish","type":"product","link":"https:\/\/roveyayinevi.com.tr\/index.php\/urun\/astronot-dedem\/","title":{"rendered":"Astronot Dedem"},"content":{"rendered":"<p>\u00dc\u00e7&#8230; \u0130ki &#8230; Bir&#8230;Kalk\u0131\u015f!Sarp\u2019\u0131n astronot dedesinden daha \u00e7ok sevdi\u011fi bir \u015fey varsa o da dedesini ziyarete gitmekti. O g\u00fcn annesi ve k\u00f6pe\u011fi Luna\u2019yla birlikte dedesini ziyarete gittiklerinde Sarp i\u00e7in unutulmaz bir g\u00fcn oldu. Ger\u00e7ek uzay yolculu\u011funa \u00e7\u0131kmak i\u00e7in harika bir g\u00fcnd\u00fc do\u011frusu. Sarp\u2019la dedesi uzay gemilerini in\u015fa etmeye giri\u015ftiler hemen. Rotalar\u0131nda tek bir hedef vard\u0131: AY! Jonathan Meres\u2019in e\u011flenceli kaleminden i\u00e7inizi \u0131s\u0131tacak bir dede torun hik\u00e2yesi. <\/p>\n","protected":false},"excerpt":{"rendered":"<p>\u00dc\u00e7&#8230; \u0130ki &#8230; Bir&#8230;Kalk\u0131\u015f!Sarp\u2019\u0131n astronot dedesinden daha \u00e7ok sevdi\u011fi bir \u015fey varsa o da dedesini ziyarete gitmekti. O g\u00fcn annesi ve k\u00f6pe\u011fi Luna\u2019yla birlikte dedesini ziyarete<span class=\"excerpt-hellip\"> [\u2026]<\/span><\/p>\n","protected":false},"featured_media":0,"template":"","meta":{"_monsterinsights_skip_tracking":false,"_monsterinsights_sitenote_active":false,"_monsterinsights_sitenote_note":"","_monsterinsights_sitenote_category":0},"product_brand":[],"product_cat":[12913,12274],"product_tag":[],"class_list":{"0":"post-718521","1":"product","2":"type-product","3":"status-publish","5":"product_cat-3-6-yas-kitaplari","6":"product_cat-cocuk-ve-genclik-kitaplari","7":"pa_cilt-ciltsiz","8":"pa_tur-kitap","9":"pa_yayinevi-yapi-kredi-yayinlari","10":"pa_yazar-jonathan-meres","12":"first","13":"instock","14":"sale","15":"shipping-taxable","16":"purchasable","17":"product-type-simple"},"_links":{"self":[{"href":"https:\/\/roveyayinevi.com.tr\/index.php\/wp-json\/wp\/v2\/product\/718521","targetHints":{"allow":["GET"]}}],"collection":[{"href":"https:\/\/roveyayinevi.com.tr\/index.php\/wp-json\/wp\/v2\/product"}],"about":[{"href":"https:\/\/roveyayinevi.com.tr\/index.php\/wp-json\/wp\/v2\/types\/product"}],"wp:attachment":[{"href":"https:\/\/roveyayinevi.com.tr\/index.php\/wp-json\/wp\/v2\/media?parent=718521"}],"wp:term":[{"taxonomy":"product_brand","embeddable":true,"href":"https:\/\/roveyayinevi.com.tr\/index.php\/wp-json\/wp\/v2\/product_brand?post=718521"},{"taxonomy":"product_cat","embeddable":true,"href":"https:\/\/roveyayinevi.com.tr\/index.php\/wp-json\/wp\/v2\/product_cat?post=718521"},{"taxonomy":"product_tag","embeddable":true,"href":"https:\/\/roveyayinevi.com.tr\/index.php\/wp-json\/wp\/v2\/product_tag?post=718521"}],"curies":[{"name":"wp","href":"https:\/\/api.w.org\/{rel}","templated":true}]}}