{"id":718520,"date":"2025-08-27T18:09:54","date_gmt":"2025-08-27T15:09:54","guid":{"rendered":"https:\/\/roveyayinevi.com.tr\/index.php\/urun\/ykks-kente-bir-acilim\/"},"modified":"2026-04-16T02:26:43","modified_gmt":"2026-04-15T23:26:43","slug":"ykks-kente-bir-acilim","status":"publish","type":"product","link":"https:\/\/roveyayinevi.com.tr\/index.php\/urun\/ykks-kente-bir-acilim\/","title":{"rendered":"YKKS Kente Bir A\u00e7\u0131l\u0131m"},"content":{"rendered":"<p>YKKS Kente Bir A\u00e7\u0131l\u0131m, Yap\u0131 Kredi K\u00fclt\u00fcr Sanat (YKKS) binas\u0131n\u0131n yeniden in\u015fa s\u00fcrecinin ve tasar\u0131m konseptinin ard\u0131nda yatan hik\u00e2yeleri anlat\u0131yor. \u00c7izgisel olmayan bir kurguyla, binan\u0131n yeni mimarisini olu\u015fturan \u00f6\u011feleri, olaylar\u0131 ve anlat\u0131lar\u0131 bir araya getiriyor. Kitap, Galatasaray binas\u0131n\u0131n \u00f6zg\u00fcn ser\u00fcveninin yan\u0131 s\u0131ra, Yap\u0131 Kredi\u2019nin 1950\u2019lerden bug\u00fcne k\u00fclt\u00fcr ve sanat alanlar\u0131ndaki yolculu\u011funu ve TE\u011eET Mimarl\u0131k Ofisi\u2019nin YKKS\u2019nin nihai formunda cisimle\u015fen karakterini yans\u0131t\u0131yor. YKKS An Opening to the City tells the stories behind the design conception and reconstruction process of the Yap\u0131 Kredi Culture and Arts (YKKS) building. It takes the form of a compilation of non-linear accounts about the significant elements or incidents that constituted the new architecture of the building. Besides presenting the specific story of Galatasaray building, the book reflects on Yap\u0131 Kredi Bank\u2019s influence in the fields of culture and arts since the 1950s and the role of TEGET Architectural Office in shaping the final form of YKKS. <\/p>\n","protected":false},"excerpt":{"rendered":"<p>YKKS Kente Bir A\u00e7\u0131l\u0131m, Yap\u0131 Kredi K\u00fclt\u00fcr Sanat (YKKS) binas\u0131n\u0131n yeniden in\u015fa s\u00fcrecinin ve tasar\u0131m konseptinin ard\u0131nda yatan hik\u00e2yeleri anlat\u0131yor. \u00c7izgisel olmayan bir kurguyla, binan\u0131n yeni<span class=\"excerpt-hellip\"> [\u2026]<\/span><\/p>\n","protected":false},"featured_media":0,"template":"","meta":{"_monsterinsights_skip_tracking":false,"_monsterinsights_sitenote_active":false,"_monsterinsights_sitenote_note":"","_monsterinsights_sitenote_category":0},"product_brand":[],"product_cat":[13512,12408],"product_tag":[],"class_list":{"0":"post-718520","1":"product","2":"type-product","3":"status-publish","5":"product_cat-mimarlik","6":"product_cat-sanat","7":"pa_cilt-ciltsiz","8":"pa_tur-kitap","9":"pa_yayinevi-yapi-kredi-yayinlari","10":"pa_yazar-burcu-kutukcuoglu-emiliano-bugatti","12":"first","13":"instock","14":"sale","15":"shipping-taxable","16":"purchasable","17":"product-type-simple"},"_links":{"self":[{"href":"https:\/\/roveyayinevi.com.tr\/index.php\/wp-json\/wp\/v2\/product\/718520","targetHints":{"allow":["GET"]}}],"collection":[{"href":"https:\/\/roveyayinevi.com.tr\/index.php\/wp-json\/wp\/v2\/product"}],"about":[{"href":"https:\/\/roveyayinevi.com.tr\/index.php\/wp-json\/wp\/v2\/types\/product"}],"wp:attachment":[{"href":"https:\/\/roveyayinevi.com.tr\/index.php\/wp-json\/wp\/v2\/media?parent=718520"}],"wp:term":[{"taxonomy":"product_brand","embeddable":true,"href":"https:\/\/roveyayinevi.com.tr\/index.php\/wp-json\/wp\/v2\/product_brand?post=718520"},{"taxonomy":"product_cat","embeddable":true,"href":"https:\/\/roveyayinevi.com.tr\/index.php\/wp-json\/wp\/v2\/product_cat?post=718520"},{"taxonomy":"product_tag","embeddable":true,"href":"https:\/\/roveyayinevi.com.tr\/index.php\/wp-json\/wp\/v2\/product_tag?post=718520"}],"curies":[{"name":"wp","href":"https:\/\/api.w.org\/{rel}","templated":true}]}}