{"id":718518,"date":"2025-08-27T18:09:53","date_gmt":"2025-08-27T15:09:53","guid":{"rendered":"https:\/\/roveyayinevi.com.tr\/index.php\/urun\/sevdali-bulut\/"},"modified":"2026-04-16T02:26:43","modified_gmt":"2026-04-15T23:26:43","slug":"sevdali-bulut","status":"publish","type":"product","link":"https:\/\/roveyayinevi.com.tr\/index.php\/urun\/sevdali-bulut\/","title":{"rendered":"Sevdal\u0131 Bulut"},"content":{"rendered":"<p>\u201c&#8230;Ay\u015fe k\u0131z bir \u00f6p\u00fcc\u00fck yollad\u0131 parmaklar\u0131n\u0131n ucuyla buluta. Ay\u015fe k\u0131z\u0131n \u00f6p\u00fcc\u00fc\u011f\u00fc buluta ula\u015f\u0131nca, bulut \u015f\u00f6yle bir \u015fa\u015f\u0131rd\u0131. Ama sonra toparland\u0131, koskocaman bir g\u00fcl bi\u00e7imini ald\u0131. G\u00f6ky\u00fcz\u00fc g\u00f6ky\u00fcz\u00fc olal\u0131, bu mavi atlasa b\u00f6ylesine g\u00fczel, b\u00f6ylesine iri ak bir g\u00fcl a\u00e7mad\u0131. Ay\u015fe k\u0131z bu ak g\u00fcl\u00fc hayran hayran seyrederken, bulut yine k\u0131m\u0131ldad\u0131, yay\u0131ld\u0131, toparland\u0131, y\u00fcrek bi\u00e7imini ald\u0131, yani bulut oldu yine. Laf\u0131 fazla uzatmayal\u0131m,o g\u00fcnden sonra bulut, Ay\u015fe k\u0131zdan ayr\u0131lmad\u0131.\u201d<\/p>\n","protected":false},"excerpt":{"rendered":"<p>\u201c&#8230;Ay\u015fe k\u0131z bir \u00f6p\u00fcc\u00fck yollad\u0131 parmaklar\u0131n\u0131n ucuyla buluta. Ay\u015fe k\u0131z\u0131n \u00f6p\u00fcc\u00fc\u011f\u00fc buluta ula\u015f\u0131nca, bulut \u015f\u00f6yle bir \u015fa\u015f\u0131rd\u0131. Ama sonra toparland\u0131, koskocaman bir g\u00fcl bi\u00e7imini ald\u0131. G\u00f6ky\u00fcz\u00fc<span class=\"excerpt-hellip\"> [\u2026]<\/span><\/p>\n","protected":false},"featured_media":0,"template":"","meta":{"_monsterinsights_skip_tracking":false,"_monsterinsights_sitenote_active":false,"_monsterinsights_sitenote_note":"","_monsterinsights_sitenote_category":0},"product_brand":[],"product_cat":[12275,12274],"product_tag":[],"class_list":{"0":"post-718518","1":"product","2":"type-product","3":"status-publish","5":"product_cat-6-12-yas-kitaplari","6":"product_cat-cocuk-ve-genclik-kitaplari","7":"pa_cilt-ciltsiz","8":"pa_tur-kitap","9":"pa_yayinevi-yapi-kredi-yayinlari","10":"pa_yazar-nazim-hikmet-ran","12":"first","13":"instock","14":"sale","15":"shipping-taxable","16":"purchasable","17":"product-type-simple"},"_links":{"self":[{"href":"https:\/\/roveyayinevi.com.tr\/index.php\/wp-json\/wp\/v2\/product\/718518","targetHints":{"allow":["GET"]}}],"collection":[{"href":"https:\/\/roveyayinevi.com.tr\/index.php\/wp-json\/wp\/v2\/product"}],"about":[{"href":"https:\/\/roveyayinevi.com.tr\/index.php\/wp-json\/wp\/v2\/types\/product"}],"wp:attachment":[{"href":"https:\/\/roveyayinevi.com.tr\/index.php\/wp-json\/wp\/v2\/media?parent=718518"}],"wp:term":[{"taxonomy":"product_brand","embeddable":true,"href":"https:\/\/roveyayinevi.com.tr\/index.php\/wp-json\/wp\/v2\/product_brand?post=718518"},{"taxonomy":"product_cat","embeddable":true,"href":"https:\/\/roveyayinevi.com.tr\/index.php\/wp-json\/wp\/v2\/product_cat?post=718518"},{"taxonomy":"product_tag","embeddable":true,"href":"https:\/\/roveyayinevi.com.tr\/index.php\/wp-json\/wp\/v2\/product_tag?post=718518"}],"curies":[{"name":"wp","href":"https:\/\/api.w.org\/{rel}","templated":true}]}}