{"id":718517,"date":"2025-08-27T18:09:52","date_gmt":"2025-08-27T15:09:52","guid":{"rendered":"https:\/\/roveyayinevi.com.tr\/index.php\/urun\/ekolojik-insancilligin-onculeri\/"},"modified":"2026-04-16T02:26:43","modified_gmt":"2026-04-15T23:26:43","slug":"ekolojik-insancilligin-onculeri","status":"publish","type":"product","link":"https:\/\/roveyayinevi.com.tr\/index.php\/urun\/ekolojik-insancilligin-onculeri\/","title":{"rendered":"Ekolojik \u0130nsanc\u0131ll\u0131\u011f\u0131n \u00d6nc\u00fcleri"},"content":{"rendered":"<p>Bir kitaba \u00fc\u00e7 d\u00fc\u015f\u00fcnsel ya\u015fam\u00f6yk\u00fcs\u00fc s\u0131\u011fd\u0131ran Brian Morris, modern ekoloji hareketinin geli\u015fimine damgas\u0131n\u0131 vuran Lewis Mumford, Ren\u00e9 Dubos ve Murray Bookchin\u2019in fikirlerini, son derece kolay anla\u015f\u0131l\u0131r bir bi\u00e7imde ele al\u0131yor. Bu isimler, bir u\u00e7ta end\u00fcstri megamakinesinin \u00f6teki u\u00e7taysa modernlik kar\u015f\u0131t\u0131 tepkinin yer ald\u0131\u011f\u0131 \u00e7\u0131k\u0131\u015fs\u0131z ikili\u011fin \u00f6tesine ge\u00e7erek olduk\u00e7a makul mant\u0131kl\u0131 bir \u00fc\u00e7\u00fcnc\u00fc yol \u00f6neriyor. Morris\u2019in ekolojik insanc\u0131ll\u0131k ad\u0131n\u0131 verdi\u011fi bu \u00fcmitvar gelenek, do\u011fayla tekrar hemhal olmu\u015f bir toplum; ekolojik, e\u015fitlik\u00e7i ve demokratik bir kent ve k\u00fclt\u00fcr\u00fc yaratma d\u00fc\u015f\u00fcn\u00fc benliklerimizde canland\u0131r\u0131yor.  Laf\u0131 doland\u0131rmayan, a\u00e7\u0131k ve ak\u0131c\u0131 \u00fcslubuyla sokaktaki eylemciden kuram merakl\u0131s\u0131 akademisyenlere ve ekologlara kadar her kesime hitap eden Ekolojik \u0130nsanc\u0131ll\u0131\u011f\u0131n \u00d6nc\u00fcleri, ekolojiye, siyasete, felsefeye merak duyanlar\u0131n ya da halihaz\u0131rda sahada faaliyet g\u00f6sterenlerin tekrar tekrar okumas\u0131 gereken bir eser.<\/p>\n","protected":false},"excerpt":{"rendered":"<p>Bir kitaba \u00fc\u00e7 d\u00fc\u015f\u00fcnsel ya\u015fam\u00f6yk\u00fcs\u00fc s\u0131\u011fd\u0131ran Brian Morris, modern ekoloji hareketinin geli\u015fimine damgas\u0131n\u0131 vuran Lewis Mumford, Ren\u00e9 Dubos ve Murray Bookchin\u2019in fikirlerini, son derece kolay anla\u015f\u0131l\u0131r<span class=\"excerpt-hellip\"> [\u2026]<\/span><\/p>\n","protected":false},"featured_media":0,"template":"","meta":{"_monsterinsights_skip_tracking":false,"_monsterinsights_sitenote_active":false,"_monsterinsights_sitenote_note":"","_monsterinsights_sitenote_category":0},"product_brand":[],"product_cat":[12370,12304],"product_tag":[],"class_list":{"0":"post-718517","1":"product","2":"type-product","3":"status-publish","5":"product_cat-arastirma-inceleme","6":"product_cat-tarih","7":"pa_cilt-ciltsiz","8":"pa_tur-kitap","9":"pa_yayinevi-sumer-yayin","10":"pa_yazar-brian-morris","12":"first","13":"instock","14":"sale","15":"shipping-taxable","16":"purchasable","17":"product-type-simple"},"_links":{"self":[{"href":"https:\/\/roveyayinevi.com.tr\/index.php\/wp-json\/wp\/v2\/product\/718517","targetHints":{"allow":["GET"]}}],"collection":[{"href":"https:\/\/roveyayinevi.com.tr\/index.php\/wp-json\/wp\/v2\/product"}],"about":[{"href":"https:\/\/roveyayinevi.com.tr\/index.php\/wp-json\/wp\/v2\/types\/product"}],"wp:attachment":[{"href":"https:\/\/roveyayinevi.com.tr\/index.php\/wp-json\/wp\/v2\/media?parent=718517"}],"wp:term":[{"taxonomy":"product_brand","embeddable":true,"href":"https:\/\/roveyayinevi.com.tr\/index.php\/wp-json\/wp\/v2\/product_brand?post=718517"},{"taxonomy":"product_cat","embeddable":true,"href":"https:\/\/roveyayinevi.com.tr\/index.php\/wp-json\/wp\/v2\/product_cat?post=718517"},{"taxonomy":"product_tag","embeddable":true,"href":"https:\/\/roveyayinevi.com.tr\/index.php\/wp-json\/wp\/v2\/product_tag?post=718517"}],"curies":[{"name":"wp","href":"https:\/\/api.w.org\/{rel}","templated":true}]}}