{"id":718516,"date":"2025-08-27T18:09:52","date_gmt":"2025-08-27T15:09:52","guid":{"rendered":"https:\/\/roveyayinevi.com.tr\/index.php\/urun\/homo-hapticus\/"},"modified":"2026-04-16T02:26:43","modified_gmt":"2026-04-15T23:26:43","slug":"homo-hapticus","status":"publish","type":"product","link":"https:\/\/roveyayinevi.com.tr\/index.php\/urun\/homo-hapticus\/","title":{"rendered":"Homo Hapticus"},"content":{"rendered":"<p>\u201cFiziksel yak\u0131nl\u0131k olmadan sa\u011fl\u0131kl\u0131 ve mutlu ya\u015fayamay\u0131z.\u201dMartin Grunwald, \u201eDokunma hissi olmadan, ya\u015fam m\u00fcmk\u00fcn de\u011fildir ve Homo Sapiens hayat\u0131n\u0131n her saniyesinde Homo Hapticus\u2019tur,\u201c der.Bir duyu sistemi nas\u0131l olur da bu kadar hayati bir \u00f6nem ta\u015f\u0131yabilir?Bir ki\u015fi k\u00f6r veya sa\u011f\u0131r do\u011fabilir ve buna ra\u011fmen hayat\u0131n\u0131 s\u00fcrd\u00fcrebilir. Koku ve tat alma duyusunu da kaybedebilir ve bu onun ya\u015fam\u0131n\u0131 tehlikeye sokmaz. Ancak dokunma duyusu i\u00e7in ayn\u0131 \u015feyi s\u00f6yleyemeyiz. Bu sistem olmadan kendi varl\u0131\u011f\u0131m\u0131z\u0131 bile bilemeyiz.Bu kitapta yazar, k\u0131sa bir kucakla\u015fman\u0131n neden bin kelimeden daha fazla teselli etti\u011fini, depresyona ve endi\u015feye kar\u015f\u0131 masaj\u0131n nas\u0131l etkili oldu\u011funu, dalg\u0131\u00e7 k\u0131yafetlerinin anoreksiya tedavisindeki olumlu etkilerini, tabletlerin neden \u00e7ocuklar\u0131m\u0131z\u0131n konu\u015fma geli\u015fimini geciktirdi\u011fini ve i\u015f g\u00f6r\u00fc\u015fmelerinde s\u0131cak elle tokala\u015fman\u0131n neden \u015fans\u0131m\u0131z\u0131 art\u0131rd\u0131\u011f\u0131n\u0131 somut \u00f6rneklerle ortaya koyuyor.<\/p>\n","protected":false},"excerpt":{"rendered":"<p>\u201cFiziksel yak\u0131nl\u0131k olmadan sa\u011fl\u0131kl\u0131 ve mutlu ya\u015fayamay\u0131z.\u201dMartin Grunwald, \u201eDokunma hissi olmadan, ya\u015fam m\u00fcmk\u00fcn de\u011fildir ve Homo Sapiens hayat\u0131n\u0131n her saniyesinde Homo Hapticus\u2019tur,\u201c der.Bir duyu sistemi nas\u0131l<span class=\"excerpt-hellip\"> [\u2026]<\/span><\/p>\n","protected":false},"featured_media":0,"template":"","meta":{"_monsterinsights_skip_tracking":false,"_monsterinsights_sitenote_active":false,"_monsterinsights_sitenote_note":"","_monsterinsights_sitenote_category":0},"product_brand":[],"product_cat":[12358,12357],"product_tag":[],"class_list":{"0":"post-718516","1":"product","2":"type-product","3":"status-publish","5":"product_cat-genel-psikoloji","6":"product_cat-psikoloji","7":"pa_cilt-ciltsiz","8":"pa_tur-kitap","9":"pa_yayinevi-totem-yayinlari","10":"pa_yazar-martin-grunwald","12":"first","13":"instock","14":"sale","15":"shipping-taxable","16":"purchasable","17":"product-type-simple"},"_links":{"self":[{"href":"https:\/\/roveyayinevi.com.tr\/index.php\/wp-json\/wp\/v2\/product\/718516","targetHints":{"allow":["GET"]}}],"collection":[{"href":"https:\/\/roveyayinevi.com.tr\/index.php\/wp-json\/wp\/v2\/product"}],"about":[{"href":"https:\/\/roveyayinevi.com.tr\/index.php\/wp-json\/wp\/v2\/types\/product"}],"wp:attachment":[{"href":"https:\/\/roveyayinevi.com.tr\/index.php\/wp-json\/wp\/v2\/media?parent=718516"}],"wp:term":[{"taxonomy":"product_brand","embeddable":true,"href":"https:\/\/roveyayinevi.com.tr\/index.php\/wp-json\/wp\/v2\/product_brand?post=718516"},{"taxonomy":"product_cat","embeddable":true,"href":"https:\/\/roveyayinevi.com.tr\/index.php\/wp-json\/wp\/v2\/product_cat?post=718516"},{"taxonomy":"product_tag","embeddable":true,"href":"https:\/\/roveyayinevi.com.tr\/index.php\/wp-json\/wp\/v2\/product_tag?post=718516"}],"curies":[{"name":"wp","href":"https:\/\/api.w.org\/{rel}","templated":true}]}}