{"id":718515,"date":"2025-08-27T18:09:51","date_gmt":"2025-08-27T15:09:51","guid":{"rendered":"https:\/\/roveyayinevi.com.tr\/index.php\/urun\/kac-punto-kac\/"},"modified":"2026-04-16T02:26:43","modified_gmt":"2026-04-15T23:26:43","slug":"kac-punto-kac","status":"publish","type":"product","link":"https:\/\/roveyayinevi.com.tr\/index.php\/urun\/kac-punto-kac\/","title":{"rendered":"Ka\u00e7 Punto Ka\u00e7!"},"content":{"rendered":"<p>\u201cAnnemin ad\u0131 Armoni Babam\u0131n ad\u0131 Bando Armonikam\u0131n ad\u0131 oluverdi Armondo!\u201d \u0130\u015fte kar\u015f\u0131n\u0131zda alt\u0131n kalpli ay\u0131c\u0131k Punto!  S\u00f6zc\u00fckleri ve melodileri bulmay\u0131 \u00e7ok seven bu tatl\u0131 cambaz, say\u0131lar\u0131n ona g\u00f6z k\u0131rpt\u0131\u011f\u0131 yerlerde, \u00f6yle pek de g\u00fclery\u00fczl\u00fc olamaz! Say\u0131larla aras\u0131 bir t\u00fcrl\u00fc bar\u0131\u015fmaz; bir ses yank\u0131lan\u0131r kalbinde: \u201cKa\u00e7 Punto ka\u00e7!\u201d Punto&#8217;nun yolu bir g\u00fcn, kalbini alt\u0131n gibi parlatan bir say\u0131yla kesi\u015fir. \u201cAlt\u0131n Oran\u201d denilen bu de\u011fer acaba nedir? S\u00f6zc\u00fckler, m\u00fczik, matematik ve do\u011fa aras\u0131nda k\u00f6pr\u00fc kuran bu macerada, Punto&#8217;nun yol arkada\u015f\u0131 olmak ister misin? <\/p>\n","protected":false},"excerpt":{"rendered":"<p>\u201cAnnemin ad\u0131 Armoni Babam\u0131n ad\u0131 Bando Armonikam\u0131n ad\u0131 oluverdi Armondo!\u201d \u0130\u015fte kar\u015f\u0131n\u0131zda alt\u0131n kalpli ay\u0131c\u0131k Punto! S\u00f6zc\u00fckleri ve melodileri bulmay\u0131 \u00e7ok seven bu tatl\u0131 cambaz, say\u0131lar\u0131n<span class=\"excerpt-hellip\"> [\u2026]<\/span><\/p>\n","protected":false},"featured_media":0,"template":"","meta":{"_monsterinsights_skip_tracking":false,"_monsterinsights_sitenote_active":false,"_monsterinsights_sitenote_note":"","_monsterinsights_sitenote_category":0},"product_brand":[],"product_cat":[12274,12518],"product_tag":[],"class_list":{"0":"post-718515","1":"product","2":"type-product","3":"status-publish","5":"product_cat-cocuk-ve-genclik-kitaplari","6":"product_cat-okul-oncesi-kitaplar","7":"pa_cilt-ciltsiz","8":"pa_tur-kitap","9":"pa_yayinevi-is-bankasi-kultur-yayinlari","10":"pa_yazar-goknur-birincioglu","12":"first","13":"instock","14":"sale","15":"shipping-taxable","16":"purchasable","17":"product-type-simple"},"_links":{"self":[{"href":"https:\/\/roveyayinevi.com.tr\/index.php\/wp-json\/wp\/v2\/product\/718515","targetHints":{"allow":["GET"]}}],"collection":[{"href":"https:\/\/roveyayinevi.com.tr\/index.php\/wp-json\/wp\/v2\/product"}],"about":[{"href":"https:\/\/roveyayinevi.com.tr\/index.php\/wp-json\/wp\/v2\/types\/product"}],"wp:attachment":[{"href":"https:\/\/roveyayinevi.com.tr\/index.php\/wp-json\/wp\/v2\/media?parent=718515"}],"wp:term":[{"taxonomy":"product_brand","embeddable":true,"href":"https:\/\/roveyayinevi.com.tr\/index.php\/wp-json\/wp\/v2\/product_brand?post=718515"},{"taxonomy":"product_cat","embeddable":true,"href":"https:\/\/roveyayinevi.com.tr\/index.php\/wp-json\/wp\/v2\/product_cat?post=718515"},{"taxonomy":"product_tag","embeddable":true,"href":"https:\/\/roveyayinevi.com.tr\/index.php\/wp-json\/wp\/v2\/product_tag?post=718515"}],"curies":[{"name":"wp","href":"https:\/\/api.w.org\/{rel}","templated":true}]}}