{"id":718514,"date":"2025-08-27T18:09:50","date_gmt":"2025-08-27T15:09:50","guid":{"rendered":"https:\/\/roveyayinevi.com.tr\/index.php\/urun\/eglenceli-bilim-meltem-ile-uras-sesleri-kesfediyor\/"},"modified":"2026-04-16T02:26:43","modified_gmt":"2026-04-15T23:26:43","slug":"eglenceli-bilim-meltem-ile-uras-sesleri-kesfediyor","status":"publish","type":"product","link":"https:\/\/roveyayinevi.com.tr\/index.php\/urun\/eglenceli-bilim-meltem-ile-uras-sesleri-kesfediyor\/","title":{"rendered":"E\u011flenceli Bilim; Meltem \u0130le Uras Sesleri Ke\u015ffediyor"},"content":{"rendered":"<p>Meltem ile Uras o g\u00fcn bah\u00e7ede \u00e7ad\u0131r kurup oyun oynamaya ba\u015flad\u0131lar. Hayvanlar\u0131n izlerini s\u00fcrerken sessiz olmalar\u0131 gerekti\u011fi i\u00e7in bir telefon yap\u0131p onu kulland\u0131lar. G\u00fcn boyunca seslerle ilgili \u00e7e\u015fitli oyunlar oynayan k\u00fc\u00e7\u00fck ka\u015fifler, g\u00fcr\u00fclt\u00fc yap\u0131p Uras\u2019\u0131n b\u00fcy\u00fckannesini rahats\u0131z etmemek i\u00e7in de dikkat ettiler. <\/p>\n","protected":false},"excerpt":{"rendered":"<p>Meltem ile Uras o g\u00fcn bah\u00e7ede \u00e7ad\u0131r kurup oyun oynamaya ba\u015flad\u0131lar. Hayvanlar\u0131n izlerini s\u00fcrerken sessiz olmalar\u0131 gerekti\u011fi i\u00e7in bir telefon yap\u0131p onu kulland\u0131lar. G\u00fcn boyunca seslerle<span class=\"excerpt-hellip\"> [\u2026]<\/span><\/p>\n","protected":false},"featured_media":0,"template":"","meta":{"_monsterinsights_skip_tracking":false,"_monsterinsights_sitenote_active":false,"_monsterinsights_sitenote_note":"","_monsterinsights_sitenote_category":0},"product_brand":[],"product_cat":[12274,12518],"product_tag":[],"class_list":{"0":"post-718514","1":"product","2":"type-product","3":"status-publish","5":"product_cat-cocuk-ve-genclik-kitaplari","6":"product_cat-okul-oncesi-kitaplar","7":"pa_cilt-ciltsiz","8":"pa_tur-kitap","9":"pa_yayinevi-is-bankasi-kultur-yayinlari","10":"pa_yazar-maria-breuer","12":"first","13":"instock","14":"sale","15":"shipping-taxable","16":"purchasable","17":"product-type-simple"},"_links":{"self":[{"href":"https:\/\/roveyayinevi.com.tr\/index.php\/wp-json\/wp\/v2\/product\/718514","targetHints":{"allow":["GET"]}}],"collection":[{"href":"https:\/\/roveyayinevi.com.tr\/index.php\/wp-json\/wp\/v2\/product"}],"about":[{"href":"https:\/\/roveyayinevi.com.tr\/index.php\/wp-json\/wp\/v2\/types\/product"}],"wp:attachment":[{"href":"https:\/\/roveyayinevi.com.tr\/index.php\/wp-json\/wp\/v2\/media?parent=718514"}],"wp:term":[{"taxonomy":"product_brand","embeddable":true,"href":"https:\/\/roveyayinevi.com.tr\/index.php\/wp-json\/wp\/v2\/product_brand?post=718514"},{"taxonomy":"product_cat","embeddable":true,"href":"https:\/\/roveyayinevi.com.tr\/index.php\/wp-json\/wp\/v2\/product_cat?post=718514"},{"taxonomy":"product_tag","embeddable":true,"href":"https:\/\/roveyayinevi.com.tr\/index.php\/wp-json\/wp\/v2\/product_tag?post=718514"}],"curies":[{"name":"wp","href":"https:\/\/api.w.org\/{rel}","templated":true}]}}