{"id":718511,"date":"2025-08-27T18:09:48","date_gmt":"2025-08-27T15:09:48","guid":{"rendered":"https:\/\/roveyayinevi.com.tr\/index.php\/urun\/dunya-edebiyatindan-secme-oykuler-10-kitap-takim\/"},"modified":"2026-04-12T02:31:50","modified_gmt":"2026-04-11T23:31:50","slug":"dunya-edebiyatindan-secme-oykuler-10-kitap-takim","status":"publish","type":"product","link":"https:\/\/roveyayinevi.com.tr\/index.php\/urun\/dunya-edebiyatindan-secme-oykuler-10-kitap-takim\/","title":{"rendered":"D\u00fcnya Edebiyat\u0131ndan Se\u00e7me \u00d6yk\u00fcler (10 Kitap Tak\u0131m)"},"content":{"rendered":"<p>Morgue Soka\u011f\u0131 Cinayeti &#8211; Edgar Allan PoeLyon\u2019da D\u00fc\u011f\u00fcn &#8211; Stefan Zweig\u0130nsan Ne ile Ya\u015far? &#8211; Lev TolstoyGece Ge\u00e7en Serseriler &#8211; Jack LondonBir \u0130dam Mahkumunun Son G\u00fcn\u00fc &#8211; Victor HugoBeyaz Fil &#8211; Mark TwainAy I\u015f\u0131\u011f\u0131 &#8211; Guy de MaupassantA\u015fk R\u00fcyas\u0131 &#8211; Maksim Gorki6 Numaral\u0131 Ko\u011fu\u015f &#8211; Anton \u00c7ehovSon Yaprak &#8211; O. Henry<\/p>\n","protected":false},"excerpt":{"rendered":"<p>Morgue Soka\u011f\u0131 Cinayeti &#8211; Edgar Allan PoeLyon\u2019da D\u00fc\u011f\u00fcn &#8211; Stefan Zweig\u0130nsan Ne ile Ya\u015far? &#8211; Lev TolstoyGece Ge\u00e7en Serseriler &#8211; Jack LondonBir \u0130dam Mahkumunun Son G\u00fcn\u00fc<span class=\"excerpt-hellip\"> [\u2026]<\/span><\/p>\n","protected":false},"featured_media":0,"template":"","meta":{"_monsterinsights_skip_tracking":false,"_monsterinsights_sitenote_active":false,"_monsterinsights_sitenote_note":"","_monsterinsights_sitenote_category":0},"product_brand":[],"product_cat":[12291,12711],"product_tag":[],"class_list":{"0":"post-718511","1":"product","2":"type-product","3":"status-publish","5":"product_cat-edebiyat","6":"product_cat-roman-oyku","7":"pa_cilt-ciltsiz","8":"pa_tur-kitap","9":"pa_yayinevi-cem-yayinevi","10":"pa_yazar-kolektif","12":"first","13":"instock","14":"sale","15":"shipping-taxable","16":"purchasable","17":"product-type-simple"},"_links":{"self":[{"href":"https:\/\/roveyayinevi.com.tr\/index.php\/wp-json\/wp\/v2\/product\/718511","targetHints":{"allow":["GET"]}}],"collection":[{"href":"https:\/\/roveyayinevi.com.tr\/index.php\/wp-json\/wp\/v2\/product"}],"about":[{"href":"https:\/\/roveyayinevi.com.tr\/index.php\/wp-json\/wp\/v2\/types\/product"}],"wp:attachment":[{"href":"https:\/\/roveyayinevi.com.tr\/index.php\/wp-json\/wp\/v2\/media?parent=718511"}],"wp:term":[{"taxonomy":"product_brand","embeddable":true,"href":"https:\/\/roveyayinevi.com.tr\/index.php\/wp-json\/wp\/v2\/product_brand?post=718511"},{"taxonomy":"product_cat","embeddable":true,"href":"https:\/\/roveyayinevi.com.tr\/index.php\/wp-json\/wp\/v2\/product_cat?post=718511"},{"taxonomy":"product_tag","embeddable":true,"href":"https:\/\/roveyayinevi.com.tr\/index.php\/wp-json\/wp\/v2\/product_tag?post=718511"}],"curies":[{"name":"wp","href":"https:\/\/api.w.org\/{rel}","templated":true}]}}