{"id":718509,"date":"2025-08-27T18:09:47","date_gmt":"2025-08-27T15:09:47","guid":{"rendered":"https:\/\/roveyayinevi.com.tr\/index.php\/urun\/guvenli-hayat-5-gorgu-nezaket-ve-dogru-davranis-kulubu\/"},"modified":"2026-04-16T02:26:43","modified_gmt":"2026-04-15T23:26:43","slug":"guvenli-hayat-5-gorgu-nezaket-ve-dogru-davranis-kulubu","status":"publish","type":"product","link":"https:\/\/roveyayinevi.com.tr\/index.php\/urun\/guvenli-hayat-5-gorgu-nezaket-ve-dogru-davranis-kulubu\/","title":{"rendered":"G\u00fcvenli Hayat 5 &#8211; G\u00f6rg\u00fc Nezaket ve Do\u011fru Davran\u0131\u015f Kul\u00fcb\u00fc"},"content":{"rendered":"<p>Sence g\u00f6rg\u00fcl\u00fc ve nazik olmak ne anlama geliyor? Peki ya do\u011fru davranmak daha g\u00fcvenli ya\u015famam\u0131z\u0131 sa\u011flayabilir mi? \u0130\u015fte t\u00fcm bu sorular\u0131n yan\u0131tlar\u0131n\u0131, alt\u0131 arkada\u015f\u0131n kurdu\u011fu G\u00f6rg\u00fc, Nezaket ve Do\u011fru Davran\u0131\u015f Kul\u00fcb\u00fc sayesinde \u00f6\u011freniyoruz. Serinin be\u015finci kitab\u0131nda, kul\u00fcp \u00fcyelerinden \u0130pek, tedbirli ve g\u00fcvenli bir hayat ya\u015famak i\u00e7in gereken do\u011fru davran\u0131\u015flar\u0131n neler oldu\u011funu ve \u00e7izdikleri bir kahramanla bu davran\u0131\u015flar\u0131 t\u00fcm okula nas\u0131l yayd\u0131klar\u0131n\u0131 anlat\u0131yor.<\/p>\n","protected":false},"excerpt":{"rendered":"<p>Sence g\u00f6rg\u00fcl\u00fc ve nazik olmak ne anlama geliyor? Peki ya do\u011fru davranmak daha g\u00fcvenli ya\u015famam\u0131z\u0131 sa\u011flayabilir mi? \u0130\u015fte t\u00fcm bu sorular\u0131n yan\u0131tlar\u0131n\u0131, alt\u0131 arkada\u015f\u0131n kurdu\u011fu G\u00f6rg\u00fc,<span class=\"excerpt-hellip\"> [\u2026]<\/span><\/p>\n","protected":false},"featured_media":0,"template":"","meta":{"_monsterinsights_skip_tracking":false,"_monsterinsights_sitenote_active":false,"_monsterinsights_sitenote_note":"","_monsterinsights_sitenote_category":0},"product_brand":[],"product_cat":[12274,12284],"product_tag":[],"class_list":{"0":"post-718509","1":"product","2":"type-product","3":"status-publish","5":"product_cat-cocuk-ve-genclik-kitaplari","6":"product_cat-hikayeler","7":"pa_cilt-ciltsiz","8":"pa_tur-kitap","9":"pa_yayinevi-dogan-egmont-yayincilik","10":"pa_yazar-banu-savu","12":"first","13":"instock","14":"sale","15":"shipping-taxable","16":"purchasable","17":"product-type-simple"},"_links":{"self":[{"href":"https:\/\/roveyayinevi.com.tr\/index.php\/wp-json\/wp\/v2\/product\/718509","targetHints":{"allow":["GET"]}}],"collection":[{"href":"https:\/\/roveyayinevi.com.tr\/index.php\/wp-json\/wp\/v2\/product"}],"about":[{"href":"https:\/\/roveyayinevi.com.tr\/index.php\/wp-json\/wp\/v2\/types\/product"}],"wp:attachment":[{"href":"https:\/\/roveyayinevi.com.tr\/index.php\/wp-json\/wp\/v2\/media?parent=718509"}],"wp:term":[{"taxonomy":"product_brand","embeddable":true,"href":"https:\/\/roveyayinevi.com.tr\/index.php\/wp-json\/wp\/v2\/product_brand?post=718509"},{"taxonomy":"product_cat","embeddable":true,"href":"https:\/\/roveyayinevi.com.tr\/index.php\/wp-json\/wp\/v2\/product_cat?post=718509"},{"taxonomy":"product_tag","embeddable":true,"href":"https:\/\/roveyayinevi.com.tr\/index.php\/wp-json\/wp\/v2\/product_tag?post=718509"}],"curies":[{"name":"wp","href":"https:\/\/api.w.org\/{rel}","templated":true}]}}