{"id":718508,"date":"2025-08-27T18:09:46","date_gmt":"2025-08-27T15:09:46","guid":{"rendered":"https:\/\/roveyayinevi.com.tr\/index.php\/urun\/dogada-hayat-4-gorgu-nezaket-ve-dogru-davranis-kulubu\/"},"modified":"2026-04-16T02:26:43","modified_gmt":"2026-04-15T23:26:43","slug":"dogada-hayat-4-gorgu-nezaket-ve-dogru-davranis-kulubu","status":"publish","type":"product","link":"https:\/\/roveyayinevi.com.tr\/index.php\/urun\/dogada-hayat-4-gorgu-nezaket-ve-dogru-davranis-kulubu\/","title":{"rendered":"Do\u011fada Hayat 4 &#8211; G\u00f6rg\u00fc Nezaket ve Do\u011fru Davran\u0131\u015f Kul\u00fcb\u00fc"},"content":{"rendered":"<p>Sence g\u00f6rg\u00fcl\u00fc ve nazik olmak ne anlama geliyor? Peki ya do\u011fru davranmak daha temiz bir \u00e7evrede ya\u015famam\u0131za yard\u0131mc\u0131 olabilir mi? \u0130\u015fte t\u00fcm bu sorular\u0131n yan\u0131tlar\u0131n\u0131, alt\u0131 arkada\u015f\u0131n kurdu\u011fu G\u00f6rg\u00fc, Nezaket ve Do\u011fru Davran\u0131\u015f Kul\u00fcb\u00fc sayesinde \u00f6\u011freniyoruz. Serinin d\u00f6rd\u00fcnc\u00fc kitab\u0131nda, kul\u00fcp \u00fcyelerinden \u00dcmit, do\u011faya sayg\u0131l\u0131 ve temiz bir \u00e7evrede ya\u015famak i\u00e7in gereken do\u011fru davran\u0131\u015flar\u0131n neler oldu\u011funu ve d\u00fczenledikleri foto\u011fraf sergisiyle bu davran\u0131\u015flar\u0131 di\u011fer \u00f6\u011frencilere nas\u0131l aktard\u0131klar\u0131n\u0131 anlat\u0131yor.<\/p>\n","protected":false},"excerpt":{"rendered":"<p>Sence g\u00f6rg\u00fcl\u00fc ve nazik olmak ne anlama geliyor? Peki ya do\u011fru davranmak daha temiz bir \u00e7evrede ya\u015famam\u0131za yard\u0131mc\u0131 olabilir mi? \u0130\u015fte t\u00fcm bu sorular\u0131n yan\u0131tlar\u0131n\u0131, alt\u0131<span class=\"excerpt-hellip\"> [\u2026]<\/span><\/p>\n","protected":false},"featured_media":0,"template":"","meta":{"_monsterinsights_skip_tracking":false,"_monsterinsights_sitenote_active":false,"_monsterinsights_sitenote_note":"","_monsterinsights_sitenote_category":0},"product_brand":[],"product_cat":[12274,12284],"product_tag":[],"class_list":{"0":"post-718508","1":"product","2":"type-product","3":"status-publish","5":"product_cat-cocuk-ve-genclik-kitaplari","6":"product_cat-hikayeler","7":"pa_cilt-ciltsiz","8":"pa_tur-kitap","9":"pa_yayinevi-dogan-egmont-yayincilik","10":"pa_yazar-banu-savu","12":"first","13":"instock","14":"sale","15":"shipping-taxable","16":"purchasable","17":"product-type-simple"},"_links":{"self":[{"href":"https:\/\/roveyayinevi.com.tr\/index.php\/wp-json\/wp\/v2\/product\/718508","targetHints":{"allow":["GET"]}}],"collection":[{"href":"https:\/\/roveyayinevi.com.tr\/index.php\/wp-json\/wp\/v2\/product"}],"about":[{"href":"https:\/\/roveyayinevi.com.tr\/index.php\/wp-json\/wp\/v2\/types\/product"}],"wp:attachment":[{"href":"https:\/\/roveyayinevi.com.tr\/index.php\/wp-json\/wp\/v2\/media?parent=718508"}],"wp:term":[{"taxonomy":"product_brand","embeddable":true,"href":"https:\/\/roveyayinevi.com.tr\/index.php\/wp-json\/wp\/v2\/product_brand?post=718508"},{"taxonomy":"product_cat","embeddable":true,"href":"https:\/\/roveyayinevi.com.tr\/index.php\/wp-json\/wp\/v2\/product_cat?post=718508"},{"taxonomy":"product_tag","embeddable":true,"href":"https:\/\/roveyayinevi.com.tr\/index.php\/wp-json\/wp\/v2\/product_tag?post=718508"}],"curies":[{"name":"wp","href":"https:\/\/api.w.org\/{rel}","templated":true}]}}