{"id":718506,"date":"2025-08-27T18:09:45","date_gmt":"2025-08-27T15:09:45","guid":{"rendered":"https:\/\/roveyayinevi.com.tr\/index.php\/urun\/zamana-degen-sorular\/"},"modified":"2026-04-16T02:26:43","modified_gmt":"2026-04-15T23:26:43","slug":"zamana-degen-sorular","status":"publish","type":"product","link":"https:\/\/roveyayinevi.com.tr\/index.php\/urun\/zamana-degen-sorular\/","title":{"rendered":"Zamana De\u011fen Sorular"},"content":{"rendered":"<p>T\u00fcrkiye\u2019de kad\u0131n haklar\u0131 konusunda yazarak, gazetecilik yaparak, bu konuya \u00f6mr\u00fcn\u00fc adayarak hayata veda eden Duygu Asena, Zamana De\u011fen Sorular\u2019da da misyonunu s\u00fcrd\u00fcr\u00fcyor. Sadece iyi s\u00f6yle\u015filer yapmakla kalm\u0131yor, toplumda rol model olmu\u015f ki\u015filere, kad\u0131n-erkek e\u015fitli\u011fi konusunda sorduklar\u0131yla, ald\u0131\u011f\u0131 akl\u0131na yatmayan kimi cevaplara yapt\u0131\u011f\u0131 itirazlarla kad\u0131nl\u0131k bilgimize bug\u00fcn bile b\u00fcy\u00fck katk\u0131lar sa\u011fl\u0131yor. \u00d6zetle, \u015fahane bir kitap elinizde tuttu\u011funuz. Bitirdi\u011finizde, hayata ve insana dair birka\u00e7 roman okumu\u015f gibi hissedece\u011finizi garanti ederim. Filiz Ayg\u00fcnd\u00fcz Zamana De\u011fen Sorular, Duygu Asena\u2019n\u0131n 1980\u2019li y\u0131llarda \u00e7e\u015fitli gazetelerde yay\u0131mlanm\u0131\u015f r\u00f6portajlar\u0131ndan bir derleme\u2026  O d\u00f6nemin T\u00fcrkiyesi\u2019nin siyaset, sanat, edebiyat, e\u011flence ve spor d\u00fcnyas\u0131n\u0131n en renkli isimleriyle yap\u0131lm\u0131\u015f bu r\u00f6portajlar, bir zamanlar neler yap\u0131yorduk, neleri merak edip nelere \u015fa\u015f\u0131r\u0131yorduk, bunlar\u0131 hat\u0131rlamak i\u00e7in de \u00e7ok de\u011ferli bir belge niteli\u011fi ta\u015f\u0131yor.  <\/p>\n","protected":false},"excerpt":{"rendered":"<p>T\u00fcrkiye\u2019de kad\u0131n haklar\u0131 konusunda yazarak, gazetecilik yaparak, bu konuya \u00f6mr\u00fcn\u00fc adayarak hayata veda eden Duygu Asena, Zamana De\u011fen Sorular\u2019da da misyonunu s\u00fcrd\u00fcr\u00fcyor. Sadece iyi s\u00f6yle\u015filer yapmakla<span class=\"excerpt-hellip\"> [\u2026]<\/span><\/p>\n","protected":false},"featured_media":0,"template":"","meta":{"_monsterinsights_skip_tracking":false,"_monsterinsights_sitenote_active":false,"_monsterinsights_sitenote_note":"","_monsterinsights_sitenote_category":0},"product_brand":[],"product_cat":[12291,30969],"product_tag":[],"class_list":{"0":"post-718506","1":"product","2":"type-product","3":"status-publish","5":"product_cat-edebiyat","6":"product_cat-soylesi-edebiyat","7":"pa_cilt-ciltsiz","8":"pa_tur-kitap","9":"pa_yayinevi-dogan-kitap","10":"pa_yazar-duygu-asena","12":"first","13":"instock","14":"sale","15":"shipping-taxable","16":"purchasable","17":"product-type-simple"},"_links":{"self":[{"href":"https:\/\/roveyayinevi.com.tr\/index.php\/wp-json\/wp\/v2\/product\/718506","targetHints":{"allow":["GET"]}}],"collection":[{"href":"https:\/\/roveyayinevi.com.tr\/index.php\/wp-json\/wp\/v2\/product"}],"about":[{"href":"https:\/\/roveyayinevi.com.tr\/index.php\/wp-json\/wp\/v2\/types\/product"}],"wp:attachment":[{"href":"https:\/\/roveyayinevi.com.tr\/index.php\/wp-json\/wp\/v2\/media?parent=718506"}],"wp:term":[{"taxonomy":"product_brand","embeddable":true,"href":"https:\/\/roveyayinevi.com.tr\/index.php\/wp-json\/wp\/v2\/product_brand?post=718506"},{"taxonomy":"product_cat","embeddable":true,"href":"https:\/\/roveyayinevi.com.tr\/index.php\/wp-json\/wp\/v2\/product_cat?post=718506"},{"taxonomy":"product_tag","embeddable":true,"href":"https:\/\/roveyayinevi.com.tr\/index.php\/wp-json\/wp\/v2\/product_tag?post=718506"}],"curies":[{"name":"wp","href":"https:\/\/api.w.org\/{rel}","templated":true}]}}