{"id":718505,"date":"2025-08-27T18:09:44","date_gmt":"2025-08-27T15:09:44","guid":{"rendered":"https:\/\/roveyayinevi.com.tr\/index.php\/urun\/astropanda\/"},"modified":"2026-04-16T02:26:43","modified_gmt":"2026-04-15T23:26:43","slug":"astropanda","status":"publish","type":"product","link":"https:\/\/roveyayinevi.com.tr\/index.php\/urun\/astropanda\/","title":{"rendered":"Astropanda"},"content":{"rendered":"<p>Astrobot&#8230; \u0130\u015fte orada, kutunun i\u00e7inde, \u00e7elik uzay kanatlar\u0131 a\u00e7\u0131lm\u0131\u015f, koruyucu cam ba\u015fl\u0131\u011f\u0131 ve roket kollar\u0131yla duruyordu, devasa bir robottu. Ahmet, bu oyunca\u011f\u0131 \u00e7ok istiyordu. Ne yap\u0131p edip Astrobot\u2019u babas\u0131na ald\u0131rmal\u0131yd\u0131 ama onu almakla bitmiyordu ki! Galaksi hal\u0131s\u0131, uzay gemisi \u00e7ad\u0131r\u0131 ve astronot k\u0131yafetleri de gerekiyordu&#8230; Bunu \u00f6\u011frenen babas\u0131n\u0131n, Ahmet\u2019e bir \u00f6nerisi vard\u0131. Ahmet, bu oyuncakla neler yapabilece\u011fini d\u00fc\u015f\u00fcnecek, hayal kuracak ve h\u00e2l\u00e2 oynamak istiyorsa bir hafta sonra babas\u0131yla gelip Astrobot\u2019u alacaklard\u0131. \u0130lk ba\u015fta bu \u00f6neriye pek s\u0131cak bakmayan Ahmet, kendini \u00f6yle bir maceran\u0131n i\u00e7inde buldu ki, bir haftan\u0131n nas\u0131l ge\u00e7ti\u011fini bile anlamad\u0131. Bu arada eski bir dostuyla \u00e7ok e\u011flenmi\u015f, annesiyle \u00e7ok g\u00fczel zaman ge\u00e7irmi\u015f ve yeni bir arkada\u015f edinmi\u015fti: Astropanda! <\/p>\n","protected":false},"excerpt":{"rendered":"<p>Astrobot&#8230; \u0130\u015fte orada, kutunun i\u00e7inde, \u00e7elik uzay kanatlar\u0131 a\u00e7\u0131lm\u0131\u015f, koruyucu cam ba\u015fl\u0131\u011f\u0131 ve roket kollar\u0131yla duruyordu, devasa bir robottu. Ahmet, bu oyunca\u011f\u0131 \u00e7ok istiyordu. Ne yap\u0131p<span class=\"excerpt-hellip\"> [\u2026]<\/span><\/p>\n","protected":false},"featured_media":0,"template":"","meta":{"_monsterinsights_skip_tracking":false,"_monsterinsights_sitenote_active":false,"_monsterinsights_sitenote_note":"","_monsterinsights_sitenote_category":0},"product_brand":[],"product_cat":[12274,12284],"product_tag":[],"class_list":{"0":"post-718505","1":"product","2":"type-product","3":"status-publish","5":"product_cat-cocuk-ve-genclik-kitaplari","6":"product_cat-hikayeler","7":"pa_cilt-ciltsiz","8":"pa_tur-kitap","9":"pa_yayinevi-kirmizi-kedi-yayinevi","10":"pa_yazar-melis-avci-bulent-avci","12":"first","13":"instock","14":"sale","15":"shipping-taxable","16":"purchasable","17":"product-type-simple"},"_links":{"self":[{"href":"https:\/\/roveyayinevi.com.tr\/index.php\/wp-json\/wp\/v2\/product\/718505","targetHints":{"allow":["GET"]}}],"collection":[{"href":"https:\/\/roveyayinevi.com.tr\/index.php\/wp-json\/wp\/v2\/product"}],"about":[{"href":"https:\/\/roveyayinevi.com.tr\/index.php\/wp-json\/wp\/v2\/types\/product"}],"wp:attachment":[{"href":"https:\/\/roveyayinevi.com.tr\/index.php\/wp-json\/wp\/v2\/media?parent=718505"}],"wp:term":[{"taxonomy":"product_brand","embeddable":true,"href":"https:\/\/roveyayinevi.com.tr\/index.php\/wp-json\/wp\/v2\/product_brand?post=718505"},{"taxonomy":"product_cat","embeddable":true,"href":"https:\/\/roveyayinevi.com.tr\/index.php\/wp-json\/wp\/v2\/product_cat?post=718505"},{"taxonomy":"product_tag","embeddable":true,"href":"https:\/\/roveyayinevi.com.tr\/index.php\/wp-json\/wp\/v2\/product_tag?post=718505"}],"curies":[{"name":"wp","href":"https:\/\/api.w.org\/{rel}","templated":true}]}}