{"id":718504,"date":"2025-08-27T18:09:43","date_gmt":"2025-08-27T15:09:43","guid":{"rendered":"https:\/\/roveyayinevi.com.tr\/index.php\/urun\/kruso\/"},"modified":"2026-04-16T02:26:43","modified_gmt":"2026-04-15T23:26:43","slug":"kruso","status":"publish","type":"product","link":"https:\/\/roveyayinevi.com.tr\/index.php\/urun\/kruso\/","title":{"rendered":"Kruso"},"content":{"rendered":"<p>Kruso hakl\u0131yd\u0131. Kimse kaybolup gitmez. Kimse sonsuza dek \u00f6zlemez. Gen\u00e7 bir edebiyat \u00f6\u011frencisi olan Ed, 1989\u2019da tarif edilemez bir trajediden ka\u00e7arak hippileri, idealistleri ve Do\u011fu Almanya\u2019dan gelen turistleriyle tan\u0131nan Balt\u0131k Adas\u0131 Hiddensee\u2019ye gelir. Adan\u0131n en pop\u00fcler restoran\u0131 olan Klausner\u2019da bula\u015f\u0131k\u00e7\u0131l\u0131k yaparken mevsimlik i\u015f\u00e7ilerin resmi olmayan karizmatik lideri Kruso\u2019yla tan\u0131\u015f\u0131p onun etkisi alt\u0131na girer. Adan\u0131n rit\u00fcellerinin derinlerine \u00e7ekilirken Kruso\u2019nun kabul ve \u015fefkatine ihtiya\u00e7 duymaktad\u0131r. Tarih, Alman Demokratik Cumhuriyeti&#8217;ni y\u0131karken bir\u00e7ok adal\u0131 Danimarka\u2019ya, \u00f6zg\u00fcrl\u00fc\u011fe y\u00fczmeye \u00e7al\u0131\u015f\u0131r. Baz\u0131lar\u0131 ka\u00e7ar ama \u00e7o\u011fu bo\u011fulur. Art\u0131k adadaki ya\u015fam asla eskisi gibi olmayacakt\u0131r. Ada s\u0131\u011f\u0131na\u011f\u0131n\u0131 Do\u011fu Alman sosyalizminin \u00f6lmekte olan g\u00fcnlerine adapte eden kaygan ve esrarengiz bir bildungsroman\u20262014 Alman Kitap \u00d6d\u00fcl\u00fc2014 Uwe Johnson \u00d6d\u00fcl\u00fc<\/p>\n","protected":false},"excerpt":{"rendered":"<p>Kruso hakl\u0131yd\u0131. Kimse kaybolup gitmez. Kimse sonsuza dek \u00f6zlemez. Gen\u00e7 bir edebiyat \u00f6\u011frencisi olan Ed, 1989\u2019da tarif edilemez bir trajediden ka\u00e7arak hippileri, idealistleri ve Do\u011fu Almanya\u2019dan<span class=\"excerpt-hellip\"> [\u2026]<\/span><\/p>\n","protected":false},"featured_media":0,"template":"","meta":{"_monsterinsights_skip_tracking":false,"_monsterinsights_sitenote_active":false,"_monsterinsights_sitenote_note":"","_monsterinsights_sitenote_category":0},"product_brand":[],"product_cat":[12291,12711],"product_tag":[],"class_list":{"0":"post-718504","1":"product","2":"type-product","3":"status-publish","5":"product_cat-edebiyat","6":"product_cat-roman-oyku","7":"pa_cilt-ciltsiz","8":"pa_tur-kitap","9":"pa_yayinevi-alabanda-yayin","10":"pa_yazar-lutz-seiler","12":"first","13":"instock","14":"sale","15":"shipping-taxable","16":"purchasable","17":"product-type-simple"},"_links":{"self":[{"href":"https:\/\/roveyayinevi.com.tr\/index.php\/wp-json\/wp\/v2\/product\/718504","targetHints":{"allow":["GET"]}}],"collection":[{"href":"https:\/\/roveyayinevi.com.tr\/index.php\/wp-json\/wp\/v2\/product"}],"about":[{"href":"https:\/\/roveyayinevi.com.tr\/index.php\/wp-json\/wp\/v2\/types\/product"}],"wp:attachment":[{"href":"https:\/\/roveyayinevi.com.tr\/index.php\/wp-json\/wp\/v2\/media?parent=718504"}],"wp:term":[{"taxonomy":"product_brand","embeddable":true,"href":"https:\/\/roveyayinevi.com.tr\/index.php\/wp-json\/wp\/v2\/product_brand?post=718504"},{"taxonomy":"product_cat","embeddable":true,"href":"https:\/\/roveyayinevi.com.tr\/index.php\/wp-json\/wp\/v2\/product_cat?post=718504"},{"taxonomy":"product_tag","embeddable":true,"href":"https:\/\/roveyayinevi.com.tr\/index.php\/wp-json\/wp\/v2\/product_tag?post=718504"}],"curies":[{"name":"wp","href":"https:\/\/api.w.org\/{rel}","templated":true}]}}