{"id":718503,"date":"2025-08-27T18:09:42","date_gmt":"2025-08-27T15:09:42","guid":{"rendered":"https:\/\/roveyayinevi.com.tr\/index.php\/urun\/karsilasmalar-3\/"},"modified":"2026-04-16T02:26:43","modified_gmt":"2026-04-15T23:26:43","slug":"karsilasmalar-3","status":"publish","type":"product","link":"https:\/\/roveyayinevi.com.tr\/index.php\/urun\/karsilasmalar-3\/","title":{"rendered":"Kar\u015f\u0131la\u015fmalar"},"content":{"rendered":"<p>\u201cHi\u00e7bir zaman tatmin edemedi\u011fi Tarih Mele\u011fi taraf\u0131ndan \u00f6ld\u00fcr\u00fclm\u00fc\u015ft\u00fc hi\u00e7 ku\u015fkusuz. Onu \u00f6ld\u00fcren en bariz \u015feyse genellikle alayc\u0131 bir \u015fekilde tetikte bekleyip en sonunda her zaman sahnede belirerek daha \u00f6nce ger\u00e7ekle\u015fmi\u015f olan her \u015feyin, her \u00e7\u0131tk\u0131r\u0131ld\u0131m ad\u0131m ve irkilmenin, g\u00f6z\u00fcn her titre\u015fiminin, kalpten hissedilmi\u015f her \u00e7izginin ve rasgele her jestin yazarl\u0131\u011f\u0131n\u0131 \u00fcstelenen Zaman\u2019d\u0131.\u201d Walter Benjamin\u2019in 1940 y\u0131l\u0131nda Nazi Almanya\u2019s\u0131n\u0131n Fransa&#8217;y\u0131 i\u015fgalinin hemen ard\u0131ndan Paris\u2019ten ka\u00e7\u0131\u015f\u0131yla ba\u015flayan Kar\u015f\u0131la\u015fmalar Benjamin\u2019in tutkular\u0131yla tuhafl\u0131klar\u0131n\u0131n pe\u015fine d\u00fc\u015f\u00fcp \u00f6l\u00fcm\u00fcn\u00fcn matemini tutuyor.Felsefe tart\u0131\u015fmalar\u0131, Nazi i\u015fgali, sava\u015f ve ka\u00e7\u0131\u015f ekseninde ilerleyen, Bertolt Brecht, Gershom Scholem, Hannah Arendt gibi isimlerin de yer ald\u0131\u011f\u0131 romanda, Benjamin arkada\u015flar\u0131 ve ailesi, a\u015fklar\u0131 ve yaln\u0131zl\u0131\u011f\u0131, hayat\u0131 ve intihar\u0131, g\u00f6z\u00fcnden sak\u0131nd\u0131\u011f\u0131 elyazmas\u0131 sayfalar vas\u0131tas\u0131yla  yeniden ete kemi\u011fe b\u00fcr\u00fcn\u00fcrken hayat hik\u00e2yesi de yirminci y\u00fczy\u0131l\u0131n ortas\u0131nda d\u00fcnyay\u0131 yak\u0131p y\u0131kan korkun\u00e7 sava\u015f\u0131n g\u00fc\u00e7l\u00fc bir metaforuna d\u00f6n\u00fc\u015f\u00fcyor.  <\/p>\n","protected":false},"excerpt":{"rendered":"<p>\u201cHi\u00e7bir zaman tatmin edemedi\u011fi Tarih Mele\u011fi taraf\u0131ndan \u00f6ld\u00fcr\u00fclm\u00fc\u015ft\u00fc hi\u00e7 ku\u015fkusuz. Onu \u00f6ld\u00fcren en bariz \u015feyse genellikle alayc\u0131 bir \u015fekilde tetikte bekleyip en sonunda her zaman sahnede<span class=\"excerpt-hellip\"> [\u2026]<\/span><\/p>\n","protected":false},"featured_media":0,"template":"","meta":{"_monsterinsights_skip_tracking":false,"_monsterinsights_sitenote_active":false,"_monsterinsights_sitenote_note":"","_monsterinsights_sitenote_category":0},"product_brand":[],"product_cat":[12291,12711],"product_tag":[],"class_list":{"0":"post-718503","1":"product","2":"type-product","3":"status-publish","5":"product_cat-edebiyat","6":"product_cat-roman-oyku","7":"pa_cilt-ciltsiz","8":"pa_tur-kitap","9":"pa_yayinevi-kolektif-kitap","10":"pa_yazar-jay-parini","12":"first","13":"instock","14":"sale","15":"shipping-taxable","16":"purchasable","17":"product-type-simple"},"_links":{"self":[{"href":"https:\/\/roveyayinevi.com.tr\/index.php\/wp-json\/wp\/v2\/product\/718503","targetHints":{"allow":["GET"]}}],"collection":[{"href":"https:\/\/roveyayinevi.com.tr\/index.php\/wp-json\/wp\/v2\/product"}],"about":[{"href":"https:\/\/roveyayinevi.com.tr\/index.php\/wp-json\/wp\/v2\/types\/product"}],"wp:attachment":[{"href":"https:\/\/roveyayinevi.com.tr\/index.php\/wp-json\/wp\/v2\/media?parent=718503"}],"wp:term":[{"taxonomy":"product_brand","embeddable":true,"href":"https:\/\/roveyayinevi.com.tr\/index.php\/wp-json\/wp\/v2\/product_brand?post=718503"},{"taxonomy":"product_cat","embeddable":true,"href":"https:\/\/roveyayinevi.com.tr\/index.php\/wp-json\/wp\/v2\/product_cat?post=718503"},{"taxonomy":"product_tag","embeddable":true,"href":"https:\/\/roveyayinevi.com.tr\/index.php\/wp-json\/wp\/v2\/product_tag?post=718503"}],"curies":[{"name":"wp","href":"https:\/\/api.w.org\/{rel}","templated":true}]}}