{"id":718501,"date":"2025-08-27T18:09:41","date_gmt":"2025-08-27T15:09:41","guid":{"rendered":"https:\/\/roveyayinevi.com.tr\/index.php\/urun\/toz\/"},"modified":"2026-04-16T02:26:43","modified_gmt":"2026-04-15T23:26:43","slug":"toz","status":"publish","type":"product","link":"https:\/\/roveyayinevi.com.tr\/index.php\/urun\/toz\/","title":{"rendered":"Toz"},"content":{"rendered":"<p>\u201c\u0130nce \u015feylerin hat\u0131r\u0131n\u0131 g\u00f6zeten\u201d minima dizimizin ikinci kitab\u0131 olan Toz\u2019a, \u201cOnunla ne kadar sava\u015f\u0131rsan\u0131z sava\u015f\u0131n, toz her \u015feye sirayet eder. Kabar\u0131k topaklar, hatt\u00e2 katmanlar halinde toplan\u0131r, \u015feylerin hatlar\u0131na uydurur kendini ve zaman\u0131n ak\u0131\u015f\u0131n\u0131 i\u015faretler. Kendi i\u00e7inde, bir toplanma yeridir de, olmu\u015f ve olacak olandan m\u00fcrekkep geli\u015fig\u00fczel bir topluluk, bir izler katalo\u011fu, bir tehditler envanteri ve bir vaatler k\u00fcmesi,\u201d diyerek ba\u015fl\u0131yor Michael Marder.\u00dczerine e\u011fildi\u011fi konuyu, t\u0131pk\u0131 s\u0131n\u0131r tan\u0131mayan tozun, bu ince \u015feyin kendisi gibi, \u00e7e\u015fitli teoriler aras\u0131nda k\u00f6pr\u00fcler kurarak inceleyen bu disiplinleraras\u0131 \u00e7al\u0131\u015fma, g\u00fcndelik hayata, sanata ve edebiyata da s\u0131k\u00e7a g\u00f6ndermede bulunuyor. Bug\u00fcn varolu\u015f, biraradal\u0131k ve adalet hakk\u0131nda d\u00fc\u015f\u00fcnmek istiyorsak, kendimize toz kondurmamam\u0131za neden olan insan-merkezci kibirden s\u0131yr\u0131lmam\u0131z\u0131 sa\u011flayacak tozun bize kimi anahtarlar sunabilece\u011fini g\u00f6steriyor.Toz\u2019u okuduktan sonra, i\u00e7inde bulundu\u011funuz ve ad\u0131m att\u0131\u011f\u0131n\u0131z her yere farkl\u0131 bir g\u00f6zle bakacaks\u0131n\u0131z.\u201cToz, m\u00fccevher niteli\u011finde bir felsefi metin.\u201dMarcia S\u00e1 Cavalcante Schuback, S\u00f6dert\u00f6rn \u00dcniversitesi Felsefe Profes\u00f6r\u00fc\u201cBu kitap kelimenin tam anlam\u0131yla y\u00fczeysel, ama insanlar\u0131n t\u00fcm yap\u0131p ettiklerinin olmazsa olmaz bir par\u00e7as\u0131 olan, kendimiz de toza d\u00f6n\u00fc\u015fene dek bize oldum olas\u0131 e\u015flik eden bir \u015feyin sorgu sual edilmeyen derinliklerine dal\u0131yor.\u201dEdward S. Casey, State University of New York at Stony Brook Felsefe Profes\u00f6r\u00fc<\/p>\n","protected":false},"excerpt":{"rendered":"<p>\u201c\u0130nce \u015feylerin hat\u0131r\u0131n\u0131 g\u00f6zeten\u201d minima dizimizin ikinci kitab\u0131 olan Toz\u2019a, \u201cOnunla ne kadar sava\u015f\u0131rsan\u0131z sava\u015f\u0131n, toz her \u015feye sirayet eder. Kabar\u0131k topaklar, hatt\u00e2 katmanlar halinde toplan\u0131r,<span class=\"excerpt-hellip\"> [\u2026]<\/span><\/p>\n","protected":false},"featured_media":0,"template":"","meta":{"_monsterinsights_skip_tracking":false,"_monsterinsights_sitenote_active":false,"_monsterinsights_sitenote_note":"","_monsterinsights_sitenote_category":0},"product_brand":[],"product_cat":[12777,12291],"product_tag":[],"class_list":{"0":"post-718501","1":"product","2":"type-product","3":"status-publish","5":"product_cat-deneme","6":"product_cat-edebiyat","7":"pa_cilt-ciltsiz","8":"pa_tur-kitap","9":"pa_yayinevi-ithaki-yayinlari","10":"pa_yazar-michael-marder","12":"first","13":"instock","14":"sale","15":"shipping-taxable","16":"purchasable","17":"product-type-simple"},"_links":{"self":[{"href":"https:\/\/roveyayinevi.com.tr\/index.php\/wp-json\/wp\/v2\/product\/718501","targetHints":{"allow":["GET"]}}],"collection":[{"href":"https:\/\/roveyayinevi.com.tr\/index.php\/wp-json\/wp\/v2\/product"}],"about":[{"href":"https:\/\/roveyayinevi.com.tr\/index.php\/wp-json\/wp\/v2\/types\/product"}],"wp:attachment":[{"href":"https:\/\/roveyayinevi.com.tr\/index.php\/wp-json\/wp\/v2\/media?parent=718501"}],"wp:term":[{"taxonomy":"product_brand","embeddable":true,"href":"https:\/\/roveyayinevi.com.tr\/index.php\/wp-json\/wp\/v2\/product_brand?post=718501"},{"taxonomy":"product_cat","embeddable":true,"href":"https:\/\/roveyayinevi.com.tr\/index.php\/wp-json\/wp\/v2\/product_cat?post=718501"},{"taxonomy":"product_tag","embeddable":true,"href":"https:\/\/roveyayinevi.com.tr\/index.php\/wp-json\/wp\/v2\/product_tag?post=718501"}],"curies":[{"name":"wp","href":"https:\/\/api.w.org\/{rel}","templated":true}]}}