{"id":718497,"date":"2025-08-27T18:09:38","date_gmt":"2025-08-27T15:09:38","guid":{"rendered":"https:\/\/roveyayinevi.com.tr\/index.php\/urun\/istrancali-abdulharis-pasa\/"},"modified":"2026-04-16T02:26:43","modified_gmt":"2026-04-15T23:26:43","slug":"istrancali-abdulharis-pasa","status":"publish","type":"product","link":"https:\/\/roveyayinevi.com.tr\/index.php\/urun\/istrancali-abdulharis-pasa\/","title":{"rendered":"Istrancal\u0131 Abd\u00fclharis Pa\u015fa"},"content":{"rendered":"<p>\u0130lk roman\u0131 Yedikuleli Mansur\u2019la hat\u0131r\u0131 say\u0131l\u0131r bir okur kitlesine ula\u015fan Mehmet Berk Yalt\u0131r\u0131k\u2019tan 17. y\u00fczy\u0131lda ba\u015flay\u0131p g\u00fcn\u00fcm\u00fcze dek ula\u015fan, tarihi kurguyla korkuyu harmanlayan yeni bir kitap.\u201c\u2026 \u00d6\u011fleye do\u011fru g\u00fcnl\u00fck g\u00fcne\u015flik rutin bir bahar havas\u0131nda iki taraf\u0131nda me\u015fe ve kay\u0131n a\u011fa\u00e7lar\u0131n\u0131n y\u00fckseldi\u011fi asude bir yolda ilerliyordu Asil. Alt\u0131nda araba olmasa, asfalt \u00fczerinde h\u0131zla yol al\u0131yor olmasa kendisini ho\u015f bir r\u00fcyan\u0131n i\u00e7inde zannedebilirdi. Buralardaki tabiat\u0131n harikalar\u0131, el de\u011fmemi\u015fli\u011fi insan\u0131 mest ediyordu. Derek\u00f6y S\u0131n\u0131r Kap\u0131s\u0131 yolunda oldu\u011fundan gidi\u015f sebebini an\u0131msay\u0131nca can\u0131 s\u0131k\u0131ld\u0131. B\u00f6yle yery\u00fcz\u00fcndeki cennet k\u00f6\u015fesi bir yerin mazisinde nas\u0131l kanl\u0131 ve \u00fcrk\u00fcn\u00e7 hik\u00e2yeler olabilirdi?\u201dBir ailenin ve bir ismin pe\u015fine d\u00fc\u015fen gen\u00e7 bir ara\u015ft\u0131rmac\u0131, kendini bir anda asilerin, e\u015fk\u0131yalar\u0131n, haramilerin, hayduklar\u0131n, ayanlar\u0131n ve komitac\u0131lar\u0131n aras\u0131nda, zaferlerin ve bozgunlar\u0131n heng\u00e2mesinde, soygun masallar\u0131n\u0131n ve kocakar\u0131 hik\u00e2yelerinin ortas\u0131nda buluverir. Tarihle ba\u015flayan yolculu\u011fu, ruhunun ve Istrancalar\u0131n kuytular\u0131na sapm\u0131\u015fken korkulu Balkan rivayetleriyle giri\u015fti\u011fi amans\u0131z bo\u011fu\u015fma nas\u0131l nihayete erecektir?H\u0131rs\u0131n\u0131n k\u00f6lesi derebeylerinin, geceleri dola\u015f\u0131p kap\u0131y\u0131 pencereyi t\u0131rmalayan \u015feylerin, insan suretli canavarlar\u0131n, efsaneyle hakikatin birbirine kar\u0131\u015f\u0131p tarihin sislerinin ard\u0131na g\u00f6m\u00fclen bu roman, k\u00e2h kanl\u0131 bask\u0131nlara tutulan k\u00e2h geleneklerin kam\u00e7\u0131s\u0131 alt\u0131nda inleyen Balkan tarihine uzanan karanl\u0131k bir ara\u015ft\u0131rman\u0131n ser\u00fcveni.Istrancal\u0131 Abd\u00fclharis Pa\u015fa, zaman\u0131n yava\u015f akt\u0131\u011f\u0131 bir co\u011frafyada \u00fcrpertili bir aray\u0131\u015f\u0131n roman\u0131\u2026<\/p>\n","protected":false},"excerpt":{"rendered":"<p>\u0130lk roman\u0131 Yedikuleli Mansur\u2019la hat\u0131r\u0131 say\u0131l\u0131r bir okur kitlesine ula\u015fan Mehmet Berk Yalt\u0131r\u0131k\u2019tan 17. y\u00fczy\u0131lda ba\u015flay\u0131p g\u00fcn\u00fcm\u00fcze dek ula\u015fan, tarihi kurguyla korkuyu harmanlayan yeni bir kitap.\u201c\u2026<span class=\"excerpt-hellip\"> [\u2026]<\/span><\/p>\n","protected":false},"featured_media":0,"template":"","meta":{"_monsterinsights_skip_tracking":false,"_monsterinsights_sitenote_active":false,"_monsterinsights_sitenote_note":"","_monsterinsights_sitenote_category":0},"product_brand":[],"product_cat":[12291,12711],"product_tag":[],"class_list":{"0":"post-718497","1":"product","2":"type-product","3":"status-publish","5":"product_cat-edebiyat","6":"product_cat-roman-oyku","7":"pa_cilt-ciltsiz","8":"pa_tur-kitap","9":"pa_yayinevi-ithaki-yayinlari","10":"pa_yazar-mehmet-berk-yaltirik","12":"first","13":"instock","14":"sale","15":"shipping-taxable","16":"purchasable","17":"product-type-simple"},"_links":{"self":[{"href":"https:\/\/roveyayinevi.com.tr\/index.php\/wp-json\/wp\/v2\/product\/718497","targetHints":{"allow":["GET"]}}],"collection":[{"href":"https:\/\/roveyayinevi.com.tr\/index.php\/wp-json\/wp\/v2\/product"}],"about":[{"href":"https:\/\/roveyayinevi.com.tr\/index.php\/wp-json\/wp\/v2\/types\/product"}],"wp:attachment":[{"href":"https:\/\/roveyayinevi.com.tr\/index.php\/wp-json\/wp\/v2\/media?parent=718497"}],"wp:term":[{"taxonomy":"product_brand","embeddable":true,"href":"https:\/\/roveyayinevi.com.tr\/index.php\/wp-json\/wp\/v2\/product_brand?post=718497"},{"taxonomy":"product_cat","embeddable":true,"href":"https:\/\/roveyayinevi.com.tr\/index.php\/wp-json\/wp\/v2\/product_cat?post=718497"},{"taxonomy":"product_tag","embeddable":true,"href":"https:\/\/roveyayinevi.com.tr\/index.php\/wp-json\/wp\/v2\/product_tag?post=718497"}],"curies":[{"name":"wp","href":"https:\/\/api.w.org\/{rel}","templated":true}]}}