{"id":718496,"date":"2025-08-27T18:09:37","date_gmt":"2025-08-27T15:09:37","guid":{"rendered":"https:\/\/roveyayinevi.com.tr\/index.php\/urun\/girdap-2\/"},"modified":"2026-04-16T02:26:43","modified_gmt":"2026-04-15T23:26:43","slug":"girdap-2","status":"publish","type":"product","link":"https:\/\/roveyayinevi.com.tr\/index.php\/urun\/girdap-2\/","title":{"rendered":"Girdap"},"content":{"rendered":"<p>Locus En \u0130yi Bilimkurgu Roman\u0131 \u00d6d\u00fcl\u00fc Aday\u0131 Robert Charles Wilson\u2019\u0131n, milenyum sonras\u0131 bilimkurgu edebiyat\u0131n\u0131n en b\u00fcy\u00fck serilerinden biri olarak kabul edilen \u00f6d\u00fcll\u00fc \u201cD\u00f6n\u00fc\u015f \u00dc\u00e7lemesi\u201d, Girdap ile sona eriyor. Gizemli g\u00fc\u00e7 Varsay\u0131msallar taraf\u0131ndan on bin y\u0131l sonras\u0131na g\u00f6nderilen Turk Findley\u2019nin zaman\u0131nda D\u00fcnya gezegeni karantina alt\u0131na al\u0131nm\u0131\u015f, hayat\u0131n sona ermek \u00fczere oldu\u011fu bir yerdir ve insanlar Varsay\u0131msal ge\u00e7itlerin birbirine ba\u011flad\u0131\u011f\u0131 gezegenlerde hayatlar\u0131n\u0131 s\u00fcrd\u00fcrmektedir. Turk ve gen\u00e7 dostu Isaac\u2019in bulundu\u011fu gelecekteki evren ve toplum \u00f6ncekinden olduk\u00e7a farkl\u0131d\u0131r. Turk, d\u00fcnyadan d\u00fcnyaya gezerek Varsay\u0131msallar\u2019a ula\u015fmaya \u00e7al\u0131\u015fan Vox adl\u0131 bir tarikat\u0131n elindedir ve bu tarikat, ama\u00e7lar\u0131 i\u00e7in ondan faydalanmay\u0131 planlar. Turk\u2019\u00fcn evrenin sonuna yap\u0131lacak bu tehlikeli ve uzun yolculuktan \u00f6nce Varsay\u0131msallar\u2019\u0131n do\u011fas\u0131 ve amac\u0131n\u0131 \u00e7\u00f6zmesi gerekmektedir. <\/p>\n","protected":false},"excerpt":{"rendered":"<p>Locus En \u0130yi Bilimkurgu Roman\u0131 \u00d6d\u00fcl\u00fc Aday\u0131 Robert Charles Wilson\u2019\u0131n, milenyum sonras\u0131 bilimkurgu edebiyat\u0131n\u0131n en b\u00fcy\u00fck serilerinden biri olarak kabul edilen \u00f6d\u00fcll\u00fc \u201cD\u00f6n\u00fc\u015f \u00dc\u00e7lemesi\u201d, Girdap ile<span class=\"excerpt-hellip\"> [\u2026]<\/span><\/p>\n","protected":false},"featured_media":0,"template":"","meta":{"_monsterinsights_skip_tracking":false,"_monsterinsights_sitenote_active":false,"_monsterinsights_sitenote_note":"","_monsterinsights_sitenote_category":0},"product_brand":[],"product_cat":[12540,12291],"product_tag":[],"class_list":{"0":"post-718496","1":"product","2":"type-product","3":"status-publish","5":"product_cat-bilim-kurgu","6":"product_cat-edebiyat","7":"pa_cilt-ciltsiz","8":"pa_tur-kitap","9":"pa_yayinevi-ithaki-yayinlari","10":"pa_yazar-robert-charles-wilson","12":"first","13":"instock","14":"sale","15":"shipping-taxable","16":"purchasable","17":"product-type-simple"},"_links":{"self":[{"href":"https:\/\/roveyayinevi.com.tr\/index.php\/wp-json\/wp\/v2\/product\/718496","targetHints":{"allow":["GET"]}}],"collection":[{"href":"https:\/\/roveyayinevi.com.tr\/index.php\/wp-json\/wp\/v2\/product"}],"about":[{"href":"https:\/\/roveyayinevi.com.tr\/index.php\/wp-json\/wp\/v2\/types\/product"}],"wp:attachment":[{"href":"https:\/\/roveyayinevi.com.tr\/index.php\/wp-json\/wp\/v2\/media?parent=718496"}],"wp:term":[{"taxonomy":"product_brand","embeddable":true,"href":"https:\/\/roveyayinevi.com.tr\/index.php\/wp-json\/wp\/v2\/product_brand?post=718496"},{"taxonomy":"product_cat","embeddable":true,"href":"https:\/\/roveyayinevi.com.tr\/index.php\/wp-json\/wp\/v2\/product_cat?post=718496"},{"taxonomy":"product_tag","embeddable":true,"href":"https:\/\/roveyayinevi.com.tr\/index.php\/wp-json\/wp\/v2\/product_tag?post=718496"}],"curies":[{"name":"wp","href":"https:\/\/api.w.org\/{rel}","templated":true}]}}