{"id":718494,"date":"2025-08-27T18:09:36","date_gmt":"2025-08-27T15:09:36","guid":{"rendered":"https:\/\/roveyayinevi.com.tr\/index.php\/urun\/helal-kitap\/"},"modified":"2026-04-16T02:26:43","modified_gmt":"2026-04-15T23:26:43","slug":"helal-kitap","status":"publish","type":"product","link":"https:\/\/roveyayinevi.com.tr\/index.php\/urun\/helal-kitap\/","title":{"rendered":"Helal Kitap"},"content":{"rendered":"<p>Birinci B\u00f6l\u00fcm Helal G\u0131da ve Helal G\u0131da Sertifikas\u0131 Kavramlar\u0131 \u0130kinci B\u00f6l\u00fcm Kobi Kavram\u0131 ve G\u0131da \u0130\u015fletmeleri \u00dc\u00e7\u00fcnc\u00fc B\u00f6l\u00fcm Ara\u015ft\u0131rman\u0131n Y\u00f6ntemi D\u00f6rd\u00fcnc\u00fc B\u00f6l\u00fcm Ara\u015ft\u0131rma Bulgular\u0131 <\/p>\n","protected":false},"excerpt":{"rendered":"<p>Birinci B\u00f6l\u00fcm Helal G\u0131da ve Helal G\u0131da Sertifikas\u0131 Kavramlar\u0131 \u0130kinci B\u00f6l\u00fcm Kobi Kavram\u0131 ve G\u0131da \u0130\u015fletmeleri \u00dc\u00e7\u00fcnc\u00fc B\u00f6l\u00fcm Ara\u015ft\u0131rman\u0131n Y\u00f6ntemi D\u00f6rd\u00fcnc\u00fc B\u00f6l\u00fcm Ara\u015ft\u0131rma Bulgular\u0131<\/p>\n","protected":false},"featured_media":0,"template":"","meta":{"_monsterinsights_skip_tracking":false,"_monsterinsights_sitenote_active":false,"_monsterinsights_sitenote_note":"","_monsterinsights_sitenote_category":0},"product_brand":[],"product_cat":[13043,14381],"product_tag":[],"class_list":{"0":"post-718494","1":"product","2":"type-product","3":"status-publish","5":"product_cat-ekonomi","6":"product_cat-isletme-muhasebe-maliye","7":"pa_cilt-ciltsiz","8":"pa_tur-kitap","9":"pa_yayinevi-gazi-kitabevi","10":"pa_yazar-ilyas-ertugrul-inan","12":"first","13":"instock","14":"sale","15":"shipping-taxable","16":"purchasable","17":"product-type-simple"},"_links":{"self":[{"href":"https:\/\/roveyayinevi.com.tr\/index.php\/wp-json\/wp\/v2\/product\/718494","targetHints":{"allow":["GET"]}}],"collection":[{"href":"https:\/\/roveyayinevi.com.tr\/index.php\/wp-json\/wp\/v2\/product"}],"about":[{"href":"https:\/\/roveyayinevi.com.tr\/index.php\/wp-json\/wp\/v2\/types\/product"}],"wp:attachment":[{"href":"https:\/\/roveyayinevi.com.tr\/index.php\/wp-json\/wp\/v2\/media?parent=718494"}],"wp:term":[{"taxonomy":"product_brand","embeddable":true,"href":"https:\/\/roveyayinevi.com.tr\/index.php\/wp-json\/wp\/v2\/product_brand?post=718494"},{"taxonomy":"product_cat","embeddable":true,"href":"https:\/\/roveyayinevi.com.tr\/index.php\/wp-json\/wp\/v2\/product_cat?post=718494"},{"taxonomy":"product_tag","embeddable":true,"href":"https:\/\/roveyayinevi.com.tr\/index.php\/wp-json\/wp\/v2\/product_tag?post=718494"}],"curies":[{"name":"wp","href":"https:\/\/api.w.org\/{rel}","templated":true}]}}