{"id":718492,"date":"2025-08-27T18:09:35","date_gmt":"2025-08-27T15:09:35","guid":{"rendered":"https:\/\/roveyayinevi.com.tr\/index.php\/urun\/kan-kardesler-2\/"},"modified":"2026-04-16T02:26:43","modified_gmt":"2026-04-15T23:26:43","slug":"kan-kardesler-2","status":"publish","type":"product","link":"https:\/\/roveyayinevi.com.tr\/index.php\/urun\/kan-kardesler-2\/","title":{"rendered":"Kan Karde\u015fler"},"content":{"rendered":"<p>Okula gitmek i\u00e7in yola \u00e7\u0131kan \u00fc\u00e7 k\u00fc\u00e7\u00fck k\u0131z\u0131n ba\u015f\u0131ndan korkun\u00e7 bir kaza ge\u00e7er. Vanessa ya\u015fam\u0131n\u0131 yitirir. Kitty bir bak\u0131mevinde haf\u0131zas\u0131n\u0131 ve konu\u015fma kabiliyetini tamamen yitirmi\u015f bir halde ya\u015famaya mahk\u00fbm olur. Alison ise kaza sonras\u0131nda ge\u00e7irdi\u011fi travma nedeniyle hayata tutunmakta zorlanmaktad\u0131r. Kimileri Vanessa\u2019n\u0131n yas\u0131n\u0131 tutmakta, kimileri ise Kitty\u2019nin eski haline d\u00f6nebilmesi i\u00e7in insan\u00fcst\u00fc \u00e7abalar harcamaktad\u0131r. Ve aradan y\u0131llar y\u0131llar ge\u00e7er&#8230; Tam her \u015fey unutulmaya y\u00fcz tutmu\u015fken Alison\u2019un senelerdir i\u00e7inde sakl\u0131 tuttu\u011fu b\u00fcy\u00fck bir s\u0131rr\u0131n a\u00e7\u0131\u011fa \u00e7\u0131kmas\u0131yla birlikte kazan\u0131n olu\u015f \u015fekli tekrar sorgulanmaya ba\u015flan\u0131r ve y\u0131llard\u0131r planlar yaparak uzaktan olaylar\u0131 izleyen me\u00e7hul biri harekete ge\u00e7mek i\u00e7in uygun zaman\u0131n geldi\u011fine karar verir. Art\u0131k intikam vakti gelmi\u015ftir! <\/p>\n","protected":false},"excerpt":{"rendered":"<p>Okula gitmek i\u00e7in yola \u00e7\u0131kan \u00fc\u00e7 k\u00fc\u00e7\u00fck k\u0131z\u0131n ba\u015f\u0131ndan korkun\u00e7 bir kaza ge\u00e7er. Vanessa ya\u015fam\u0131n\u0131 yitirir. Kitty bir bak\u0131mevinde haf\u0131zas\u0131n\u0131 ve konu\u015fma kabiliyetini tamamen yitirmi\u015f bir<span class=\"excerpt-hellip\"> [\u2026]<\/span><\/p>\n","protected":false},"featured_media":0,"template":"","meta":{"_monsterinsights_skip_tracking":false,"_monsterinsights_sitenote_active":false,"_monsterinsights_sitenote_note":"","_monsterinsights_sitenote_category":0},"product_brand":[],"product_cat":[12291,12711],"product_tag":[],"class_list":{"0":"post-718492","1":"product","2":"type-product","3":"status-publish","5":"product_cat-edebiyat","6":"product_cat-roman-oyku","7":"pa_cilt-ciltsiz","8":"pa_tur-kitap","9":"pa_yayinevi-destek-yayinlari","10":"pa_yazar-jane-corry","12":"first","13":"instock","14":"sale","15":"shipping-taxable","16":"purchasable","17":"product-type-simple"},"_links":{"self":[{"href":"https:\/\/roveyayinevi.com.tr\/index.php\/wp-json\/wp\/v2\/product\/718492","targetHints":{"allow":["GET"]}}],"collection":[{"href":"https:\/\/roveyayinevi.com.tr\/index.php\/wp-json\/wp\/v2\/product"}],"about":[{"href":"https:\/\/roveyayinevi.com.tr\/index.php\/wp-json\/wp\/v2\/types\/product"}],"wp:attachment":[{"href":"https:\/\/roveyayinevi.com.tr\/index.php\/wp-json\/wp\/v2\/media?parent=718492"}],"wp:term":[{"taxonomy":"product_brand","embeddable":true,"href":"https:\/\/roveyayinevi.com.tr\/index.php\/wp-json\/wp\/v2\/product_brand?post=718492"},{"taxonomy":"product_cat","embeddable":true,"href":"https:\/\/roveyayinevi.com.tr\/index.php\/wp-json\/wp\/v2\/product_cat?post=718492"},{"taxonomy":"product_tag","embeddable":true,"href":"https:\/\/roveyayinevi.com.tr\/index.php\/wp-json\/wp\/v2\/product_tag?post=718492"}],"curies":[{"name":"wp","href":"https:\/\/api.w.org\/{rel}","templated":true}]}}