{"id":718491,"date":"2025-08-27T18:09:34","date_gmt":"2025-08-27T15:09:34","guid":{"rendered":"https:\/\/roveyayinevi.com.tr\/index.php\/urun\/sevebilmek\/"},"modified":"2026-04-16T02:26:43","modified_gmt":"2026-04-15T23:26:43","slug":"sevebilmek","status":"publish","type":"product","link":"https:\/\/roveyayinevi.com.tr\/index.php\/urun\/sevebilmek\/","title":{"rendered":"Sevebilmek"},"content":{"rendered":"<p>\u0130li\u015fkilerin b\u00fcy\u00fcs\u00fcn\u00fc ke\u015ffetmeye ve sevdi\u011finle beraber uyanabilmeye haz\u0131r m\u0131s\u0131n? O halde do\u011fru sev! Hem de s\u0131n\u0131rs\u0131zca, doludizgin, alabildi\u011fine, c\u00fcretk\u00e2rca, c\u00f6mert\u00e7e, hi\u00e7 esirgemeden, geri ad\u0131m atmadan, sa\u011fanak misali ya\u011farcas\u0131na, hesap etmeden, \u00f6l\u00e7\u00fcp tartmadan, e\u011fip b\u00fckmeden, teminat aramadan, verdi\u011finin geri d\u00f6nmesini beklemeden, garanticili\u011fe meyletmeden, korkusuzca, cesaretle sev! \u00c7\u00fcnk\u00fc sevebilmek, i\u00e7sel bir reformdur. Bir \u015feyleri sevmeye ba\u015flad\u0131\u011f\u0131nda, d\u00fcnya da de\u011fi\u015fmeye ba\u015flar. Sevilmemek korkusundan \u00f6zg\u00fcrle\u015fmi\u015f, sevmek i\u00e7in sevilmeye ihtiyac\u0131n kalmam\u0131\u015ft\u0131r art\u0131k. Hesaps\u0131zca sevebilmenin ve sevdik\u00e7e her \u015feyi de\u011fi\u015ftirebilmenin b\u00fcy\u00fcs\u00fcyle yeni hayatlar ve ili\u015fkiler in\u015fa ediyor, sonsuz olas\u0131l\u0131klara f\u0131rsat veriyorsundur. Kaybetme korkusu bir tehdit de\u011fildir bundan b\u00f6yle. Bilirsin ki sevebilen i\u00e7in kaybetmek yoktur. \u0130\u015fte bu y\u00fczden \u201cSevip sevilmek cennettir&#8230;\u201d diyenler yalan s\u00f6ylediler hep. \u201cHer \u015feye ra\u011fmen sevebilmektir cennet&#8230;\u201d \u0130li\u015fkinin ger\u00e7ek b\u00fcy\u00fcs\u00fc SEVEB\u0130LMEKtir&#8230;   Uluslararas\u0131 \u00e7ok satanlar listesinde haftalarca bir numara olan, T\u00fcrkiye\u2019de de y\u00fcz binlerce okura ula\u015fmay\u0131 ba\u015faran VAZGE\u00c7EB\u0130LMEK kitab\u0131n\u0131n yazar\u0131 Guy Finley\u2019den, ili\u015fkilerin b\u00fcy\u00fcs\u00fc \u00fczerine e\u015fsiz bir sevgi \u00e7\u00f6z\u00fcmlemesi&#8230; SEVEB\u0130LMEK adl\u0131 bu yeni kitab\u0131yla ili\u015fkilerin kaderini ba\u015ftan yazmaya talip olan Guy Finley, bir kez daha do\u011fru bilineni tersine \u00e7eviriyor ve sevginin prensiplerini s\u0131ral\u0131yor pe\u015f pe\u015fe&#8230; \u00dcstelik, \u201cSevmek tabii ki b\u00fcy\u00fcleyici ama mesele do\u011fru sevebilmek&#8230;\u201d diyor. <\/p>\n","protected":false},"excerpt":{"rendered":"<p>\u0130li\u015fkilerin b\u00fcy\u00fcs\u00fcn\u00fc ke\u015ffetmeye ve sevdi\u011finle beraber uyanabilmeye haz\u0131r m\u0131s\u0131n? O halde do\u011fru sev! Hem de s\u0131n\u0131rs\u0131zca, doludizgin, alabildi\u011fine, c\u00fcretk\u00e2rca, c\u00f6mert\u00e7e, hi\u00e7 esirgemeden, geri ad\u0131m atmadan, sa\u011fanak<span class=\"excerpt-hellip\"> [\u2026]<\/span><\/p>\n","protected":false},"featured_media":0,"template":"","meta":{"_monsterinsights_skip_tracking":false,"_monsterinsights_sitenote_active":false,"_monsterinsights_sitenote_note":"","_monsterinsights_sitenote_category":0},"product_brand":[],"product_cat":[12364,12376],"product_tag":[],"class_list":{"0":"post-718491","1":"product","2":"type-product","3":"status-publish","5":"product_cat-genel-konular","6":"product_cat-kisisel-gelisim","7":"pa_cilt-ciltsiz","8":"pa_tur-kitap","9":"pa_yayinevi-destek-yayinlari","10":"pa_yazar-guy-finley","12":"first","13":"instock","14":"sale","15":"shipping-taxable","16":"purchasable","17":"product-type-simple"},"_links":{"self":[{"href":"https:\/\/roveyayinevi.com.tr\/index.php\/wp-json\/wp\/v2\/product\/718491","targetHints":{"allow":["GET"]}}],"collection":[{"href":"https:\/\/roveyayinevi.com.tr\/index.php\/wp-json\/wp\/v2\/product"}],"about":[{"href":"https:\/\/roveyayinevi.com.tr\/index.php\/wp-json\/wp\/v2\/types\/product"}],"wp:attachment":[{"href":"https:\/\/roveyayinevi.com.tr\/index.php\/wp-json\/wp\/v2\/media?parent=718491"}],"wp:term":[{"taxonomy":"product_brand","embeddable":true,"href":"https:\/\/roveyayinevi.com.tr\/index.php\/wp-json\/wp\/v2\/product_brand?post=718491"},{"taxonomy":"product_cat","embeddable":true,"href":"https:\/\/roveyayinevi.com.tr\/index.php\/wp-json\/wp\/v2\/product_cat?post=718491"},{"taxonomy":"product_tag","embeddable":true,"href":"https:\/\/roveyayinevi.com.tr\/index.php\/wp-json\/wp\/v2\/product_tag?post=718491"}],"curies":[{"name":"wp","href":"https:\/\/api.w.org\/{rel}","templated":true}]}}