{"id":718487,"date":"2025-08-27T18:09:31","date_gmt":"2025-08-27T15:09:31","guid":{"rendered":"https:\/\/roveyayinevi.com.tr\/index.php\/urun\/merhaba-dunya\/"},"modified":"2026-04-13T02:32:53","modified_gmt":"2026-04-12T23:32:53","slug":"merhaba-dunya","status":"publish","type":"product","link":"https:\/\/roveyayinevi.com.tr\/index.php\/urun\/merhaba-dunya\/","title":{"rendered":"Merhaba D\u00fcnya"},"content":{"rendered":"<p>Bir su\u00e7 i\u015fledi\u011finizde cezan\u0131za kim karar versin istersiniz? Mate- matiksel a\u00e7\u0131dan tutarl\u0131 ama empatiden yoksun bir algoritma m\u0131 yoksa \u00f6nyarg\u0131l\u0131 bir h\u00e2kim mi? S\u00fcr\u00fcc\u00fcs\u00fcz bir araba almak istese- niz bir kaza an\u0131nda \u00e7o\u011funlu\u011fun hayat\u0131n\u0131 kurtarmak \u00fczere prog- ramlanm\u0131\u015f bir araba m\u0131 tercih edersiniz yoksa yolcusunu koruyan\u0131 m\u0131? Peki ara\u015ft\u0131rmac\u0131lar\u0131n kanserin tedavisini bulmas\u0131na yard\u0131mc\u0131 olaca\u011f\u0131n\u0131 s\u00f6yleseler ailenizin t\u0131bbi tarihini payla\u015f\u0131r m\u0131s\u0131n\u0131z? Bunlar makinelerin h\u00e2kimiyeti ele ge\u00e7irece\u011fi algoritmalar \u00e7a\u011f\u0131na yakla\u015f\u0131rken d\u00fc\u015ft\u00fc\u011f\u00fcm\u00fcz ikilemlerden baz\u0131lar\u0131. Halihaz\u0131rda zaten birtak\u0131m kodlar bize ne izleyece\u011fimizi, nereye gidece\u011fimizi, kimin- le randevuya \u00e7\u0131kaca\u011f\u0131m\u0131z\u0131, hatta kimi hapse g\u00f6nderece\u011fimizi s\u00f6y- l\u00fcyor. Fakat su\u00e7, adalet, sa\u011fl\u0131k, ula\u015f\u0131m ve para gibi \u00f6nemli mese- lelerde karar\u0131 algoritmalara b\u0131rakmak d\u00fcnyan\u0131n nereye gitmesini istedi\u011fimizle ilgili sorular yarat\u0131yor. Hangisi daha \u00f6nemli? Te\u015fhis- te doktorlara yard\u0131m etmek mi yoksa gizlili\u011fi muhafaza etmek mi? Su\u00e7lular\u0131 korumak m\u0131 yoksa masum insanlar\u0131n bo\u015f yere cezalan- d\u0131r\u0131lmas\u0131n\u0131 engellemek mi? Merhaba D\u00fcnya bizi, g\u00fcnl\u00fck hayatta etraf\u0131m\u0131z\u0131 ku\u015fatan algoritmalar\u0131n karma\u015f\u0131k d\u00fcnyas\u0131na g\u00f6t\u00fcr\u00fcyor. Matematik\u00e7i Hannah Fry algoritmalar\u0131n nas\u0131l olu\u015fturuldu\u011funu, nas\u0131l \u00e7al\u0131\u015ft\u0131\u011f\u0131n\u0131 anlat\u0131p insani \u00f6nyarg\u0131lar\u0131n nas\u0131l koda d\u00f6n\u00fc\u015ft\u00fcr\u00fcld\u00fc\u011f\u00fcn\u00fc g\u00f6steriyor. Ger\u00e7ek hayattan ald\u0131\u011f\u0131 ilgi \u00e7ekici hik\u00e2yelerle algoritmalar\u0131n g\u00fcc\u00fcn\u00fc anlamam\u0131za, s\u0131n\u0131rlar\u0131n\u0131 ke\u015ffetmemize yard\u0131mc\u0131 oluyor. <\/p>\n","protected":false},"excerpt":{"rendered":"<p>Bir su\u00e7 i\u015fledi\u011finizde cezan\u0131za kim karar versin istersiniz? Mate- matiksel a\u00e7\u0131dan tutarl\u0131 ama empatiden yoksun bir algoritma m\u0131 yoksa \u00f6nyarg\u0131l\u0131 bir h\u00e2kim mi? S\u00fcr\u00fcc\u00fcs\u00fcz bir araba<span class=\"excerpt-hellip\"> [\u2026]<\/span><\/p>\n","protected":false},"featured_media":0,"template":"","meta":{"_monsterinsights_skip_tracking":false,"_monsterinsights_sitenote_active":false,"_monsterinsights_sitenote_note":"","_monsterinsights_sitenote_category":0},"product_brand":[],"product_cat":[12364,12376],"product_tag":[],"class_list":{"0":"post-718487","1":"product","2":"type-product","3":"status-publish","5":"product_cat-genel-konular","6":"product_cat-kisisel-gelisim","7":"pa_cilt-ciltsiz","8":"pa_tur-kitap","9":"pa_yayinevi-hep-kitap","10":"pa_yazar-hannah-fry","12":"first","13":"instock","14":"sale","15":"shipping-taxable","16":"purchasable","17":"product-type-simple"},"_links":{"self":[{"href":"https:\/\/roveyayinevi.com.tr\/index.php\/wp-json\/wp\/v2\/product\/718487","targetHints":{"allow":["GET"]}}],"collection":[{"href":"https:\/\/roveyayinevi.com.tr\/index.php\/wp-json\/wp\/v2\/product"}],"about":[{"href":"https:\/\/roveyayinevi.com.tr\/index.php\/wp-json\/wp\/v2\/types\/product"}],"wp:attachment":[{"href":"https:\/\/roveyayinevi.com.tr\/index.php\/wp-json\/wp\/v2\/media?parent=718487"}],"wp:term":[{"taxonomy":"product_brand","embeddable":true,"href":"https:\/\/roveyayinevi.com.tr\/index.php\/wp-json\/wp\/v2\/product_brand?post=718487"},{"taxonomy":"product_cat","embeddable":true,"href":"https:\/\/roveyayinevi.com.tr\/index.php\/wp-json\/wp\/v2\/product_cat?post=718487"},{"taxonomy":"product_tag","embeddable":true,"href":"https:\/\/roveyayinevi.com.tr\/index.php\/wp-json\/wp\/v2\/product_tag?post=718487"}],"curies":[{"name":"wp","href":"https:\/\/api.w.org\/{rel}","templated":true}]}}