{"id":718486,"date":"2025-08-27T18:09:31","date_gmt":"2025-08-27T15:09:31","guid":{"rendered":"https:\/\/roveyayinevi.com.tr\/index.php\/urun\/dusunme-cemberi-seti-6-kitap\/"},"modified":"2026-04-16T02:26:43","modified_gmt":"2026-04-15T23:26:43","slug":"dusunme-cemberi-seti-6-kitap","status":"publish","type":"product","link":"https:\/\/roveyayinevi.com.tr\/index.php\/urun\/dusunme-cemberi-seti-6-kitap\/","title":{"rendered":"D\u00fc\u015f\u00fcnme \u00c7emberi Seti (6 Kitap)"},"content":{"rendered":"<p>Biri \u00e7ocuk kitaplar\u0131 yazar\u0131, di\u011feri felsefeci olan iki yazar\u0131n kaleminden \u00e7\u0131kan \u201cDu\u0308\u015fu\u0308nme \u00c7emberi\u201d kitap dizisinde heyecanl\u0131 tart\u0131\u015fmalar yap\u0131l\u0131yor. P4C (\u00c7ocuklar \u0130\u00e7in Felsefe) tekni\u011fiyle, \u00e7ocuklarla yap\u0131lan at\u00f6lye \u00e7al\u0131\u015fmalar\u0131ndan esinlenerek yaz\u0131lan kitaplarda, tart\u0131\u015fmalara okuyucunun da kat\u0131lmas\u0131 sa\u011flanarak felsefi kavramlara do\u011fru birlikte yol al\u0131n\u0131yor. 7 \u2013 12 ya\u015f \u00e7ocuklara soru \u2013 cevap \u015feklinde felsefi d\u00fc\u015f\u00fcnmeyi \u00f6\u011freten, etkile\u015fimli felsefe kitaplar\u0131 D\u00fc\u015f\u00fcnme \u00c7emberi 1: Nas\u0131l Payla\u015fmal\u0131? D\u00fc\u015f\u00fcnme \u00c7emberi 2: Mutlu Olmak Kolay m\u0131? D\u00fc\u015f\u00fcnme \u00c7emberi 3: Nas\u0131l Karar Vermeli? D\u00fc\u015f\u00fcnme \u00c7emberi 4: \u00c7al\u0131\u015fmak m\u0131 E\u011flenmek mi? D\u00fc\u015f\u00fcnme \u00c7emberi 5: Bazen Korkmak Gerekir mi? D\u00fc\u015f\u00fcnme \u00c7emberi 6: Her \u0130stedi\u011fimizi Yapabilir miyiz? <\/p>\n","protected":false},"excerpt":{"rendered":"<p>Biri \u00e7ocuk kitaplar\u0131 yazar\u0131, di\u011feri felsefeci olan iki yazar\u0131n kaleminden \u00e7\u0131kan \u201cDu\u0308\u015fu\u0308nme \u00c7emberi\u201d kitap dizisinde heyecanl\u0131 tart\u0131\u015fmalar yap\u0131l\u0131yor. P4C (\u00c7ocuklar \u0130\u00e7in Felsefe) tekni\u011fiyle, \u00e7ocuklarla yap\u0131lan at\u00f6lye<span class=\"excerpt-hellip\"> [\u2026]<\/span><\/p>\n","protected":false},"featured_media":0,"template":"","meta":{"_monsterinsights_skip_tracking":false,"_monsterinsights_sitenote_active":false,"_monsterinsights_sitenote_note":"","_monsterinsights_sitenote_category":0},"product_brand":[],"product_cat":[12274,14573],"product_tag":[],"class_list":{"0":"post-718486","1":"product","2":"type-product","3":"status-publish","5":"product_cat-cocuk-ve-genclik-kitaplari","6":"product_cat-referans-kitaplar-cocuk-ve-genclik-kitaplari","7":"pa_cilt-ciltsiz","8":"pa_tur-kitap","9":"pa_yayinevi-say-cocuk","10":"pa_yazar-yilmaz-murat-bilican-nergis-seli","12":"first","13":"instock","14":"sale","15":"shipping-taxable","16":"purchasable","17":"product-type-simple"},"_links":{"self":[{"href":"https:\/\/roveyayinevi.com.tr\/index.php\/wp-json\/wp\/v2\/product\/718486","targetHints":{"allow":["GET"]}}],"collection":[{"href":"https:\/\/roveyayinevi.com.tr\/index.php\/wp-json\/wp\/v2\/product"}],"about":[{"href":"https:\/\/roveyayinevi.com.tr\/index.php\/wp-json\/wp\/v2\/types\/product"}],"wp:attachment":[{"href":"https:\/\/roveyayinevi.com.tr\/index.php\/wp-json\/wp\/v2\/media?parent=718486"}],"wp:term":[{"taxonomy":"product_brand","embeddable":true,"href":"https:\/\/roveyayinevi.com.tr\/index.php\/wp-json\/wp\/v2\/product_brand?post=718486"},{"taxonomy":"product_cat","embeddable":true,"href":"https:\/\/roveyayinevi.com.tr\/index.php\/wp-json\/wp\/v2\/product_cat?post=718486"},{"taxonomy":"product_tag","embeddable":true,"href":"https:\/\/roveyayinevi.com.tr\/index.php\/wp-json\/wp\/v2\/product_tag?post=718486"}],"curies":[{"name":"wp","href":"https:\/\/api.w.org\/{rel}","templated":true}]}}