{"id":718485,"date":"2025-08-27T18:09:30","date_gmt":"2025-08-27T15:09:30","guid":{"rendered":"https:\/\/roveyayinevi.com.tr\/index.php\/urun\/keskul-dergisi-49-sayi\/"},"modified":"2026-04-16T02:26:43","modified_gmt":"2026-04-15T23:26:43","slug":"keskul-dergisi-49-sayi","status":"publish","type":"product","link":"https:\/\/roveyayinevi.com.tr\/index.php\/urun\/keskul-dergisi-49-sayi\/","title":{"rendered":"Ke\u015fk\u00fcl Dergisi 49. Say\u0131"},"content":{"rendered":"<p>\u0130nsan\u0131n \u015ferefi, \u00fcmmet-i Muhammed\u2019e hizmet etmek, Allah\u2019a kullukta gayret etmektedir. Esas\u0131nda herkes, kurulmu\u015f bu d\u00fcnya tezg\u00e2h\u0131nda bir \u015fekilde hizmet etmektedir. Ancak hizmeti idr\u00e2k nasib meselesidir. Herhangi bir fiilin, i\u015fin, hizmet vasf\u0131n\u0131 ta\u015f\u0131yabilmesi i\u00e7in de muhakkak temelinde hizmete uygun bir niyet olmas\u0131 gerekir.Ki\u015fi, g\u00fcc\u00fc yetiyorsa mahallesindeki, etraf\u0131ndaki fakir fukaraya, dul ve yetime, talebelere, hastalara hizmet etmelidir. Fakat \u015funu bilmelidir ki, bunlar\u0131 yaparken zerre kadar kendine p\u00e2ye \u00e7\u0131kar\u0131r ve bir \u015fey yapt\u0131m zannederse ihlas\u0131n\u0131 kaybeder; yani neticede Allah Te\u00e2l\u00e2\u2019n\u0131n huzurundan d\u00fc\u015fer. Hizmet ihlasla k\u00e2im, muhabbetle d\u00e2imdir.Ke\u015fk\u00fcl\u2019\u00fcn, \u2018hizmet\u2019 konusuna ay\u0131rd\u0131\u011f\u0131 49. say\u0131s\u0131, ge\u00e7mi\u015f say\u0131lardan yap\u0131lm\u0131\u015f bir m\u00fcntehabat ve yepyeni bir tasar\u0131m ile okuyucular\u0131n\u0131n huzurlar\u0131nda.Tar\u00eekat terbiyesinde hizmet, ecd\u00e2d\u0131n \u00fcmmet-i Muhammed\u2019e ve t\u00fcm insanl\u0131\u011fa hizmeti, a\u015fkla yap\u0131lan bu hizmetler neticesinde tes\u00ees edilen medeniyetimiz gibi hususlar\u0131n ele al\u0131nd\u0131\u011f\u0131 Ke\u015fk\u00fcl\u2019\u00fcn 49. say\u0131s\u0131ndaki k\u0131ymetli yazarlar ve kaleme ald\u0131klar\u0131 ba\u015fl\u0131klardan baz\u0131lar\u0131 ise \u015f\u00f6yle:Mehmed Fatih \u00c7\u0131tlak, \u2018Hizmet\u2019, Prof. Dr. S\u00fcleyman Uluda\u011f, \u2018\u0130hsan\u2019, Prof. Dr. Sadedd\u00een \u00d6kten, \u2018Vak\u0131f \u015eehir \u0130stanbul\u2019, Prof. Dr. Mustafa Sabri K\u00fc\u00e7\u00fcka\u015f\u00e7\u0131, \u2018\u2018Mukaddes Em\u00e2netler\u2019in Anlam\u0131 ve \u0130stanbul\u2019u \u015eereflendirmesine D\u00e2ir\u2019, Prof. Dr. Ahmed S\u00e2cid A\u00e7\u0131kg\u00f6zo\u011flu, \u2018Kitaba V\u00e2k\u0131f Olmak\u2019, Kemal S\u00e2il, \u2018Abd\u00fclham\u00eed Han\u2019\u0131 Do\u011fru Okumak\u2019, Abdurrahman \u015ei\u015fman, \u2018M\u00eemar Sinan Su Yollar\u0131\u2019, Fatma Dede, \u2018Hizmete Niyet Etmi\u015f Bir C\u00e2riyenin Sadaka-i C\u00e2riyeleri\u2026\u2019.\u0130stifade edilebilecek daha pek \u00e7ok yaz\u0131n\u0131n bulundu\u011fu Ke\u015fk\u00fcl\u2019\u00fcn 49. say\u0131s\u0131,  her bir say\u0131s\u0131 gibi gelecek nesillere b\u0131rak\u0131lacak g\u00fczel bir miras olma niteli\u011finde.<\/p>\n","protected":false},"excerpt":{"rendered":"<p>\u0130nsan\u0131n \u015ferefi, \u00fcmmet-i Muhammed\u2019e hizmet etmek, Allah\u2019a kullukta gayret etmektedir. Esas\u0131nda herkes, kurulmu\u015f bu d\u00fcnya tezg\u00e2h\u0131nda bir \u015fekilde hizmet etmektedir. Ancak hizmeti idr\u00e2k nasib meselesidir. Herhangi<span class=\"excerpt-hellip\"> [\u2026]<\/span><\/p>\n","protected":false},"featured_media":0,"template":"","meta":{"_monsterinsights_skip_tracking":false,"_monsterinsights_sitenote_active":false,"_monsterinsights_sitenote_note":"","_monsterinsights_sitenote_category":0},"product_brand":[],"product_cat":[13527],"product_tag":[],"class_list":{"0":"post-718485","1":"product","2":"type-product","3":"status-publish","5":"product_cat-sureli-yayinlar","6":"pa_cilt-ciltsiz","7":"pa_tur-dergi","8":"pa_yayinevi-sufi-kitap","9":"pa_yazar-kolektif","11":"first","12":"instock","13":"sale","14":"shipping-taxable","15":"purchasable","16":"product-type-simple"},"_links":{"self":[{"href":"https:\/\/roveyayinevi.com.tr\/index.php\/wp-json\/wp\/v2\/product\/718485","targetHints":{"allow":["GET"]}}],"collection":[{"href":"https:\/\/roveyayinevi.com.tr\/index.php\/wp-json\/wp\/v2\/product"}],"about":[{"href":"https:\/\/roveyayinevi.com.tr\/index.php\/wp-json\/wp\/v2\/types\/product"}],"wp:attachment":[{"href":"https:\/\/roveyayinevi.com.tr\/index.php\/wp-json\/wp\/v2\/media?parent=718485"}],"wp:term":[{"taxonomy":"product_brand","embeddable":true,"href":"https:\/\/roveyayinevi.com.tr\/index.php\/wp-json\/wp\/v2\/product_brand?post=718485"},{"taxonomy":"product_cat","embeddable":true,"href":"https:\/\/roveyayinevi.com.tr\/index.php\/wp-json\/wp\/v2\/product_cat?post=718485"},{"taxonomy":"product_tag","embeddable":true,"href":"https:\/\/roveyayinevi.com.tr\/index.php\/wp-json\/wp\/v2\/product_tag?post=718485"}],"curies":[{"name":"wp","href":"https:\/\/api.w.org\/{rel}","templated":true}]}}