{"id":718483,"date":"2025-08-27T18:09:29","date_gmt":"2025-08-27T15:09:29","guid":{"rendered":"https:\/\/roveyayinevi.com.tr\/index.php\/urun\/3-kafadar-nasil-film-yildizi-olamadik\/"},"modified":"2025-09-15T11:58:19","modified_gmt":"2025-09-15T08:58:19","slug":"3-kafadar-nasil-film-yildizi-olamadik","status":"publish","type":"product","link":"https:\/\/roveyayinevi.com.tr\/index.php\/urun\/3-kafadar-nasil-film-yildizi-olamadik\/","title":{"rendered":"3 Kafadar &#8211; Nas\u0131l Film Y\u0131ld\u0131z\u0131 Olamad\u0131k"},"content":{"rendered":"<p>Bug\u00fcn ilklerin g\u00fcn\u00fcyd\u00fc: \u0130lk defa film seti g\u00f6rd\u00fck, ilk defa bir filmde oynama teklifi ald\u0131k&#8230; En \u00f6nemlisi de oyuncu da olsa ilk defa bir padi\u015fahla tan\u0131\u015ft\u0131k!Tekno Kadir, Mehmet ve Nadir bu sefer kendilerini bamba\u015fka bir d\u00fcnyan\u0131n i\u00e7inde buluyorlar. Bir padi\u015fahla tan\u0131\u015f\u0131yor, hem de bir filmde oynamak i\u00e7in kollar\u0131 s\u0131v\u0131yorlar&#8230; Tabii \u00f6yle kolay da de\u011fil hi\u00e7 filmde oynamak! \u00dc\u00e7 Kafadar arkada\u015flar, anlats\u0131nlar bakal\u0131m Nas\u0131l Film Y\u0131ld\u0131z\u0131 Olamad\u0131k diyerek maceralar\u0131n\u0131&#8230;<\/p>\n","protected":false},"excerpt":{"rendered":"<p>Bug\u00fcn ilklerin g\u00fcn\u00fcyd\u00fc: \u0130lk defa film seti g\u00f6rd\u00fck, ilk defa bir filmde oynama teklifi ald\u0131k&#8230; En \u00f6nemlisi de oyuncu da olsa ilk defa bir padi\u015fahla tan\u0131\u015ft\u0131k!Tekno<span class=\"excerpt-hellip\"> [\u2026]<\/span><\/p>\n","protected":false},"featured_media":0,"template":"","meta":{"_monsterinsights_skip_tracking":false,"_monsterinsights_sitenote_active":false,"_monsterinsights_sitenote_note":"","_monsterinsights_sitenote_category":0},"product_brand":[],"product_cat":[12274,12284],"product_tag":[],"class_list":{"0":"post-718483","1":"product","2":"type-product","3":"status-publish","5":"product_cat-cocuk-ve-genclik-kitaplari","6":"product_cat-hikayeler","7":"pa_cilt-ciltsiz","8":"pa_tur-kitap","9":"pa_yayinevi-mavi-kirpi-yayinlari","10":"pa_yazar-yasar-bayraktar","12":"first","13":"instock","14":"sale","15":"shipping-taxable","16":"purchasable","17":"product-type-simple"},"_links":{"self":[{"href":"https:\/\/roveyayinevi.com.tr\/index.php\/wp-json\/wp\/v2\/product\/718483","targetHints":{"allow":["GET"]}}],"collection":[{"href":"https:\/\/roveyayinevi.com.tr\/index.php\/wp-json\/wp\/v2\/product"}],"about":[{"href":"https:\/\/roveyayinevi.com.tr\/index.php\/wp-json\/wp\/v2\/types\/product"}],"wp:attachment":[{"href":"https:\/\/roveyayinevi.com.tr\/index.php\/wp-json\/wp\/v2\/media?parent=718483"}],"wp:term":[{"taxonomy":"product_brand","embeddable":true,"href":"https:\/\/roveyayinevi.com.tr\/index.php\/wp-json\/wp\/v2\/product_brand?post=718483"},{"taxonomy":"product_cat","embeddable":true,"href":"https:\/\/roveyayinevi.com.tr\/index.php\/wp-json\/wp\/v2\/product_cat?post=718483"},{"taxonomy":"product_tag","embeddable":true,"href":"https:\/\/roveyayinevi.com.tr\/index.php\/wp-json\/wp\/v2\/product_tag?post=718483"}],"curies":[{"name":"wp","href":"https:\/\/api.w.org\/{rel}","templated":true}]}}