{"id":718482,"date":"2025-08-27T18:09:28","date_gmt":"2025-08-27T15:09:28","guid":{"rendered":"https:\/\/roveyayinevi.com.tr\/index.php\/urun\/benim-ilk-bitkiler-kitabim-ne-sorsan-bilir-minik-ciltli\/"},"modified":"2026-04-16T02:26:43","modified_gmt":"2026-04-15T23:26:43","slug":"benim-ilk-bitkiler-kitabim-ne-sorsan-bilir-minik-ciltli","status":"publish","type":"product","link":"https:\/\/roveyayinevi.com.tr\/index.php\/urun\/benim-ilk-bitkiler-kitabim-ne-sorsan-bilir-minik-ciltli\/","title":{"rendered":"Benim \u0130lk Bitkiler Kitab\u0131m &#8211; Ne Sorsan Bilir Minik (Ciltli)"},"content":{"rendered":"<p>Ne Sorsan Bilir MinikUzay\u0131 ke\u015ffetmek i\u00e7in bilim adamlar\u0131 y\u0131llard\u0131r uzay istasyonlar\u0131 kurup, Uzaya uydular, roketler ve mekikler g\u00f6nderirler.G\u00fcne\u015f Sistemini, gezegenleri, y\u0131ld\u0131zlar\u0131 yak\u0131ndan tan\u0131mak ister misin?Peki y\u0131ld\u0131z sistemindeki birbirinden ilgin\u00e7 g\u00f6k cisimlerinin isimlerini \u00f6\u011frenmek e\u011flenceli olmaz m\u0131?D\u00fcnya\u2019dan uzay\u0131 g\u00f6zlemlemek, uzay \u00fcss\u00fcnde \u00e7al\u0131\u015fan bir bilim insan\u0131 olmak ve hatta astronot olup, uzaya gitmek ne kadar heyecan vericidir ne dersin?Bu sorular\u0131n cevaplar\u0131 ve Uzayla ilgili g\u00f6rseller \u0130ngilizce kar\u015f\u0131l\u0131klar\u0131yla birlikte bu kitapta!\u0130ngilizce destekli- Resimli \u00c7ocuk AnsiklopedisiOkul \u00f6ncesi m\u00fcfredat\u0131na uygun olarak haz\u0131rlanm\u0131\u015f Ne Sorsan Bilir Minik &#8211; Benim \u0130lk Uzay Kitab\u0131m, \u00c7ocuklar\u0131n s\u00f6zc\u00fck da\u011farc\u0131\u011f\u0131n\u0131n geli\u015fmesine G\u00f6rsel materyalleri okumas\u0131na Nesne ve varl\u0131klar\u0131 g\u00f6zlemleyerek \u00f6\u011frenmesine yard\u0131mc\u0131 oluyor.Uzayla ilgili bilgileri ya\u015fam alanlar\u0131nda, canl\u0131 ve renkli g\u00f6rsellerle anlatan resimli \u00e7ocuk ansiklopedisi sayesinde \u00e7ocuklar kitab\u0131 kendi ba\u015f\u0131na inceleyebilir, resimlerle hik\u00e2ye olu\u015fturabilir, s\u00f6zl\u00fck b\u00f6l\u00fcm\u00fcndeki \u0130ngilizce destekli ger\u00e7ek g\u00f6rseller sayesinde ger\u00e7ek hayat ve ya\u015fam alanlar\u0131 aras\u0131nda ba\u011f kurabilirler.Ay\u015fe Uzun, Okul \u00d6ncesi \u00d6\u011fretmeni<\/p>\n","protected":false},"excerpt":{"rendered":"<p>Ne Sorsan Bilir MinikUzay\u0131 ke\u015ffetmek i\u00e7in bilim adamlar\u0131 y\u0131llard\u0131r uzay istasyonlar\u0131 kurup, Uzaya uydular, roketler ve mekikler g\u00f6nderirler.G\u00fcne\u015f Sistemini, gezegenleri, y\u0131ld\u0131zlar\u0131 yak\u0131ndan tan\u0131mak ister misin?Peki y\u0131ld\u0131z<span class=\"excerpt-hellip\"> [\u2026]<\/span><\/p>\n","protected":false},"featured_media":0,"template":"","meta":{"_monsterinsights_skip_tracking":false,"_monsterinsights_sitenote_active":false,"_monsterinsights_sitenote_note":"","_monsterinsights_sitenote_category":0},"product_brand":[],"product_cat":[12274,12518],"product_tag":[],"class_list":{"0":"post-718482","1":"product","2":"type-product","3":"status-publish","5":"product_cat-cocuk-ve-genclik-kitaplari","6":"product_cat-okul-oncesi-kitaplar","7":"pa_cilt-ciltli","8":"pa_tur-kitap","9":"pa_yayinevi-sincap-kitap","10":"pa_yazar-m-sacide-kafali","12":"first","13":"instock","14":"sale","15":"shipping-taxable","16":"purchasable","17":"product-type-simple"},"_links":{"self":[{"href":"https:\/\/roveyayinevi.com.tr\/index.php\/wp-json\/wp\/v2\/product\/718482","targetHints":{"allow":["GET"]}}],"collection":[{"href":"https:\/\/roveyayinevi.com.tr\/index.php\/wp-json\/wp\/v2\/product"}],"about":[{"href":"https:\/\/roveyayinevi.com.tr\/index.php\/wp-json\/wp\/v2\/types\/product"}],"wp:attachment":[{"href":"https:\/\/roveyayinevi.com.tr\/index.php\/wp-json\/wp\/v2\/media?parent=718482"}],"wp:term":[{"taxonomy":"product_brand","embeddable":true,"href":"https:\/\/roveyayinevi.com.tr\/index.php\/wp-json\/wp\/v2\/product_brand?post=718482"},{"taxonomy":"product_cat","embeddable":true,"href":"https:\/\/roveyayinevi.com.tr\/index.php\/wp-json\/wp\/v2\/product_cat?post=718482"},{"taxonomy":"product_tag","embeddable":true,"href":"https:\/\/roveyayinevi.com.tr\/index.php\/wp-json\/wp\/v2\/product_tag?post=718482"}],"curies":[{"name":"wp","href":"https:\/\/api.w.org\/{rel}","templated":true}]}}