{"id":718477,"date":"2025-08-27T18:09:24","date_gmt":"2025-08-27T15:09:24","guid":{"rendered":"https:\/\/roveyayinevi.com.tr\/index.php\/urun\/denizler-otesinde-tarajar\/"},"modified":"2026-04-16T02:26:43","modified_gmt":"2026-04-15T23:26:43","slug":"denizler-otesinde-tarajar","status":"publish","type":"product","link":"https:\/\/roveyayinevi.com.tr\/index.php\/urun\/denizler-otesinde-tarajar\/","title":{"rendered":"Denizler \u00d6tesinde Tarajar"},"content":{"rendered":"<p>Deniz, b\u00fcy\u00fckbabas\u0131na gelen gizemli mektupta s\u00f6z\u00fc edilen Tarajar\u2019\u0131n kim oldu\u011funu \u00e7ok merak ediyordu.  Kimdi Tarajar ve b\u00fcy\u00fckbabas\u0131n\u0131n onunla ne ilgisi vard\u0131?  Bu gizemli mektup kimden geliyordu?  B\u00fct\u00fcn bunlar\u0131 \u00f6\u011frenmek ve ger\u00e7e\u011fin izini s\u00fcrmek i\u00e7in, b\u00fcy\u00fckbabas\u0131n\u0131n pe\u015fine tak\u0131l\u0131p okyanusa a\u00e7\u0131ld\u0131.  Bu heyecanl\u0131 yolculukta neler ya\u015fayaca\u011f\u0131n\u0131, nelerle kar\u015f\u0131la\u015faca\u011f\u0131n\u0131 asla tahmin edemezdi.  Oysa hayal bile edemeyece\u011fi maceralar, dostluklar ve inan\u0131lmaz bir s\u0131r onu bekliyordu. Hi\u00e7bir \u015fey art\u0131k eskisi gibi olmayacakt\u0131&#8230; Bu yolculukta \u00f6\u011frendikleri Deniz\u2019in hayat\u0131n\u0131 tamamen de\u011fi\u015ftirecekti&#8230;K\u00fclt\u00fcr Bakanl\u0131\u011f\u0131 \u00f6d\u00fcll\u00fc Ye\u015fil Ada\u2019n\u0131n \u00c7ocuklar\u0131\u2019n\u0131n yazar\u0131 Havva Tekin\u2019den sevgi, ba\u011fl\u0131l\u0131k ve dostlu\u011fun anlam\u0131n\u0131, ya\u015fam\u0131n de\u011ferini yeniden d\u00fc\u015f\u00fcnmenizi sa\u011flayacak s\u00fcr\u00fckleyici bir macera&#8230;<\/p>\n","protected":false},"excerpt":{"rendered":"<p>Deniz, b\u00fcy\u00fckbabas\u0131na gelen gizemli mektupta s\u00f6z\u00fc edilen Tarajar\u2019\u0131n kim oldu\u011funu \u00e7ok merak ediyordu. Kimdi Tarajar ve b\u00fcy\u00fckbabas\u0131n\u0131n onunla ne ilgisi vard\u0131? Bu gizemli mektup kimden geliyordu?<span class=\"excerpt-hellip\"> [\u2026]<\/span><\/p>\n","protected":false},"featured_media":0,"template":"","meta":{"_monsterinsights_skip_tracking":false,"_monsterinsights_sitenote_active":false,"_monsterinsights_sitenote_note":"","_monsterinsights_sitenote_category":0},"product_brand":[],"product_cat":[12274,12284],"product_tag":[],"class_list":{"0":"post-718477","1":"product","2":"type-product","3":"status-publish","5":"product_cat-cocuk-ve-genclik-kitaplari","6":"product_cat-hikayeler","7":"pa_cilt-ciltsiz","8":"pa_tur-kitap","9":"pa_yayinevi-genc-timas","10":"pa_yazar-havva-tekin","12":"first","13":"instock","14":"sale","15":"shipping-taxable","16":"purchasable","17":"product-type-simple"},"_links":{"self":[{"href":"https:\/\/roveyayinevi.com.tr\/index.php\/wp-json\/wp\/v2\/product\/718477","targetHints":{"allow":["GET"]}}],"collection":[{"href":"https:\/\/roveyayinevi.com.tr\/index.php\/wp-json\/wp\/v2\/product"}],"about":[{"href":"https:\/\/roveyayinevi.com.tr\/index.php\/wp-json\/wp\/v2\/types\/product"}],"wp:attachment":[{"href":"https:\/\/roveyayinevi.com.tr\/index.php\/wp-json\/wp\/v2\/media?parent=718477"}],"wp:term":[{"taxonomy":"product_brand","embeddable":true,"href":"https:\/\/roveyayinevi.com.tr\/index.php\/wp-json\/wp\/v2\/product_brand?post=718477"},{"taxonomy":"product_cat","embeddable":true,"href":"https:\/\/roveyayinevi.com.tr\/index.php\/wp-json\/wp\/v2\/product_cat?post=718477"},{"taxonomy":"product_tag","embeddable":true,"href":"https:\/\/roveyayinevi.com.tr\/index.php\/wp-json\/wp\/v2\/product_tag?post=718477"}],"curies":[{"name":"wp","href":"https:\/\/api.w.org\/{rel}","templated":true}]}}