{"id":718476,"date":"2025-08-27T18:09:23","date_gmt":"2025-08-27T15:09:23","guid":{"rendered":"https:\/\/roveyayinevi.com.tr\/index.php\/urun\/korkak-bir-kahraman\/"},"modified":"2026-04-16T02:26:43","modified_gmt":"2026-04-15T23:26:43","slug":"korkak-bir-kahraman","status":"publish","type":"product","link":"https:\/\/roveyayinevi.com.tr\/index.php\/urun\/korkak-bir-kahraman\/","title":{"rendered":"Korkak Bir Kahraman"},"content":{"rendered":"<p>Mert\u2019i tan\u0131rs\u0131n\u2026Tan\u0131m\u0131yor musun? Hani \u00e7ok sessiz, s\u0131n\u0131fta ortalarda oturur, her \u015feyden \u00e7ekinir, \u00e7ok kibard\u0131r\u2026 Hat\u0131rlad\u0131n m\u0131?\u0130\u015fte o Mert\u2019in ba\u015f\u0131na \u00e7ok acayip \u015feyler geldi. Bu yaz herkes denize girip parklarda oynarken, o kahraman gibi bir \u015fey oldu. En ba\u015fta kahraman de\u011fildi tabii, hatta cesur bile de\u011fildi. Ona, olsa olsa, \u201cs\u00fcper \u00f6tesi korkakt\u0131\u201d denebilir!Mert bir g\u00fcn, hem de hi\u00e7 istemeden, zengin olmak isteyen bir adam\u0131n buldu\u011fu k\u0131rm\u0131z\u0131 kap\u0131dan i\u00e7eriye giriyor ve\u2026  Macera ba\u015fl\u0131yor!Korkacak, \u00e7ekinecek, utanacak bir\u00e7ok \u015feyin asl\u0131nda pek de \u00f6yle olmad\u0131\u011f\u0131n\u0131 ad\u0131m ad\u0131m \u00f6\u011frenmeye ba\u015fl\u0131yor Mert. Sonra da -galiba- kahraman oluveriyor!Mert ve yaramaz k\u00f6pe\u011fi T\u00fcyl\u00fc ile birlikte birbirinden komik, birbirinden e\u011flenceli, birazc\u0131k \u00fcrk\u00fct\u00fcc\u00fc ve bol bol \u00f6\u011fretici bir maceraya haz\u0131r olun\u2026<\/p>\n","protected":false},"excerpt":{"rendered":"<p>Mert\u2019i tan\u0131rs\u0131n\u2026Tan\u0131m\u0131yor musun? Hani \u00e7ok sessiz, s\u0131n\u0131fta ortalarda oturur, her \u015feyden \u00e7ekinir, \u00e7ok kibard\u0131r\u2026 Hat\u0131rlad\u0131n m\u0131?\u0130\u015fte o Mert\u2019in ba\u015f\u0131na \u00e7ok acayip \u015feyler geldi. Bu yaz herkes<span class=\"excerpt-hellip\"> [\u2026]<\/span><\/p>\n","protected":false},"featured_media":0,"template":"","meta":{"_monsterinsights_skip_tracking":false,"_monsterinsights_sitenote_active":false,"_monsterinsights_sitenote_note":"","_monsterinsights_sitenote_category":0},"product_brand":[],"product_cat":[12913,12274],"product_tag":[],"class_list":{"0":"post-718476","1":"product","2":"type-product","3":"status-publish","5":"product_cat-3-6-yas-kitaplari","6":"product_cat-cocuk-ve-genclik-kitaplari","7":"pa_cilt-ciltsiz","8":"pa_tur-kitap","9":"pa_yayinevi-timas-yayinlari","10":"pa_yazar-birsen-ekim-ozen","12":"first","13":"instock","14":"sale","15":"shipping-taxable","16":"purchasable","17":"product-type-simple"},"_links":{"self":[{"href":"https:\/\/roveyayinevi.com.tr\/index.php\/wp-json\/wp\/v2\/product\/718476","targetHints":{"allow":["GET"]}}],"collection":[{"href":"https:\/\/roveyayinevi.com.tr\/index.php\/wp-json\/wp\/v2\/product"}],"about":[{"href":"https:\/\/roveyayinevi.com.tr\/index.php\/wp-json\/wp\/v2\/types\/product"}],"wp:attachment":[{"href":"https:\/\/roveyayinevi.com.tr\/index.php\/wp-json\/wp\/v2\/media?parent=718476"}],"wp:term":[{"taxonomy":"product_brand","embeddable":true,"href":"https:\/\/roveyayinevi.com.tr\/index.php\/wp-json\/wp\/v2\/product_brand?post=718476"},{"taxonomy":"product_cat","embeddable":true,"href":"https:\/\/roveyayinevi.com.tr\/index.php\/wp-json\/wp\/v2\/product_cat?post=718476"},{"taxonomy":"product_tag","embeddable":true,"href":"https:\/\/roveyayinevi.com.tr\/index.php\/wp-json\/wp\/v2\/product_tag?post=718476"}],"curies":[{"name":"wp","href":"https:\/\/api.w.org\/{rel}","templated":true}]}}