{"id":718474,"date":"2025-08-27T18:09:22","date_gmt":"2025-08-27T15:09:22","guid":{"rendered":"https:\/\/roveyayinevi.com.tr\/index.php\/urun\/roald-dahl-ve-cikolata-fabrikasi\/"},"modified":"2026-04-16T02:26:42","modified_gmt":"2026-04-15T23:26:42","slug":"roald-dahl-ve-cikolata-fabrikasi","status":"publish","type":"product","link":"https:\/\/roveyayinevi.com.tr\/index.php\/urun\/roald-dahl-ve-cikolata-fabrikasi\/","title":{"rendered":"Roald Dahl ve \u00c7ikolata Fabrikas\u0131"},"content":{"rendered":"<p>Herkes bilir&#8230;Roald Dahl muhte\u015fem \u00e7ocuk kitaplar\u0131n\u0131n yazar\u0131 ve Charlie\u2019nin \u00c7ikolata Fabrikas\u0131\u2019n\u0131 icat eden ki\u015fi. Peki siz Roald Dahl\u2019\u0131n 2. D\u00fcnya Sava\u015f\u0131\u2019nda ajanl\u0131k yapt\u0131\u011f\u0131n\u0131 ve sava\u015f u\u00e7a\u011f\u0131 pilotu oldu\u011funu, hatta bir James Bond filmi yazd\u0131\u011f\u0131n\u0131 biliyor muydunuz?\u0130\u015fte size alt\u0131n bilet! Bu \u00e7\u0131lg\u0131n adamla ilgili bilmek istedi\u011finiz her \u015feyi \u00f6\u011freneceksiniz!<\/p>\n","protected":false},"excerpt":{"rendered":"<p>Herkes bilir&#8230;Roald Dahl muhte\u015fem \u00e7ocuk kitaplar\u0131n\u0131n yazar\u0131 ve Charlie\u2019nin \u00c7ikolata Fabrikas\u0131\u2019n\u0131 icat eden ki\u015fi. Peki siz Roald Dahl\u2019\u0131n 2. D\u00fcnya Sava\u015f\u0131\u2019nda ajanl\u0131k yapt\u0131\u011f\u0131n\u0131 ve sava\u015f u\u00e7a\u011f\u0131<span class=\"excerpt-hellip\"> [\u2026]<\/span><\/p>\n","protected":false},"featured_media":0,"template":"","meta":{"_monsterinsights_skip_tracking":false,"_monsterinsights_sitenote_active":false,"_monsterinsights_sitenote_note":"","_monsterinsights_sitenote_category":0},"product_brand":[],"product_cat":[12274,12284],"product_tag":[],"class_list":{"0":"post-718474","1":"product","2":"type-product","3":"status-publish","5":"product_cat-cocuk-ve-genclik-kitaplari","6":"product_cat-hikayeler","7":"pa_cilt-ciltsiz","8":"pa_tur-kitap","9":"pa_yayinevi-eglenceli-bilgi-yayinlari","10":"pa_yazar-andrew-donkin","12":"first","13":"instock","14":"sale","15":"shipping-taxable","16":"purchasable","17":"product-type-simple"},"_links":{"self":[{"href":"https:\/\/roveyayinevi.com.tr\/index.php\/wp-json\/wp\/v2\/product\/718474","targetHints":{"allow":["GET"]}}],"collection":[{"href":"https:\/\/roveyayinevi.com.tr\/index.php\/wp-json\/wp\/v2\/product"}],"about":[{"href":"https:\/\/roveyayinevi.com.tr\/index.php\/wp-json\/wp\/v2\/types\/product"}],"wp:attachment":[{"href":"https:\/\/roveyayinevi.com.tr\/index.php\/wp-json\/wp\/v2\/media?parent=718474"}],"wp:term":[{"taxonomy":"product_brand","embeddable":true,"href":"https:\/\/roveyayinevi.com.tr\/index.php\/wp-json\/wp\/v2\/product_brand?post=718474"},{"taxonomy":"product_cat","embeddable":true,"href":"https:\/\/roveyayinevi.com.tr\/index.php\/wp-json\/wp\/v2\/product_cat?post=718474"},{"taxonomy":"product_tag","embeddable":true,"href":"https:\/\/roveyayinevi.com.tr\/index.php\/wp-json\/wp\/v2\/product_tag?post=718474"}],"curies":[{"name":"wp","href":"https:\/\/api.w.org\/{rel}","templated":true}]}}