{"id":718472,"date":"2025-08-27T18:09:20","date_gmt":"2025-08-27T15:09:20","guid":{"rendered":"https:\/\/roveyayinevi.com.tr\/index.php\/urun\/bu-vucut-benim-ben-ne-dersem-o-olur\/"},"modified":"2026-04-16T02:26:42","modified_gmt":"2026-04-15T23:26:42","slug":"bu-vucut-benim-ben-ne-dersem-o-olur","status":"publish","type":"product","link":"https:\/\/roveyayinevi.com.tr\/index.php\/urun\/bu-vucut-benim-ben-ne-dersem-o-olur\/","title":{"rendered":"Bu V\u00fccut Benim! Ben Ne Dersem O Olur!"},"content":{"rendered":"<p>Bu kitap \u00e7ocuklar\u0131n cinsel istismar\u0131n\u0131 \u00f6nlemek amac\u0131yla \u00e7ocuklar\u0131m\u0131z\u0131 beden g\u00fcvenli\u011fi konusunda bilin\u00e7lendirmek ve onlara kendilerini koruma becerisi kazand\u0131rmak i\u00e7in haz\u0131rlanm\u0131\u015ft\u0131r.V\u00fccut Mahremiyeti \u00d6zel B\u00f6lgeler \u0130yi Dokunu\u015f ile K\u00f6t\u00fc Dokunu\u015f Aras\u0131ndaki Fark Erken Uyar\u0131 \u0130\u015faretleri G\u00fcvenlik A\u011f\u0131 S\u0131r ile S\u00fcrpriz Aras\u0131ndaki Fark gibi, \u00e7ocuklar\u0131n kendilerini koruyabilmeleri i\u00e7in bilmeleri gereken en temel konular tek tek ele al\u0131n\u0131p anla\u015f\u0131l\u0131r bir dille a\u00e7\u0131klanm\u0131\u015ft\u0131r.<\/p>\n","protected":false},"excerpt":{"rendered":"<p>Bu kitap \u00e7ocuklar\u0131n cinsel istismar\u0131n\u0131 \u00f6nlemek amac\u0131yla \u00e7ocuklar\u0131m\u0131z\u0131 beden g\u00fcvenli\u011fi konusunda bilin\u00e7lendirmek ve onlara kendilerini koruma becerisi kazand\u0131rmak i\u00e7in haz\u0131rlanm\u0131\u015ft\u0131r.V\u00fccut Mahremiyeti \u00d6zel B\u00f6lgeler \u0130yi Dokunu\u015f ile<span class=\"excerpt-hellip\"> [\u2026]<\/span><\/p>\n","protected":false},"featured_media":0,"template":"","meta":{"_monsterinsights_skip_tracking":false,"_monsterinsights_sitenote_active":false,"_monsterinsights_sitenote_note":"","_monsterinsights_sitenote_category":0},"product_brand":[],"product_cat":[12274,12631],"product_tag":[],"class_list":{"0":"post-718472","1":"product","2":"type-product","3":"status-publish","5":"product_cat-cocuk-ve-genclik-kitaplari","6":"product_cat-diger-cocuk-ve-genclik-kitaplari","7":"pa_cilt-ciltsiz","8":"pa_tur-kitap","9":"pa_yayinevi-beyaz-balina-yayinlari","10":"pa_yazar-jayneen-sanders","12":"first","13":"instock","14":"sale","15":"shipping-taxable","16":"purchasable","17":"product-type-simple"},"_links":{"self":[{"href":"https:\/\/roveyayinevi.com.tr\/index.php\/wp-json\/wp\/v2\/product\/718472","targetHints":{"allow":["GET"]}}],"collection":[{"href":"https:\/\/roveyayinevi.com.tr\/index.php\/wp-json\/wp\/v2\/product"}],"about":[{"href":"https:\/\/roveyayinevi.com.tr\/index.php\/wp-json\/wp\/v2\/types\/product"}],"wp:attachment":[{"href":"https:\/\/roveyayinevi.com.tr\/index.php\/wp-json\/wp\/v2\/media?parent=718472"}],"wp:term":[{"taxonomy":"product_brand","embeddable":true,"href":"https:\/\/roveyayinevi.com.tr\/index.php\/wp-json\/wp\/v2\/product_brand?post=718472"},{"taxonomy":"product_cat","embeddable":true,"href":"https:\/\/roveyayinevi.com.tr\/index.php\/wp-json\/wp\/v2\/product_cat?post=718472"},{"taxonomy":"product_tag","embeddable":true,"href":"https:\/\/roveyayinevi.com.tr\/index.php\/wp-json\/wp\/v2\/product_tag?post=718472"}],"curies":[{"name":"wp","href":"https:\/\/api.w.org\/{rel}","templated":true}]}}