{"id":718469,"date":"2025-08-27T18:09:18","date_gmt":"2025-08-27T15:09:18","guid":{"rendered":"https:\/\/roveyayinevi.com.tr\/index.php\/urun\/ecnebi-serefin-dogusu\/"},"modified":"2026-04-16T02:26:42","modified_gmt":"2026-04-15T23:26:42","slug":"ecnebi-serefin-dogusu","status":"publish","type":"product","link":"https:\/\/roveyayinevi.com.tr\/index.php\/urun\/ecnebi-serefin-dogusu\/","title":{"rendered":"Ecnebi \u015eeref&#8217;in Do\u011fu\u015fu"},"content":{"rendered":"<p>D\u00fcnyaca \u00fcnl\u00fc k\u00e2hin Baldemar Dagoberto\u2019nun T\u00fcrkiye\u2019yi ve d\u00fcnyay\u0131 ilgilendiren kehanetleri nelerdi?28 Ocak 1986\u2019da Tokat\u2019ta neler ya\u015fand\u0131?Gurbet\u00e7i Nebi\u2019nin kar\u015f\u0131s\u0131na \u00e7\u0131kan i\u015faretlerin anlam\u0131 neydi?Bu i\u015faretlerin bug\u00fcne etkileri neler oldu?Behiye, Hac\u0131 Vasfi, Basri, G\u00fclfidan, K\u00f6r Necip, Nebi, L\u00fctf\u00fc, Mestan, Asile, Lalik, Manu\u015fak, Papaz Dimitri, Teslime, B\u00fclent Ecevit ve S\u00fcleyman Demirel\u2019i ayn\u0131 hik\u00e2yede bir araya getiren kader neyle a\u00e7\u0131klanabilir?Macera, \u015eeref\u2019in do\u011fu\u015fuyla ba\u015fl\u0131yor!\u201c\u015eeref D\u00fczyatanlar, hayal \u00e2lemleri kap\u0131lar\u0131n\u0131n mente\u015felerini s\u00f6k\u00fcyor. Ecnebi, naif bir sempati, tuhaf insanl\u0131k dersleri ile \u00e7\u0131lg\u0131n d\u00fc\u015flerin ve u\u00e7urumlardan d\u00fc\u015f\u00fc\u015flerin harman\u0131 bir ders kitab\u0131.\u201dAyhan Sicimo\u011flu<\/p>\n","protected":false},"excerpt":{"rendered":"<p>D\u00fcnyaca \u00fcnl\u00fc k\u00e2hin Baldemar Dagoberto\u2019nun T\u00fcrkiye\u2019yi ve d\u00fcnyay\u0131 ilgilendiren kehanetleri nelerdi?28 Ocak 1986\u2019da Tokat\u2019ta neler ya\u015fand\u0131?Gurbet\u00e7i Nebi\u2019nin kar\u015f\u0131s\u0131na \u00e7\u0131kan i\u015faretlerin anlam\u0131 neydi?Bu i\u015faretlerin bug\u00fcne etkileri neler<span class=\"excerpt-hellip\"> [\u2026]<\/span><\/p>\n","protected":false},"featured_media":0,"template":"","meta":{"_monsterinsights_skip_tracking":false,"_monsterinsights_sitenote_active":false,"_monsterinsights_sitenote_note":"","_monsterinsights_sitenote_category":0},"product_brand":[],"product_cat":[12291,12292],"product_tag":[],"class_list":{"0":"post-718469","1":"product","2":"type-product","3":"status-publish","5":"product_cat-edebiyat","6":"product_cat-turk-edebiyati","7":"pa_cilt-ciltsiz","8":"pa_tur-kitap","9":"pa_yayinevi-kirmizi-kedi-yayinevi","10":"pa_yazar-seref-duzyatanlar","12":"first","13":"instock","14":"sale","15":"shipping-taxable","16":"purchasable","17":"product-type-simple"},"_links":{"self":[{"href":"https:\/\/roveyayinevi.com.tr\/index.php\/wp-json\/wp\/v2\/product\/718469","targetHints":{"allow":["GET"]}}],"collection":[{"href":"https:\/\/roveyayinevi.com.tr\/index.php\/wp-json\/wp\/v2\/product"}],"about":[{"href":"https:\/\/roveyayinevi.com.tr\/index.php\/wp-json\/wp\/v2\/types\/product"}],"wp:attachment":[{"href":"https:\/\/roveyayinevi.com.tr\/index.php\/wp-json\/wp\/v2\/media?parent=718469"}],"wp:term":[{"taxonomy":"product_brand","embeddable":true,"href":"https:\/\/roveyayinevi.com.tr\/index.php\/wp-json\/wp\/v2\/product_brand?post=718469"},{"taxonomy":"product_cat","embeddable":true,"href":"https:\/\/roveyayinevi.com.tr\/index.php\/wp-json\/wp\/v2\/product_cat?post=718469"},{"taxonomy":"product_tag","embeddable":true,"href":"https:\/\/roveyayinevi.com.tr\/index.php\/wp-json\/wp\/v2\/product_tag?post=718469"}],"curies":[{"name":"wp","href":"https:\/\/api.w.org\/{rel}","templated":true}]}}