{"id":718465,"date":"2025-08-27T18:09:15","date_gmt":"2025-08-27T15:09:15","guid":{"rendered":"https:\/\/roveyayinevi.com.tr\/index.php\/urun\/koc-bakisi\/"},"modified":"2026-03-12T02:35:26","modified_gmt":"2026-03-11T23:35:26","slug":"koc-bakisi","status":"publish","type":"product","link":"https:\/\/roveyayinevi.com.tr\/index.php\/urun\/koc-bakisi\/","title":{"rendered":"Ko\u00e7 Bak\u0131\u015f\u0131"},"content":{"rendered":"<p>&#8220;Ko\u00e7 bak\u0131\u015f\u0131 ,teoriden prati\u011fe giden bir yol de\u011fil, pratikten teoriye giden bir yoldur.Yazar bu yolda yaln\u0131z de\u011fil , yolculuk da s\u0131radan de\u011fildir.\u00d6nce denenmi\u015f uygulanm\u0131\u015f , sonu\u00e7 al\u0131nm\u0131\u015f , sonra da s\u00f6ze gelmi\u015ftir.Yolcular\u0131, ba\u015fka yolculuklara \u00e7\u0131km\u0131\u015f olsalar da bu yolda kazand\u0131klar\u0131 onlara her daim \u0131\u015f\u0131k tutmaktad\u0131r.\u0130\u00e7eri\u011fe girmeden \u015funu s\u00f6yleyeyim ki; bu kitapla, tecr\u00fcbeden s\u00fcz\u00fclm\u00fc\u015f bir kayna\u011fa ula\u015fm\u0131\u015f olacaks\u0131n\u0131z.Umar\u0131m bu tecr\u00fcbeler sizin de yolunuzu a\u00e7acakt\u0131r.Yolunuz a\u00e7\u0131k yolculu\u011funuz keyfili olsun&#8221;Y\u00fcksel Kayg\u0131s\u0131z E\u011fitimci&#8221;Ku\u015f bak\u0131\u015f\u0131n\u0131 biliyoruz ama &#8216;Ko\u00e7 Bak\u0131\u015f\u0131&#8217;da neymi\u015f diyebilirsiniz.Kimin bakt\u0131\u011f\u0131 \u00f6nemlidir.Ya da kimin g\u00f6z\u00fcyle bakt\u0131\u011f\u0131n\u0131z.Olaylara , insanlara hayata farkl\u0131 bir g\u00f6zle bakabilmek,Konu bir de e\u011fitim olunca daha da de\u011fer kazan\u0131r.Ko\u00e7 Bak\u0131\u015f\u0131 , i\u015fi g\u00fcc\u00fc \u00f6\u011frencileri olan , e\u011fitim bir ko\u00e7un bak\u0131\u015f\u0131&#8230;Eme\u011fine , y\u00fcre\u011fine sa\u011fl\u0131kKO\u00c7UM BEN\u0130M!AYDIN Y\u00dcCE E\u011e\u0130T\u0130MC\u0130<\/p>\n","protected":false},"excerpt":{"rendered":"<p>&#8220;Ko\u00e7 bak\u0131\u015f\u0131 ,teoriden prati\u011fe giden bir yol de\u011fil, pratikten teoriye giden bir yoldur.Yazar bu yolda yaln\u0131z de\u011fil , yolculuk da s\u0131radan de\u011fildir.\u00d6nce denenmi\u015f uygulanm\u0131\u015f , sonu\u00e7<span class=\"excerpt-hellip\"> [\u2026]<\/span><\/p>\n","protected":false},"featured_media":0,"template":"","meta":{"_monsterinsights_skip_tracking":false,"_monsterinsights_sitenote_active":false,"_monsterinsights_sitenote_note":"","_monsterinsights_sitenote_category":0},"product_brand":[],"product_cat":[12364,12376],"product_tag":[],"class_list":{"0":"post-718465","1":"product","2":"type-product","3":"status-publish","5":"product_cat-genel-konular","6":"product_cat-kisisel-gelisim","7":"pa_cilt-ciltsiz","8":"pa_tur-kitap","9":"pa_yayinevi-kirmizi-cati-yayinlari","10":"pa_yazar-fatih-kazim-kurucayli","12":"first","13":"instock","14":"sale","15":"shipping-taxable","16":"purchasable","17":"product-type-simple"},"_links":{"self":[{"href":"https:\/\/roveyayinevi.com.tr\/index.php\/wp-json\/wp\/v2\/product\/718465","targetHints":{"allow":["GET"]}}],"collection":[{"href":"https:\/\/roveyayinevi.com.tr\/index.php\/wp-json\/wp\/v2\/product"}],"about":[{"href":"https:\/\/roveyayinevi.com.tr\/index.php\/wp-json\/wp\/v2\/types\/product"}],"wp:attachment":[{"href":"https:\/\/roveyayinevi.com.tr\/index.php\/wp-json\/wp\/v2\/media?parent=718465"}],"wp:term":[{"taxonomy":"product_brand","embeddable":true,"href":"https:\/\/roveyayinevi.com.tr\/index.php\/wp-json\/wp\/v2\/product_brand?post=718465"},{"taxonomy":"product_cat","embeddable":true,"href":"https:\/\/roveyayinevi.com.tr\/index.php\/wp-json\/wp\/v2\/product_cat?post=718465"},{"taxonomy":"product_tag","embeddable":true,"href":"https:\/\/roveyayinevi.com.tr\/index.php\/wp-json\/wp\/v2\/product_tag?post=718465"}],"curies":[{"name":"wp","href":"https:\/\/api.w.org\/{rel}","templated":true}]}}