{"id":718463,"date":"2025-08-27T18:09:14","date_gmt":"2025-08-27T15:09:14","guid":{"rendered":"https:\/\/roveyayinevi.com.tr\/index.php\/urun\/bahcedeki-yastik\/"},"modified":"2026-04-16T02:26:42","modified_gmt":"2026-04-15T23:26:42","slug":"bahcedeki-yastik","status":"publish","type":"product","link":"https:\/\/roveyayinevi.com.tr\/index.php\/urun\/bahcedeki-yastik\/","title":{"rendered":"Bah\u00e7edeki Yast\u0131k"},"content":{"rendered":"<p>Burcu bir sabah okula giderken bah\u00e7enin k\u0131y\u0131s\u0131ndaki yast\u0131\u011f\u0131 fark etti. Cemil Dede g\u00f6rse oraya neden kondu\u011funu anlar, \u201cyast\u0131\u011fa benzer bir \u015fey\u201d der ge\u00e7erdi. Burcu ise onun ger\u00e7ek bir yast\u0131k oldu\u011fundan bir an bile ku\u015fku duymad\u0131. \u00d6yk\u00fcler uydurmaya da \u00e7ok elveri\u015fliydi do\u011frusu! \u00d6yk\u00fclerle hem e\u011flenceli olur hem de k\u0131sal\u0131rd\u0131 okulun yolu. Cemil Dede ile Burcu aras\u0131ndaki \u00f6yk\u00fc yar\u0131\u015f\u0131 b\u00f6yle ba\u015flad\u0131. Ger\u00e7ekten de bah\u00e7ede o yast\u0131k niye vard\u0131 acaba? <\/p>\n","protected":false},"excerpt":{"rendered":"<p>Burcu bir sabah okula giderken bah\u00e7enin k\u0131y\u0131s\u0131ndaki yast\u0131\u011f\u0131 fark etti. Cemil Dede g\u00f6rse oraya neden kondu\u011funu anlar, \u201cyast\u0131\u011fa benzer bir \u015fey\u201d der ge\u00e7erdi. Burcu ise onun<span class=\"excerpt-hellip\"> [\u2026]<\/span><\/p>\n","protected":false},"featured_media":0,"template":"","meta":{"_monsterinsights_skip_tracking":false,"_monsterinsights_sitenote_active":false,"_monsterinsights_sitenote_note":"","_monsterinsights_sitenote_category":0},"product_brand":[],"product_cat":[12274,12284],"product_tag":[],"class_list":{"0":"post-718463","1":"product","2":"type-product","3":"status-publish","5":"product_cat-cocuk-ve-genclik-kitaplari","6":"product_cat-hikayeler","7":"pa_cilt-ciltsiz","8":"pa_tur-kitap","9":"pa_yayinevi-kirmizi-kedi-yayinevi","10":"pa_yazar-feyza-hepcilingirler","12":"first","13":"instock","14":"sale","15":"shipping-taxable","16":"purchasable","17":"product-type-simple"},"_links":{"self":[{"href":"https:\/\/roveyayinevi.com.tr\/index.php\/wp-json\/wp\/v2\/product\/718463","targetHints":{"allow":["GET"]}}],"collection":[{"href":"https:\/\/roveyayinevi.com.tr\/index.php\/wp-json\/wp\/v2\/product"}],"about":[{"href":"https:\/\/roveyayinevi.com.tr\/index.php\/wp-json\/wp\/v2\/types\/product"}],"wp:attachment":[{"href":"https:\/\/roveyayinevi.com.tr\/index.php\/wp-json\/wp\/v2\/media?parent=718463"}],"wp:term":[{"taxonomy":"product_brand","embeddable":true,"href":"https:\/\/roveyayinevi.com.tr\/index.php\/wp-json\/wp\/v2\/product_brand?post=718463"},{"taxonomy":"product_cat","embeddable":true,"href":"https:\/\/roveyayinevi.com.tr\/index.php\/wp-json\/wp\/v2\/product_cat?post=718463"},{"taxonomy":"product_tag","embeddable":true,"href":"https:\/\/roveyayinevi.com.tr\/index.php\/wp-json\/wp\/v2\/product_tag?post=718463"}],"curies":[{"name":"wp","href":"https:\/\/api.w.org\/{rel}","templated":true}]}}