{"id":718462,"date":"2025-08-27T18:09:13","date_gmt":"2025-08-27T15:09:13","guid":{"rendered":"https:\/\/roveyayinevi.com.tr\/index.php\/urun\/samil\/"},"modified":"2026-04-16T02:26:42","modified_gmt":"2026-04-15T23:26:42","slug":"samil","status":"publish","type":"product","link":"https:\/\/roveyayinevi.com.tr\/index.php\/urun\/samil\/","title":{"rendered":"\u015eamil"},"content":{"rendered":"<p>\u015eamil, beyaz \u00f6rt\u00fcl\u00fc Kafkas Da\u011flar\u0131\u2019nda  ya\u015fad\u0131\u011f\u0131 d\u00f6nemde, d\u00fcnyadaki be\u015f b\u00fcy\u00fck  imparatorluktan birine sahip olan Ruslara kar\u015f\u0131 m\u00fcthi\u015f bir ba\u011f\u0131ms\u0131zl\u0131k ve \u00f6zg\u00fcrl\u00fck m\u00fccadelesi veren  halk kahraman\u0131 ve lideridir\u2026 Rus Sava\u015f Bakan\u0131 \u00c7erni\u015fev, \u015eamil\u2019in az bir kuvvetle Da\u011f\u0131stan\u2019daki Rus birliklerinin \u00e7o\u011funu imha etti\u011fini imparatora anlatt\u0131\u011f\u0131nda; \u00c7ar I. Nikola\u2019n\u0131n dudaklar\u0131ndan istemeden \u015fu s\u00f6zler d\u00f6k\u00fcld\u00fc: \u201cHi\u00e7bir zaman m\u00fccadele etmememiz gereken bir adama kar\u015f\u0131 sava\u015fa girdik!..\u201d <\/p>\n","protected":false},"excerpt":{"rendered":"<p>\u015eamil, beyaz \u00f6rt\u00fcl\u00fc Kafkas Da\u011flar\u0131\u2019nda ya\u015fad\u0131\u011f\u0131 d\u00f6nemde, d\u00fcnyadaki be\u015f b\u00fcy\u00fck imparatorluktan birine sahip olan Ruslara kar\u015f\u0131 m\u00fcthi\u015f bir ba\u011f\u0131ms\u0131zl\u0131k ve \u00f6zg\u00fcrl\u00fck m\u00fccadelesi veren halk kahraman\u0131 ve<span class=\"excerpt-hellip\"> [\u2026]<\/span><\/p>\n","protected":false},"featured_media":0,"template":"","meta":{"_monsterinsights_skip_tracking":false,"_monsterinsights_sitenote_active":false,"_monsterinsights_sitenote_note":"","_monsterinsights_sitenote_category":0},"product_brand":[],"product_cat":[14009,12291],"product_tag":[],"class_list":{"0":"post-718462","1":"product","2":"type-product","3":"status-publish","5":"product_cat-biyografi-otobiyografi-edebiyat","6":"product_cat-edebiyat","7":"pa_cilt-ciltsiz","8":"pa_tur-kitap","9":"pa_yayinevi-inkilap-kitabevi","10":"pa_yazar-osman-pamukoglu","12":"first","13":"instock","14":"sale","15":"shipping-taxable","16":"purchasable","17":"product-type-simple"},"_links":{"self":[{"href":"https:\/\/roveyayinevi.com.tr\/index.php\/wp-json\/wp\/v2\/product\/718462","targetHints":{"allow":["GET"]}}],"collection":[{"href":"https:\/\/roveyayinevi.com.tr\/index.php\/wp-json\/wp\/v2\/product"}],"about":[{"href":"https:\/\/roveyayinevi.com.tr\/index.php\/wp-json\/wp\/v2\/types\/product"}],"wp:attachment":[{"href":"https:\/\/roveyayinevi.com.tr\/index.php\/wp-json\/wp\/v2\/media?parent=718462"}],"wp:term":[{"taxonomy":"product_brand","embeddable":true,"href":"https:\/\/roveyayinevi.com.tr\/index.php\/wp-json\/wp\/v2\/product_brand?post=718462"},{"taxonomy":"product_cat","embeddable":true,"href":"https:\/\/roveyayinevi.com.tr\/index.php\/wp-json\/wp\/v2\/product_cat?post=718462"},{"taxonomy":"product_tag","embeddable":true,"href":"https:\/\/roveyayinevi.com.tr\/index.php\/wp-json\/wp\/v2\/product_tag?post=718462"}],"curies":[{"name":"wp","href":"https:\/\/api.w.org\/{rel}","templated":true}]}}