{"id":718460,"date":"2025-08-27T18:09:12","date_gmt":"2025-08-27T15:09:12","guid":{"rendered":"https:\/\/roveyayinevi.com.tr\/index.php\/urun\/eliza-ve-canavarlari\/"},"modified":"2026-04-15T02:35:52","modified_gmt":"2026-04-14T23:35:52","slug":"eliza-ve-canavarlari","status":"publish","type":"product","link":"https:\/\/roveyayinevi.com.tr\/index.php\/urun\/eliza-ve-canavarlari\/","title":{"rendered":"Eliza ve Canavarlar\u0131"},"content":{"rendered":"<p>Ger\u00e7ek hayatta, Eliza Mirk utanga\u00e7 ve tuhaft\u0131r. Ayr\u0131ca hi\u00e7 arkada\u015f\u0131 yoktur. \u00c7evrimi\u00e7iyse, fazlaca pop\u00fcler internet \u00e7izgi roman\u0131 Canavar Deniz\u2019in anonim yazar\u0131 BayanTak\u0131my\u0131ld\u0131z\u0131\u2019d\u0131r. Eliza \u00e7evrimi\u00e7i d\u00fcnyay\u0131 sevdi\u011fi kadar ger\u00e7ek d\u00fcnyadan da zevk almay\u0131 hayal bile edemez, bunu denemeye bile yeltenmez.Sonra Canavar Deniz\u2019in en \u00f6nemli hayran kurgusu yazar\u0131 Wallace Warland, Eliza\u2019n\u0131n okuluna nakil olur. Wallace onun yaln\u0131zca bir ba\u015fka hayran oldu\u011funu d\u00fc\u015f\u00fcn\u00fcr ve Eliza\u2019y\u0131 i\u00e7ine sakland\u0131\u011f\u0131 kabu\u011fundan \u00e7\u0131kar\u0131rken gen\u00e7 k\u0131z \u00e7evrimd\u0131\u015f\u0131 bir hayata de\u011fip de\u011fmeyece\u011fini d\u00fc\u015f\u00fcn\u00fcr.Fakat Eliza\u2019n\u0131n s\u0131rr\u0131n\u0131 kazara t\u00fcm d\u00fcnya \u00f6\u011frenince yaratt\u0131\u011f\u0131 her \u015fey hik\u00e2yesi, Wallace\u2019la arkada\u015fl\u0131\u011f\u0131 ve ak\u0131l sa\u011fl\u0131\u011f\u0131 da\u011f\u0131lmaya ba\u015flar.\u201cZappia, Eliza\u2019n\u0131n kayg\u0131 ve depresyonla karma\u015f\u0131k m\u00fccadelesini, kendi \u00e7izdi\u011fi \u00e7izgi roman resimleriyle renklendirerek incelikle irdeliyor. Tutkulu bir \u00e7evrimi\u00e7i hayranl\u0131k hik\u00e2yesi.\u201dBooklist<\/p>\n","protected":false},"excerpt":{"rendered":"<p>Ger\u00e7ek hayatta, Eliza Mirk utanga\u00e7 ve tuhaft\u0131r. Ayr\u0131ca hi\u00e7 arkada\u015f\u0131 yoktur. \u00c7evrimi\u00e7iyse, fazlaca pop\u00fcler internet \u00e7izgi roman\u0131 Canavar Deniz\u2019in anonim yazar\u0131 BayanTak\u0131my\u0131ld\u0131z\u0131\u2019d\u0131r. Eliza \u00e7evrimi\u00e7i d\u00fcnyay\u0131 sevdi\u011fi<span class=\"excerpt-hellip\"> [\u2026]<\/span><\/p>\n","protected":false},"featured_media":0,"template":"","meta":{"_monsterinsights_skip_tracking":false,"_monsterinsights_sitenote_active":false,"_monsterinsights_sitenote_note":"","_monsterinsights_sitenote_category":0},"product_brand":[],"product_cat":[12291,12711],"product_tag":[],"class_list":{"0":"post-718460","1":"product","2":"type-product","3":"status-publish","5":"product_cat-edebiyat","6":"product_cat-roman-oyku","7":"pa_cilt-ciltsiz","8":"pa_tur-kitap","9":"pa_yayinevi-pegasus-yayinlari","10":"pa_yazar-francesca-zappia","12":"first","13":"instock","14":"sale","15":"shipping-taxable","16":"purchasable","17":"product-type-simple"},"_links":{"self":[{"href":"https:\/\/roveyayinevi.com.tr\/index.php\/wp-json\/wp\/v2\/product\/718460","targetHints":{"allow":["GET"]}}],"collection":[{"href":"https:\/\/roveyayinevi.com.tr\/index.php\/wp-json\/wp\/v2\/product"}],"about":[{"href":"https:\/\/roveyayinevi.com.tr\/index.php\/wp-json\/wp\/v2\/types\/product"}],"wp:attachment":[{"href":"https:\/\/roveyayinevi.com.tr\/index.php\/wp-json\/wp\/v2\/media?parent=718460"}],"wp:term":[{"taxonomy":"product_brand","embeddable":true,"href":"https:\/\/roveyayinevi.com.tr\/index.php\/wp-json\/wp\/v2\/product_brand?post=718460"},{"taxonomy":"product_cat","embeddable":true,"href":"https:\/\/roveyayinevi.com.tr\/index.php\/wp-json\/wp\/v2\/product_cat?post=718460"},{"taxonomy":"product_tag","embeddable":true,"href":"https:\/\/roveyayinevi.com.tr\/index.php\/wp-json\/wp\/v2\/product_tag?post=718460"}],"curies":[{"name":"wp","href":"https:\/\/api.w.org\/{rel}","templated":true}]}}