{"id":718457,"date":"2025-08-27T18:09:09","date_gmt":"2025-08-27T15:09:09","guid":{"rendered":"https:\/\/roveyayinevi.com.tr\/index.php\/urun\/garson\/"},"modified":"2026-04-16T02:26:27","modified_gmt":"2026-04-15T23:26:27","slug":"garson","status":"publish","type":"product","link":"https:\/\/roveyayinevi.com.tr\/index.php\/urun\/garson\/","title":{"rendered":"Garson"},"content":{"rendered":"<p>Hills isimli as\u0131rl\u0131k bir Avrupa restoran\u0131nda, orta ya\u015fl\u0131 bir garson i\u015finin de\u011fi\u015fmez y\u00f6nleriyle gurur duyuyor: Kusursuz bir \u00fcniforma, bir \u00f6rnek masa \u00f6rt\u00fcleri, m\u00fcdavimleri ve d\u00fczenli ak\u015fam yemekleri. H\u0131nz\u0131r ve onun kalbur\u00fcst\u00fc konuklar\u0131, alkolik akt\u00f6r ve arkada\u015flar\u0131, bir sanat simsar\u0131, Garson\u2019un yeg\u00e2ne arkada\u015f\u0131 Edgar ve k\u00fc\u00e7\u00fck k\u0131z\u0131 Anna. Ve tabii ki \u015eef Garson, Bar Sorumlusu, A\u015f\u00e7\u0131. Bu kendi istikrarl\u0131 ritmiyle ya\u015fayan evrende, masalar aras\u0131nda herhangi bir temas yoktur&#8230; Ta ki g\u00fczel ve bak\u0131ml\u0131 bir gen\u00e7 kad\u0131n kap\u0131dan i\u00e7eri girip restoran\u0131n ve temsil etti\u011fi her \u015feyin hassas dengesini bozana dek&#8230;Garson Avrupa\u2019n\u0131n son y\u00fczy\u0131l\u0131n\u0131, o b\u00fcy\u00fck resmi tek mek\u00e2n ve sakinleriyle \u00f6zetleyen b\u00fcy\u00fcleyici bir hik\u00e2ye. Her \u015fey olmas\u0131 gerekti\u011fi haliyle olmas\u0131 gerekti\u011fi yerdeyken -en az\u0131ndan Garson\u2019a g\u00f6re- bir \u015feyler de\u011fi\u015fmeye ba\u015flad\u0131\u011f\u0131nda y\u00fckselen endi\u015fe, b\u00fct\u00fcn d\u00fczeni alt\u00fcst etmeye yetiyor. Asl\u0131nda, ko\u015fullar g\u00f6z \u00f6n\u00fcnde bulunduruldu\u011funda, endi\u015fe belki de en mant\u0131kl\u0131 tepki&#8230;\u201cFaldbakken\u2019in roman\u0131, daha \u00f6nce birka\u00e7 kez okudu\u011funuz, ancak asla bitmi\u015f hissetmedi\u011finiz bir klasik gibi. Hi\u00e7bir zaman o dile, ayr\u0131nt\u0131lara doymu\u015f hissetmezsiniz, \u00e7ok zekice kurgulanm\u0131\u015flard\u0131r \u00e7\u00fcnk\u00fc. Garson da yeniden okumak i\u00e7in memnuniyetle kitapl\u0131kta tutaca\u011f\u0131n\u0131z epik bir eser.\u201dLitteratursiden\u201cEskiden g\u00f6rkemli g\u00fcnler g\u00f6rm\u00fc\u015f bir Oslo restoran\u0131nda ge\u00e7en, zekice, melankolik ve hicivli bir roman. Wes Anderson hayranlar\u0131 buna bay\u0131lacak.\u201dThe Globe and Mail\u201cTad\u0131na doyulmaz zenginlikte bir hik\u00e2ye.\u201dMail on Sunday\u201cMervyn Peake ve Wes Anderson\u2019\u0131 d\u00fc\u015f\u00fcn\u00fcn, \u015fimdi bunu Nathanael West\u2019in duygusuz tuhafl\u0131\u011f\u0131yla bulu\u015fturun: \u015ea\u015f\u0131rt\u0131c\u0131, ilgin\u00e7 ve e\u011flenceli bir roman.\u201dKirkus Reviews\u201cGarson, Oslo\u2019daki Hills adl\u0131 b\u00fcy\u00fck ve eski bir restoranda, \u00e7ok \u015fahane yemekler boyunca tecr\u00fcbeli bir garson taraf\u0131ndan anlat\u0131lan, iddial\u0131 bir hik\u00e2ye\u2026 Faldbakken\u2019in hik\u00e2yesi, restoran taraf\u0131ndan temsil edilen \u2018eski d\u00fcnya\u2019y\u0131 iyisiyle k\u00f6t\u00fcs\u00fcyle if\u015fa ederken bu \u00f6zneyi zekice ve \u00e7arp\u0131c\u0131 bir romana d\u00f6n\u00fc\u015f\u00fcyor.\u201dPublishers Weekly<\/p>\n","protected":false},"excerpt":{"rendered":"<p>Hills isimli as\u0131rl\u0131k bir Avrupa restoran\u0131nda, orta ya\u015fl\u0131 bir garson i\u015finin de\u011fi\u015fmez y\u00f6nleriyle gurur duyuyor: Kusursuz bir \u00fcniforma, bir \u00f6rnek masa \u00f6rt\u00fcleri, m\u00fcdavimleri ve d\u00fczenli ak\u015fam<span class=\"excerpt-hellip\"> [\u2026]<\/span><\/p>\n","protected":false},"featured_media":0,"template":"","meta":{"_monsterinsights_skip_tracking":false,"_monsterinsights_sitenote_active":false,"_monsterinsights_sitenote_note":"","_monsterinsights_sitenote_category":0},"product_brand":[],"product_cat":[12291,12711],"product_tag":[],"class_list":{"0":"post-718457","1":"product","2":"type-product","3":"status-publish","5":"product_cat-edebiyat","6":"product_cat-roman-oyku","7":"pa_cilt-ciltsiz","8":"pa_tur-kitap","9":"pa_yayinevi-timas-yayinlari","10":"pa_yazar-matias-faldbakken","12":"first","13":"instock","14":"sale","15":"shipping-taxable","16":"purchasable","17":"product-type-simple"},"_links":{"self":[{"href":"https:\/\/roveyayinevi.com.tr\/index.php\/wp-json\/wp\/v2\/product\/718457","targetHints":{"allow":["GET"]}}],"collection":[{"href":"https:\/\/roveyayinevi.com.tr\/index.php\/wp-json\/wp\/v2\/product"}],"about":[{"href":"https:\/\/roveyayinevi.com.tr\/index.php\/wp-json\/wp\/v2\/types\/product"}],"wp:attachment":[{"href":"https:\/\/roveyayinevi.com.tr\/index.php\/wp-json\/wp\/v2\/media?parent=718457"}],"wp:term":[{"taxonomy":"product_brand","embeddable":true,"href":"https:\/\/roveyayinevi.com.tr\/index.php\/wp-json\/wp\/v2\/product_brand?post=718457"},{"taxonomy":"product_cat","embeddable":true,"href":"https:\/\/roveyayinevi.com.tr\/index.php\/wp-json\/wp\/v2\/product_cat?post=718457"},{"taxonomy":"product_tag","embeddable":true,"href":"https:\/\/roveyayinevi.com.tr\/index.php\/wp-json\/wp\/v2\/product_tag?post=718457"}],"curies":[{"name":"wp","href":"https:\/\/api.w.org\/{rel}","templated":true}]}}