{"id":718455,"date":"2025-08-27T18:09:08","date_gmt":"2025-08-27T15:09:08","guid":{"rendered":"https:\/\/roveyayinevi.com.tr\/index.php\/urun\/iktisadi-dusunce-tarihi-3\/"},"modified":"2026-04-16T02:26:27","modified_gmt":"2026-04-15T23:26:27","slug":"iktisadi-dusunce-tarihi-3","status":"publish","type":"product","link":"https:\/\/roveyayinevi.com.tr\/index.php\/urun\/iktisadi-dusunce-tarihi-3\/","title":{"rendered":"\u0130ktisadi D\u00fc\u015f\u00fcnce Tarihi"},"content":{"rendered":"<p>Elinizdeki bu kitap, yazarlar\u0131n\u0131n belirtti\u011fi gibi, iktisadi d\u00fc\u015f\u00fcnce tarihi alan\u0131nda e\u015fi olmayan bir eserdir. Yazarlar, sosyal bilimler alan\u0131nda yaz\u0131lm\u0131\u015f herhangi bir kitab\u0131n tarafs\u0131z olamayaca\u011f\u0131n\u0131 vurgulayarak, yazd\u0131klar\u0131 kitapta tarafs\u0131z olmad\u0131klar\u0131n\u0131 belirtmektedirler.  Nitekim insan\u0131n insan olarak sahip oldu\u011fu potansiyelleri ger\u00e7ekle\u015ftirmesi gereklili\u011fine yapt\u0131klar\u0131 vurgu, taraflar\u0131n\u0131 ortaya koymaktad\u0131r. Bu nedenle insanlar\u0131n kendilerine ve emeklerinin \u00fcr\u00fcnlerine yabanc\u0131la\u015fmalar\u0131n\u0131n yan\u0131 s\u0131ra, i\u015fsizlik, t\u00fcketimcilik, bireycilik, doymak bilmez bir sat\u0131n alma tutkusu ve bunlar\u0131n g\u00fcn\u00fcm\u00fcz insan\u0131nda yaratt\u0131\u011f\u0131 kayg\u0131lar, bu kitab\u0131n bir iktisadi d\u00fc\u015f\u00fcnce tarihi kitab\u0131n\u0131n sayfalar\u0131 aras\u0131nda t\u00fcm do\u011fall\u0131\u011f\u0131 i\u00e7inde yer bulabilmektedir. \u00c7\u00fcnk\u00fc bu kitapta ekonomi veya g\u00fcn\u00fcm\u00fczde ayn\u0131 \u015feymi\u015f gibi anla\u015f\u0131lan piyasa denilen alan, toplumsal ili\u015fkiler i\u00e7ine tarihsel ba\u011flam\u0131 i\u00e7inde yerle\u015ftirilmekte; insan, soyut \u201cmaksimizasyoncu birey\u201d olarak de\u011fil, eme\u011fiyle \u00fcreten, eme\u011finin kar\u015f\u0131l\u0131\u011f\u0131n\u0131 almaya gayret eden, toplumsal kimli\u011fi alt\u0131nda var olma m\u00fccadelesi veren sosyal bir varl\u0131k olarak ele al\u0131nmaktad\u0131r. H\u00e2l b\u00f6yle olunca, iktisat, soyut birtak\u0131m bireylerin ve firmalar\u0131n kuralla\u015ft\u0131r\u0131labilir davran\u0131\u015flar\u0131n\u0131 \u201cbilimsel bir y\u00f6ntemle inceleyen\u201d bir d\u00fc\u015f\u00fcnsel etkinlik olmaktan \u00e7\u0131kmakta; tarihin ve kendinin bilincine varma, toplumsal s\u00fcre\u00e7leri kavrama \u00e7abas\u0131n\u0131n kapitalist toplum ba\u011flam\u0131nda ortaya \u00e7\u0131kan belirli bir bi\u00e7imi haline gelmektedir. Dahas\u0131, sadece ele ald\u0131klar\u0131yla de\u011fil, ayn\u0131 zamanda ele almad\u0131klar\u0131yla da iktisat, bir anlamda bir d\u00fc\u015f\u00fcnsel m\u00fccadele alan\u0131 olarak kar\u015f\u0131m\u0131za \u00e7\u0131kmaktad\u0131r. E.K. Hunt ve Mark Lautzenheiser\u2019in kaleme ald\u0131\u011f\u0131 bu kitap, b\u00fct\u00fcn bu konular\u0131 \u201cele\u015ftirel bir perspektiften\u201d meslekten iktisat\u00e7\u0131 olmayanlar i\u00e7in de (belki de onlar i\u00e7in daha kolay olacak \u015fekilde) anla\u015f\u0131labilir bir dille sunmakta, iktisada, iktisat\u00e7\u0131lar\u0131n \u00e7oktan unuttu\u011fu \u201cpolitik iktisat\u201d kimli\u011fini yeniden kazand\u0131rmaktad\u0131r. <\/p>\n","protected":false},"excerpt":{"rendered":"<p>Elinizdeki bu kitap, yazarlar\u0131n\u0131n belirtti\u011fi gibi, iktisadi d\u00fc\u015f\u00fcnce tarihi alan\u0131nda e\u015fi olmayan bir eserdir. Yazarlar, sosyal bilimler alan\u0131nda yaz\u0131lm\u0131\u015f herhangi bir kitab\u0131n tarafs\u0131z olamayaca\u011f\u0131n\u0131 vurgulayarak, yazd\u0131klar\u0131<span class=\"excerpt-hellip\"> [\u2026]<\/span><\/p>\n","protected":false},"featured_media":0,"template":"","meta":{"_monsterinsights_skip_tracking":false,"_monsterinsights_sitenote_active":false,"_monsterinsights_sitenote_note":"","_monsterinsights_sitenote_category":0},"product_brand":[],"product_cat":[20333,13043],"product_tag":[],"class_list":{"0":"post-718455","1":"product","2":"type-product","3":"status-publish","5":"product_cat-diger-ekonomi","6":"product_cat-ekonomi","7":"pa_cilt-ciltsiz","8":"pa_tur-kitap","9":"pa_yayinevi-siyasal-kitabevi","10":"pa_yazar-e-k-hunt-mark-lautzenheiser","12":"first","13":"instock","14":"sale","15":"shipping-taxable","16":"purchasable","17":"product-type-simple"},"_links":{"self":[{"href":"https:\/\/roveyayinevi.com.tr\/index.php\/wp-json\/wp\/v2\/product\/718455","targetHints":{"allow":["GET"]}}],"collection":[{"href":"https:\/\/roveyayinevi.com.tr\/index.php\/wp-json\/wp\/v2\/product"}],"about":[{"href":"https:\/\/roveyayinevi.com.tr\/index.php\/wp-json\/wp\/v2\/types\/product"}],"wp:attachment":[{"href":"https:\/\/roveyayinevi.com.tr\/index.php\/wp-json\/wp\/v2\/media?parent=718455"}],"wp:term":[{"taxonomy":"product_brand","embeddable":true,"href":"https:\/\/roveyayinevi.com.tr\/index.php\/wp-json\/wp\/v2\/product_brand?post=718455"},{"taxonomy":"product_cat","embeddable":true,"href":"https:\/\/roveyayinevi.com.tr\/index.php\/wp-json\/wp\/v2\/product_cat?post=718455"},{"taxonomy":"product_tag","embeddable":true,"href":"https:\/\/roveyayinevi.com.tr\/index.php\/wp-json\/wp\/v2\/product_tag?post=718455"}],"curies":[{"name":"wp","href":"https:\/\/api.w.org\/{rel}","templated":true}]}}