{"id":718452,"date":"2025-08-27T18:09:06","date_gmt":"2025-08-27T15:09:06","guid":{"rendered":"https:\/\/roveyayinevi.com.tr\/index.php\/urun\/islam-inanc-ilmihali\/"},"modified":"2026-04-16T02:26:26","modified_gmt":"2026-04-15T23:26:26","slug":"islam-inanc-ilmihali","status":"publish","type":"product","link":"https:\/\/roveyayinevi.com.tr\/index.php\/urun\/islam-inanc-ilmihali\/","title":{"rendered":"\u0130slam \u0130nan\u00e7 \u0130lmihali"},"content":{"rendered":"<p>\u0130man denince akla gelen \u015fey, sa\u011fl\u0131kl\u0131 bilginin yan\u0131 s\u0131ra, ya\u015fanan, solunan, zevk edilen bir hayat olmal\u0131d\u0131r. Kur\u2019\u00e2n\u2019\u0131n ve Hadisin bize \u00f6\u011fretti\u011fi iman, aynen b\u00f6yle bir hayatt\u0131r.Allah\u2019\u0131n Kel\u00e2m\u0131ndan ve onu getiren Peygamberden dersini alan m\u00fc\u2019min, hayat\u0131n\u0131n her a\u015famas\u0131nda kendisini Rabbinin huzurunda ve meleklerden dostlarla ku\u015fat\u0131lm\u0131\u015f bir h\u00e2lde bilir, Peygamberinde candan aziz bir sevgili bulur, kitab\u0131nda Rabbinin hitab\u0131yla ba\u015f ba\u015fa bir sohbeti ya\u015far, ba\u015f\u0131na gelen her \u015feyi \u00e2lemlerin Rabbinden bir arma\u011fan olarak kar\u015f\u0131lar, d\u00fcnya hayat\u0131n\u0131 huzurla tamamlay\u0131p ahiret \u00e2lemine m\u00fcjdeler aras\u0131nda ad\u0131m\u0131n\u0131 atar.<\/p>\n","protected":false},"excerpt":{"rendered":"<p>\u0130man denince akla gelen \u015fey, sa\u011fl\u0131kl\u0131 bilginin yan\u0131 s\u0131ra, ya\u015fanan, solunan, zevk edilen bir hayat olmal\u0131d\u0131r. Kur\u2019\u00e2n\u2019\u0131n ve Hadisin bize \u00f6\u011fretti\u011fi iman, aynen b\u00f6yle bir hayatt\u0131r.Allah\u2019\u0131n<span class=\"excerpt-hellip\"> [\u2026]<\/span><\/p>\n","protected":false},"featured_media":0,"template":"","meta":{"_monsterinsights_skip_tracking":false,"_monsterinsights_sitenote_active":false,"_monsterinsights_sitenote_note":"","_monsterinsights_sitenote_category":0},"product_brand":[],"product_cat":[12718,12719,17284],"product_tag":[],"class_list":{"0":"post-718452","1":"product","2":"type-product","3":"status-publish","5":"product_cat-din","6":"product_cat-islam","7":"product_cat-kuran-ve-kuran-uzerine","8":"pa_cilt-ciltsiz","9":"pa_tur-kitap","10":"pa_yayinevi-nesil-yayinlari","11":"pa_yazar-umit-simsek","13":"first","14":"instock","15":"sale","16":"shipping-taxable","17":"purchasable","18":"product-type-simple"},"_links":{"self":[{"href":"https:\/\/roveyayinevi.com.tr\/index.php\/wp-json\/wp\/v2\/product\/718452","targetHints":{"allow":["GET"]}}],"collection":[{"href":"https:\/\/roveyayinevi.com.tr\/index.php\/wp-json\/wp\/v2\/product"}],"about":[{"href":"https:\/\/roveyayinevi.com.tr\/index.php\/wp-json\/wp\/v2\/types\/product"}],"wp:attachment":[{"href":"https:\/\/roveyayinevi.com.tr\/index.php\/wp-json\/wp\/v2\/media?parent=718452"}],"wp:term":[{"taxonomy":"product_brand","embeddable":true,"href":"https:\/\/roveyayinevi.com.tr\/index.php\/wp-json\/wp\/v2\/product_brand?post=718452"},{"taxonomy":"product_cat","embeddable":true,"href":"https:\/\/roveyayinevi.com.tr\/index.php\/wp-json\/wp\/v2\/product_cat?post=718452"},{"taxonomy":"product_tag","embeddable":true,"href":"https:\/\/roveyayinevi.com.tr\/index.php\/wp-json\/wp\/v2\/product_tag?post=718452"}],"curies":[{"name":"wp","href":"https:\/\/api.w.org\/{rel}","templated":true}]}}