{"id":718450,"date":"2025-08-27T18:09:05","date_gmt":"2025-08-27T15:09:05","guid":{"rendered":"https:\/\/roveyayinevi.com.tr\/index.php\/urun\/dervisin-yolu-3-99-esma-99-dua\/"},"modified":"2026-04-16T02:26:26","modified_gmt":"2026-04-15T23:26:26","slug":"dervisin-yolu-3-99-esma-99-dua","status":"publish","type":"product","link":"https:\/\/roveyayinevi.com.tr\/index.php\/urun\/dervisin-yolu-3-99-esma-99-dua\/","title":{"rendered":"Dervi\u015fin Yolu 3 ; 99 Esma 99 Dua"},"content":{"rendered":"<p>Dr. Senai Demirci, e\u015fsiz bir esma-i h\u00fcsna a\u00e7\u0131l\u0131m\u0131 yap\u0131yor. G\u00fczel isimlerin anlam\u0131n\u0131n insan ruhuna dokundu\u011fu yerleri buluyor.\u0130nsan gizemdir kendisine. K\u00f6rd\u00fc\u011f\u00fcmd\u00fcr kendi kendine. A\u00e7\u0131lmak ister ama dinleyen bulamaz. \u0130\u00e7inde sakl\u0131 gizli sesler duyulsun diye bekler ama herkes tela\u015fl\u0131d\u0131r. \u0130\u00e7inin kuyular\u0131na cesaretle ve \u015fefkatle e\u011filen birini bekler ama sa\u011f\u0131rd\u0131r \u00e2lem.Esma-i H\u00fcsna, insan\u0131 insana anlatan bir aynad\u0131r; i\u00e7inin seslerini duyuran bir da\u011f yank\u0131s\u0131d\u0131r. \u0130nsan\u0131n i\u00e7inde bulutlanan sanc\u0131lar\u0131 sa\u011fanak sa\u011fanak indirdi\u011fi bir toprakt\u0131r. Darl\u0131klar\u0131n\u0131 g\u00f6\u011fe savurur insan esma ile tan\u0131\u015ft\u0131k\u00e7a. Kalbinin k\u0131r\u0131k kanatlar\u0131n\u0131 a\u00e7ar kendisini g\u00f6reni, dinleyeni, ba\u011f\u0131\u015flayan\u0131 tan\u0131d\u0131k\u00e7a. Kendi yaralar\u0131yla tan\u0131\u015ft\u0131k\u00e7a, esman\u0131n anlam\u0131n\u0131 bir merhamet g\u00f6\u011f\u00fc olarak bulur, bir \u015fefkat dokunu\u015fu olarak ya\u015far.Dr. Senai Demirci, yazar, hekim ve terapist kimli\u011fini yan\u0131na alarak, e\u015fsiz bir esma-i h\u00fcsna a\u00e7\u0131l\u0131m\u0131 yap\u0131yor. G\u00fczel isimlerin anlam\u0131n\u0131n insan ruhuna dokundu\u011fu yerleri buluyor. \u0130nsan\u0131n yery\u00fcz\u00fc yaln\u0131zl\u0131\u011f\u0131na e\u011filiyor, susturdu\u011fu sesleri, avuttu\u011fu hasretleri anlam\u0131n avu\u00e7lar\u0131na koyuyor. Hasretli f\u0131s\u0131lt\u0131lar\u0131 i\u015fiten, sessiz \u00e2h\u2019lar\u0131 ciddiye alan, utan\u00e7 verici itiraflar\u0131 anlay\u0131\u015fla kucaklayan Bir\u2019inin yak\u0131nl\u0131\u011f\u0131n\u0131 ke\u015ffediyor. \u015eiirlerin kalbine dokunarak, kalbin \u015fiirini duyarak yaz\u0131yor. \u015ea\u015f\u0131racaks\u0131n\u0131z. Sevineceksiniz. Teselli bulacaks\u0131n\u0131z.<\/p>\n","protected":false},"excerpt":{"rendered":"<p>Dr. Senai Demirci, e\u015fsiz bir esma-i h\u00fcsna a\u00e7\u0131l\u0131m\u0131 yap\u0131yor. G\u00fczel isimlerin anlam\u0131n\u0131n insan ruhuna dokundu\u011fu yerleri buluyor.\u0130nsan gizemdir kendisine. K\u00f6rd\u00fc\u011f\u00fcmd\u00fcr kendi kendine. A\u00e7\u0131lmak ister ama dinleyen<span class=\"excerpt-hellip\"> [\u2026]<\/span><\/p>\n","protected":false},"featured_media":0,"template":"","meta":{"_monsterinsights_skip_tracking":false,"_monsterinsights_sitenote_active":false,"_monsterinsights_sitenote_note":"","_monsterinsights_sitenote_category":0},"product_brand":[],"product_cat":[12718,12719,12720],"product_tag":[],"class_list":{"0":"post-718450","1":"product","2":"type-product","3":"status-publish","5":"product_cat-din","6":"product_cat-islam","7":"product_cat-tasavvuf-mezhepler-tarikatlar","8":"pa_cilt-ciltsiz","9":"pa_tur-kitap","10":"pa_yayinevi-hayykitap","11":"pa_yazar-senai-demirci","13":"first","14":"instock","15":"sale","16":"shipping-taxable","17":"purchasable","18":"product-type-simple"},"_links":{"self":[{"href":"https:\/\/roveyayinevi.com.tr\/index.php\/wp-json\/wp\/v2\/product\/718450","targetHints":{"allow":["GET"]}}],"collection":[{"href":"https:\/\/roveyayinevi.com.tr\/index.php\/wp-json\/wp\/v2\/product"}],"about":[{"href":"https:\/\/roveyayinevi.com.tr\/index.php\/wp-json\/wp\/v2\/types\/product"}],"wp:attachment":[{"href":"https:\/\/roveyayinevi.com.tr\/index.php\/wp-json\/wp\/v2\/media?parent=718450"}],"wp:term":[{"taxonomy":"product_brand","embeddable":true,"href":"https:\/\/roveyayinevi.com.tr\/index.php\/wp-json\/wp\/v2\/product_brand?post=718450"},{"taxonomy":"product_cat","embeddable":true,"href":"https:\/\/roveyayinevi.com.tr\/index.php\/wp-json\/wp\/v2\/product_cat?post=718450"},{"taxonomy":"product_tag","embeddable":true,"href":"https:\/\/roveyayinevi.com.tr\/index.php\/wp-json\/wp\/v2\/product_tag?post=718450"}],"curies":[{"name":"wp","href":"https:\/\/api.w.org\/{rel}","templated":true}]}}