{"id":718449,"date":"2025-08-27T18:09:04","date_gmt":"2025-08-27T15:09:04","guid":{"rendered":"https:\/\/roveyayinevi.com.tr\/index.php\/urun\/berk-ve-cip-cip-dedektif-oldu\/"},"modified":"2026-04-16T02:26:26","modified_gmt":"2026-04-15T23:26:26","slug":"berk-ve-cip-cip-dedektif-oldu","status":"publish","type":"product","link":"https:\/\/roveyayinevi.com.tr\/index.php\/urun\/berk-ve-cip-cip-dedektif-oldu\/","title":{"rendered":"Berk ve \u00c7\u0131p \u00c7\u0131p Dedektif Oldu"},"content":{"rendered":"<p>Berk Mucit Oldu ve Berk Operac\u0131 Oldu adl\u0131 kitaplar\u0131yla b\u00fcy\u00fck ilgi \u00e7eken opera sanat\u00e7\u0131s\u0131, yazar Kaan Elbingil, Berk\u2019in son maceras\u0131nda, k\u00f6pekle kurulan dostlu\u011fu, komik bir dedektiflik merak\u0131yla birle\u015ftiriyor. Ailelerin ve \u00e7ocuklar\u0131n birlikte keyifle, e\u011flenceli vakit ge\u00e7irerek okuyabilece\u011fi, s\u00fcrprizlerle dolu yeni \u00f6yk\u00fcde, Berk g\u00fclmecenin dozunu art\u0131r\u0131yor! Mahalledeki h\u0131rs\u0131z\u0131 yakalamaya merak salan Berk\u2019in yeni ser\u00fcveni de, ilk iki kitaptan ba\u011f\u0131ms\u0131z okunabiliyor. \u00d6nyarg\u0131lar, dayan\u0131\u015fma, arkada\u015fl\u0131k ve aldanma gibi kavramlar\u0131 mizahla dokuyan \u00f6yk\u00fc, sanat\u00e7\u0131 Merve At\u0131lgan\u2019\u0131n etkileyici desenleriyle \u00e7okrenkli bir hayal d\u00fcnyas\u0131 sunuyor. Berk\u2019in yeni hedefi dedektif olmakt\u0131r. D\u00fcnyan\u0131n en \u00f6nemli i\u015fi budur ona g\u00f6re! Ailenin yeni \u00fcyesi \u00c7\u0131p \u00c7\u0131p k\u00f6pek de orta\u011f\u0131 olacakt\u0131r. \u0130kili, mahalle kasab\u0131ndan okula, her yerde su\u00e7 ve su\u00e7lu aramaya ba\u015flar. Ancak orda burda \u00e7al\u0131nan e\u015fyalardan anla\u015f\u0131ld\u0131\u011f\u0131 \u00fczere zaten ortada bir h\u0131rs\u0131z vard\u0131r. Mahalleli \u00c7\u0131p \u00c7\u0131p\u2019\u0131 su\u00e7lu ilan edince i\u015fler kar\u0131\u015f\u0131r. Berk, orta\u011f\u0131n\u0131 temize \u00e7\u0131karabilecek midir?..<\/p>\n","protected":false},"excerpt":{"rendered":"<p>Berk Mucit Oldu ve Berk Operac\u0131 Oldu adl\u0131 kitaplar\u0131yla b\u00fcy\u00fck ilgi \u00e7eken opera sanat\u00e7\u0131s\u0131, yazar Kaan Elbingil, Berk\u2019in son maceras\u0131nda, k\u00f6pekle kurulan dostlu\u011fu, komik bir dedektiflik<span class=\"excerpt-hellip\"> [\u2026]<\/span><\/p>\n","protected":false},"featured_media":0,"template":"","meta":{"_monsterinsights_skip_tracking":false,"_monsterinsights_sitenote_active":false,"_monsterinsights_sitenote_note":"","_monsterinsights_sitenote_category":0},"product_brand":[],"product_cat":[12274,12284],"product_tag":[],"class_list":{"0":"post-718449","1":"product","2":"type-product","3":"status-publish","5":"product_cat-cocuk-ve-genclik-kitaplari","6":"product_cat-hikayeler","7":"pa_cilt-ciltsiz","8":"pa_tur-kitap","9":"pa_yayinevi-gunisigi-kitapligi","10":"pa_yazar-kaan-elbingil","12":"first","13":"instock","14":"sale","15":"shipping-taxable","16":"purchasable","17":"product-type-simple"},"_links":{"self":[{"href":"https:\/\/roveyayinevi.com.tr\/index.php\/wp-json\/wp\/v2\/product\/718449","targetHints":{"allow":["GET"]}}],"collection":[{"href":"https:\/\/roveyayinevi.com.tr\/index.php\/wp-json\/wp\/v2\/product"}],"about":[{"href":"https:\/\/roveyayinevi.com.tr\/index.php\/wp-json\/wp\/v2\/types\/product"}],"wp:attachment":[{"href":"https:\/\/roveyayinevi.com.tr\/index.php\/wp-json\/wp\/v2\/media?parent=718449"}],"wp:term":[{"taxonomy":"product_brand","embeddable":true,"href":"https:\/\/roveyayinevi.com.tr\/index.php\/wp-json\/wp\/v2\/product_brand?post=718449"},{"taxonomy":"product_cat","embeddable":true,"href":"https:\/\/roveyayinevi.com.tr\/index.php\/wp-json\/wp\/v2\/product_cat?post=718449"},{"taxonomy":"product_tag","embeddable":true,"href":"https:\/\/roveyayinevi.com.tr\/index.php\/wp-json\/wp\/v2\/product_tag?post=718449"}],"curies":[{"name":"wp","href":"https:\/\/api.w.org\/{rel}","templated":true}]}}