{"id":718448,"date":"2025-08-27T18:09:04","date_gmt":"2025-08-27T15:09:04","guid":{"rendered":"https:\/\/roveyayinevi.com.tr\/index.php\/urun\/cocuklukta-ihmalin-izi-cozumler\/"},"modified":"2026-04-16T02:26:26","modified_gmt":"2026-04-15T23:26:26","slug":"cocuklukta-ihmalin-izi-cozumler","status":"publish","type":"product","link":"https:\/\/roveyayinevi.com.tr\/index.php\/urun\/cocuklukta-ihmalin-izi-cozumler\/","title":{"rendered":"\u00c7ocuklukta \u0130hmalin \u0130zi &#8211; \u00c7\u00f6z\u00fcmler"},"content":{"rendered":"<p>Dr. Jonice Webb \u00e7\u0131\u011f\u0131r a\u00e7an \u00c7ocuklukta \u0130hmalin \u0130zi: Bo\u015fluk Hissi kitab\u0131nda \u00c7ocuklukta Duygusal  \u0130hmal gibi \u00e7ok de\u011ferli bir kavramla kar\u015f\u0131m\u0131za \u00e7\u0131km\u0131\u015ft\u0131. \u00c7ok satanlar listesinde yer alan bu kitab\u0131yla birlikte binlerce insan, hayatlar\u0131nda eksik olan \u015feyin ne oldu\u011funun ve bu bo\u015fluklar\u0131 doldurmak i\u00e7in \u00c7ocuklukta Duygusal \u0130hmal ara\u00e7lar\u0131n\u0131 nas\u0131l kullanacaklar\u0131n\u0131n fark\u0131na vard\u0131.\u2018Duygusal \u0130hmal\u2019 kavram\u0131, ebeveynler \u00e7ocuklar\u0131n\u0131n duygusal ihtiya\u00e7lar\u0131na yeterince cevap veremediklerinde ortaya \u00e7\u0131kar. Milyonlarca insan bu durumun etkileriyle, kopuk, eksik, bo\u015f ve yaln\u0131z hissettiklerinin fark\u0131nda bile olmadan ya\u015famaktad\u0131r.\u2018Duygusal \u0130hmal\u2019in \u00e7ocuklar\u0131n\u0131za aktar\u0131lmas\u0131ndan nas\u0131l ka\u00e7\u0131nabilirsiniz?Ya da uzak hissetti\u011finiz partnerinize ula\u015fmak i\u00e7in ne yapabilirsiniz?Ebeveynlerinizle problemli ili\u015fkilerinizi nas\u0131l d\u00fczeltebilirsiniz?Dr. Webb yeni kitab\u0131nda Duygusal \u0130hmal kavram\u0131n\u0131 ilk kitab\u0131ndaki kendini iyile\u015ftirme s\u00fcrecinin \u00f6tesine ta\u015f\u0131yor ve ara\u00e7lar\u0131, \u2018Duygusal \u0130hmal\u2019in evlilik, ebeveynlik ve duygusal anlamda ihmalk\u00e2r aileler \u00fczerinde b\u0131rakt\u0131\u011f\u0131 durumlara uyguluyor. Bu da sorunlara cevap olarak verilen y\u00f6ntemlerin g\u00fc\u00e7l\u00fc \u00e7\u00f6z\u00fcmler h\u00e2line gelmesini sa\u011fl\u0131yor. E\u011fer psikoloji kitaplar\u0131nda \u00e7\u00f6z\u00fcmlerin verilmedi\u011finden \u015fikayet\u00e7iyseniz bu kitap tam olarak size g\u00f6re.<\/p>\n","protected":false},"excerpt":{"rendered":"<p>Dr. Jonice Webb \u00e7\u0131\u011f\u0131r a\u00e7an \u00c7ocuklukta \u0130hmalin \u0130zi: Bo\u015fluk Hissi kitab\u0131nda \u00c7ocuklukta Duygusal \u0130hmal gibi \u00e7ok de\u011ferli bir kavramla kar\u015f\u0131m\u0131za \u00e7\u0131km\u0131\u015ft\u0131. \u00c7ok satanlar listesinde yer alan<span class=\"excerpt-hellip\"> [\u2026]<\/span><\/p>\n","protected":false},"featured_media":0,"template":"","meta":{"_monsterinsights_skip_tracking":false,"_monsterinsights_sitenote_active":false,"_monsterinsights_sitenote_note":"","_monsterinsights_sitenote_category":0},"product_brand":[],"product_cat":[12679,12357],"product_tag":[],"class_list":{"0":"post-718448","1":"product","2":"type-product","3":"status-publish","5":"product_cat-cocuk-psikolojisi","6":"product_cat-psikoloji","7":"pa_cilt-ciltsiz","8":"pa_tur-kitap","9":"pa_yayinevi-sola-unitas","10":"pa_yazar-jonice-webb","12":"first","13":"instock","14":"sale","15":"shipping-taxable","16":"purchasable","17":"product-type-simple"},"_links":{"self":[{"href":"https:\/\/roveyayinevi.com.tr\/index.php\/wp-json\/wp\/v2\/product\/718448","targetHints":{"allow":["GET"]}}],"collection":[{"href":"https:\/\/roveyayinevi.com.tr\/index.php\/wp-json\/wp\/v2\/product"}],"about":[{"href":"https:\/\/roveyayinevi.com.tr\/index.php\/wp-json\/wp\/v2\/types\/product"}],"wp:attachment":[{"href":"https:\/\/roveyayinevi.com.tr\/index.php\/wp-json\/wp\/v2\/media?parent=718448"}],"wp:term":[{"taxonomy":"product_brand","embeddable":true,"href":"https:\/\/roveyayinevi.com.tr\/index.php\/wp-json\/wp\/v2\/product_brand?post=718448"},{"taxonomy":"product_cat","embeddable":true,"href":"https:\/\/roveyayinevi.com.tr\/index.php\/wp-json\/wp\/v2\/product_cat?post=718448"},{"taxonomy":"product_tag","embeddable":true,"href":"https:\/\/roveyayinevi.com.tr\/index.php\/wp-json\/wp\/v2\/product_tag?post=718448"}],"curies":[{"name":"wp","href":"https:\/\/api.w.org\/{rel}","templated":true}]}}