{"id":718447,"date":"2025-08-27T18:09:03","date_gmt":"2025-08-27T15:09:03","guid":{"rendered":"https:\/\/roveyayinevi.com.tr\/index.php\/urun\/kategoriler\/"},"modified":"2026-04-16T02:26:26","modified_gmt":"2026-04-15T23:26:26","slug":"kategoriler","status":"publish","type":"product","link":"https:\/\/roveyayinevi.com.tr\/index.php\/urun\/kategoriler\/","title":{"rendered":"Kategoriler"},"content":{"rendered":"<p>Varl\u0131k, nitelik, nicelik, g\u00f6reli ili\u015fki, kar\u015f\u0131tl\u0131k, hareket gibi Aristoteles terminolojisi i\u00e7inde \u00e7ok \u00f6nemli yere sahip terimleri irdeleyen ve k\u00fclliyata giri\u015f kitab\u0131 addedilen Kategoriler, filozofun ilk eserleri aras\u0131nda say\u0131l\u0131yor ve onun mant\u0131k eserlerinin toplam\u0131 olan Organon&#8217;un da en ba\u015f\u0131na yerle\u015ftiriliyor. Felsefe tarihinde \u00f6nemini hi\u00e7 kaybetmeyen bu temel metin, d\u00fc\u015f\u00fcnce yap\u0131m\u0131z\u0131 \u015fekillendirmeye devam ediyor.<\/p>\n","protected":false},"excerpt":{"rendered":"<p>Varl\u0131k, nitelik, nicelik, g\u00f6reli ili\u015fki, kar\u015f\u0131tl\u0131k, hareket gibi Aristoteles terminolojisi i\u00e7inde \u00e7ok \u00f6nemli yere sahip terimleri irdeleyen ve k\u00fclliyata giri\u015f kitab\u0131 addedilen Kategoriler, filozofun ilk eserleri<span class=\"excerpt-hellip\"> [\u2026]<\/span><\/p>\n","protected":false},"featured_media":0,"template":"","meta":{"_monsterinsights_skip_tracking":false,"_monsterinsights_sitenote_active":false,"_monsterinsights_sitenote_note":"","_monsterinsights_sitenote_category":0},"product_brand":[],"product_cat":[12389,12388],"product_tag":[],"class_list":{"0":"post-718447","1":"product","2":"type-product","3":"status-publish","5":"product_cat-diger-felsefe","6":"product_cat-felsefe","7":"pa_cilt-ciltsiz","8":"pa_tur-kitap","9":"pa_yayinevi-pinhan-yayincilik","10":"pa_yazar-aristoteles","12":"first","13":"instock","14":"sale","15":"shipping-taxable","16":"purchasable","17":"product-type-simple"},"_links":{"self":[{"href":"https:\/\/roveyayinevi.com.tr\/index.php\/wp-json\/wp\/v2\/product\/718447","targetHints":{"allow":["GET"]}}],"collection":[{"href":"https:\/\/roveyayinevi.com.tr\/index.php\/wp-json\/wp\/v2\/product"}],"about":[{"href":"https:\/\/roveyayinevi.com.tr\/index.php\/wp-json\/wp\/v2\/types\/product"}],"wp:attachment":[{"href":"https:\/\/roveyayinevi.com.tr\/index.php\/wp-json\/wp\/v2\/media?parent=718447"}],"wp:term":[{"taxonomy":"product_brand","embeddable":true,"href":"https:\/\/roveyayinevi.com.tr\/index.php\/wp-json\/wp\/v2\/product_brand?post=718447"},{"taxonomy":"product_cat","embeddable":true,"href":"https:\/\/roveyayinevi.com.tr\/index.php\/wp-json\/wp\/v2\/product_cat?post=718447"},{"taxonomy":"product_tag","embeddable":true,"href":"https:\/\/roveyayinevi.com.tr\/index.php\/wp-json\/wp\/v2\/product_tag?post=718447"}],"curies":[{"name":"wp","href":"https:\/\/api.w.org\/{rel}","templated":true}]}}