{"id":718443,"date":"2025-08-27T18:09:01","date_gmt":"2025-08-27T15:09:01","guid":{"rendered":"https:\/\/roveyayinevi.com.tr\/index.php\/urun\/3-kafadar-tekno-bakkal-ciraklari\/"},"modified":"2026-04-16T02:26:26","modified_gmt":"2026-04-15T23:26:26","slug":"3-kafadar-tekno-bakkal-ciraklari","status":"publish","type":"product","link":"https:\/\/roveyayinevi.com.tr\/index.php\/urun\/3-kafadar-tekno-bakkal-ciraklari\/","title":{"rendered":"3 Kafadar &#8211; Tekno Bakkal \u00c7\u0131raklar\u0131"},"content":{"rendered":"<p>Mahalle aras\u0131nda ya\u015fayan \u00e7ocuklar\u0131n ba\u015fl\u0131ca g\u00f6revlerinden biri de, sokaklar\u0131ndaki insanlar\u0131n bakkalla aralar\u0131nda kurye hizmeti vermektir. Bizler de \u00e7\u0131kmaz soka\u011f\u0131m\u0131zda ya\u015fayan herkesin b\u00f6yle durumlarda yard\u0131m\u0131na ko\u015far\u0131z. Asl\u0131nda bunu bir kar\u015f\u0131l\u0131k bekledi\u011fimiz i\u00e7in yapmay\u0131z, ama para \u00fcst\u00fcne sak\u0131z, balon hatta dondurma almam\u0131za bile m\u00fcsaade ederler! Tekno Tim, \u015fimdi de bakkal \u00e7\u0131rakl\u0131\u011f\u0131 i\u00e7in g\u00f6rev ba\u015f\u0131nda! Ali Bakkal&#8217;\u0131n d\u00fckk\u00e2n\u0131n\u0131 kurtarmak i\u00e7in teknolojinin t\u00fcm imk\u00e2nlar\u0131n\u0131 kullan\u0131yorlar. \u00dc\u00e7 Kafadar arkada\u015flar, Tekno Bakkal \u00c7\u0131raklar\u0131 olarak ba\u015far\u0131l\u0131 olabilecekler mi bakal\u0131m?<\/p>\n","protected":false},"excerpt":{"rendered":"<p>Mahalle aras\u0131nda ya\u015fayan \u00e7ocuklar\u0131n ba\u015fl\u0131ca g\u00f6revlerinden biri de, sokaklar\u0131ndaki insanlar\u0131n bakkalla aralar\u0131nda kurye hizmeti vermektir. Bizler de \u00e7\u0131kmaz soka\u011f\u0131m\u0131zda ya\u015fayan herkesin b\u00f6yle durumlarda yard\u0131m\u0131na ko\u015far\u0131z. Asl\u0131nda<span class=\"excerpt-hellip\"> [\u2026]<\/span><\/p>\n","protected":false},"featured_media":0,"template":"","meta":{"_monsterinsights_skip_tracking":false,"_monsterinsights_sitenote_active":false,"_monsterinsights_sitenote_note":"","_monsterinsights_sitenote_category":0},"product_brand":[],"product_cat":[12274,12284],"product_tag":[],"class_list":{"0":"post-718443","1":"product","2":"type-product","3":"status-publish","5":"product_cat-cocuk-ve-genclik-kitaplari","6":"product_cat-hikayeler","7":"pa_cilt-ciltsiz","8":"pa_tur-kitap","9":"pa_yayinevi-mavi-kirpi-yayinlari","10":"pa_yazar-yasar-bayraktar","12":"first","13":"instock","14":"sale","15":"shipping-taxable","16":"purchasable","17":"product-type-simple"},"_links":{"self":[{"href":"https:\/\/roveyayinevi.com.tr\/index.php\/wp-json\/wp\/v2\/product\/718443","targetHints":{"allow":["GET"]}}],"collection":[{"href":"https:\/\/roveyayinevi.com.tr\/index.php\/wp-json\/wp\/v2\/product"}],"about":[{"href":"https:\/\/roveyayinevi.com.tr\/index.php\/wp-json\/wp\/v2\/types\/product"}],"wp:attachment":[{"href":"https:\/\/roveyayinevi.com.tr\/index.php\/wp-json\/wp\/v2\/media?parent=718443"}],"wp:term":[{"taxonomy":"product_brand","embeddable":true,"href":"https:\/\/roveyayinevi.com.tr\/index.php\/wp-json\/wp\/v2\/product_brand?post=718443"},{"taxonomy":"product_cat","embeddable":true,"href":"https:\/\/roveyayinevi.com.tr\/index.php\/wp-json\/wp\/v2\/product_cat?post=718443"},{"taxonomy":"product_tag","embeddable":true,"href":"https:\/\/roveyayinevi.com.tr\/index.php\/wp-json\/wp\/v2\/product_tag?post=718443"}],"curies":[{"name":"wp","href":"https:\/\/api.w.org\/{rel}","templated":true}]}}