{"id":718442,"date":"2025-08-27T18:09:00","date_gmt":"2025-08-27T15:09:00","guid":{"rendered":"https:\/\/roveyayinevi.com.tr\/index.php\/urun\/3-kafadar-hokkabaz-nameka\/"},"modified":"2026-04-16T02:26:26","modified_gmt":"2026-04-15T23:26:26","slug":"3-kafadar-hokkabaz-nameka","status":"publish","type":"product","link":"https:\/\/roveyayinevi.com.tr\/index.php\/urun\/3-kafadar-hokkabaz-nameka\/","title":{"rendered":"3 Kafadar &#8211; Hokkabaz Nameka"},"content":{"rendered":"<p>\u0130ll\u00fczyon numaralar\u0131 televizyonda izledi\u011fimde beni en \u00e7ok heyecanland\u0131ran g\u00f6sterilerdir. Bir hilesinin oldu\u011funu bildi\u011fin halde izlerken hayranl\u0131\u011f\u0131n\u0131 gizleyemezsin. \u00dcstelik bu tarz bir g\u00f6steriyi de okulumuzda hi\u00e7 izlemedik. Hem etkileyici hem benzersiz bir g\u00f6steri: \u0130\u015fte tam arad\u0131\u011f\u0131m\u0131z gibi!  Tekno Kadir ve arkada\u015flar\u0131, sene sonu g\u00f6sterisi i\u00e7in hokkabaz olmaya karar verirler. Acaba her \u015fey istedikleri gibi gidecek mi? \u00dc\u00e7 Kafadar arkada\u015flar, bakal\u0131m Hokkabaz Nameka olup nas\u0131l g\u00f6steriler yapacaklar?<\/p>\n","protected":false},"excerpt":{"rendered":"<p>\u0130ll\u00fczyon numaralar\u0131 televizyonda izledi\u011fimde beni en \u00e7ok heyecanland\u0131ran g\u00f6sterilerdir. Bir hilesinin oldu\u011funu bildi\u011fin halde izlerken hayranl\u0131\u011f\u0131n\u0131 gizleyemezsin. \u00dcstelik bu tarz bir g\u00f6steriyi de okulumuzda hi\u00e7 izlemedik.<span class=\"excerpt-hellip\"> [\u2026]<\/span><\/p>\n","protected":false},"featured_media":0,"template":"","meta":{"_monsterinsights_skip_tracking":false,"_monsterinsights_sitenote_active":false,"_monsterinsights_sitenote_note":"","_monsterinsights_sitenote_category":0},"product_brand":[],"product_cat":[12274,12284],"product_tag":[],"class_list":{"0":"post-718442","1":"product","2":"type-product","3":"status-publish","5":"product_cat-cocuk-ve-genclik-kitaplari","6":"product_cat-hikayeler","7":"pa_cilt-ciltsiz","8":"pa_tur-kitap","9":"pa_yayinevi-mavi-kirpi-yayinlari","10":"pa_yazar-yasar-bayraktar","12":"first","13":"instock","14":"sale","15":"shipping-taxable","16":"purchasable","17":"product-type-simple"},"_links":{"self":[{"href":"https:\/\/roveyayinevi.com.tr\/index.php\/wp-json\/wp\/v2\/product\/718442","targetHints":{"allow":["GET"]}}],"collection":[{"href":"https:\/\/roveyayinevi.com.tr\/index.php\/wp-json\/wp\/v2\/product"}],"about":[{"href":"https:\/\/roveyayinevi.com.tr\/index.php\/wp-json\/wp\/v2\/types\/product"}],"wp:attachment":[{"href":"https:\/\/roveyayinevi.com.tr\/index.php\/wp-json\/wp\/v2\/media?parent=718442"}],"wp:term":[{"taxonomy":"product_brand","embeddable":true,"href":"https:\/\/roveyayinevi.com.tr\/index.php\/wp-json\/wp\/v2\/product_brand?post=718442"},{"taxonomy":"product_cat","embeddable":true,"href":"https:\/\/roveyayinevi.com.tr\/index.php\/wp-json\/wp\/v2\/product_cat?post=718442"},{"taxonomy":"product_tag","embeddable":true,"href":"https:\/\/roveyayinevi.com.tr\/index.php\/wp-json\/wp\/v2\/product_tag?post=718442"}],"curies":[{"name":"wp","href":"https:\/\/api.w.org\/{rel}","templated":true}]}}