{"id":718441,"date":"2025-08-27T18:08:59","date_gmt":"2025-08-27T15:08:59","guid":{"rendered":"https:\/\/roveyayinevi.com.tr\/index.php\/urun\/3-kafadar-ben-artik-buyudum-mu\/"},"modified":"2026-04-16T02:26:26","modified_gmt":"2026-04-15T23:26:26","slug":"3-kafadar-ben-artik-buyudum-mu","status":"publish","type":"product","link":"https:\/\/roveyayinevi.com.tr\/index.php\/urun\/3-kafadar-ben-artik-buyudum-mu\/","title":{"rendered":"3 Kafadar &#8211; Ben Art\u0131k B\u00fcy\u00fcd\u00fcm m\u00fc?"},"content":{"rendered":"<p>Art\u0131k b\u00fcy\u00fcd\u00fcm ben. Kanayan dizin b\u00f6rekle iyile\u015fmeyece\u011fini, kurabiye yiyince kaybetti\u011fim e\u015fyalar\u0131m\u0131 bulamayaca\u011f\u0131m\u0131 ve en \u00f6nemlisi kek yiyince \u015fampiyonlu\u011fun filan gelmeyece\u011fini bilecek kadar b\u00fcy\u00fcd\u00fcm.Tekno Kadir, art\u0131k \u00e7ocuk olmad\u0131\u011f\u0131n\u0131 s\u00f6yl\u00fcyor&#8230;Asl\u0131nda \u00e7ocuk oldu\u011funu biliyor, ama en az\u0131ndan eskisi kadar k\u00fc\u00e7\u00fck olmad\u0131\u011f\u0131n\u0131n da fark\u0131nda! \u00dc\u00e7 Kafadar arkada\u015flar gibi siz de kendinize soruyor musunuz &#8220;Ben Art\u0131k B\u00fcy\u00fcd\u00fcm m\u00fc?&#8221; diye?<\/p>\n","protected":false},"excerpt":{"rendered":"<p>Art\u0131k b\u00fcy\u00fcd\u00fcm ben. Kanayan dizin b\u00f6rekle iyile\u015fmeyece\u011fini, kurabiye yiyince kaybetti\u011fim e\u015fyalar\u0131m\u0131 bulamayaca\u011f\u0131m\u0131 ve en \u00f6nemlisi kek yiyince \u015fampiyonlu\u011fun filan gelmeyece\u011fini bilecek kadar b\u00fcy\u00fcd\u00fcm.Tekno Kadir, art\u0131k \u00e7ocuk<span class=\"excerpt-hellip\"> [\u2026]<\/span><\/p>\n","protected":false},"featured_media":0,"template":"","meta":{"_monsterinsights_skip_tracking":false,"_monsterinsights_sitenote_active":false,"_monsterinsights_sitenote_note":"","_monsterinsights_sitenote_category":0},"product_brand":[],"product_cat":[12274,12284],"product_tag":[],"class_list":{"0":"post-718441","1":"product","2":"type-product","3":"status-publish","5":"product_cat-cocuk-ve-genclik-kitaplari","6":"product_cat-hikayeler","7":"pa_cilt-ciltsiz","8":"pa_tur-kitap","9":"pa_yayinevi-mavi-kirpi-yayinlari","10":"pa_yazar-yasar-bayraktar","12":"first","13":"instock","14":"sale","15":"shipping-taxable","16":"purchasable","17":"product-type-simple"},"_links":{"self":[{"href":"https:\/\/roveyayinevi.com.tr\/index.php\/wp-json\/wp\/v2\/product\/718441","targetHints":{"allow":["GET"]}}],"collection":[{"href":"https:\/\/roveyayinevi.com.tr\/index.php\/wp-json\/wp\/v2\/product"}],"about":[{"href":"https:\/\/roveyayinevi.com.tr\/index.php\/wp-json\/wp\/v2\/types\/product"}],"wp:attachment":[{"href":"https:\/\/roveyayinevi.com.tr\/index.php\/wp-json\/wp\/v2\/media?parent=718441"}],"wp:term":[{"taxonomy":"product_brand","embeddable":true,"href":"https:\/\/roveyayinevi.com.tr\/index.php\/wp-json\/wp\/v2\/product_brand?post=718441"},{"taxonomy":"product_cat","embeddable":true,"href":"https:\/\/roveyayinevi.com.tr\/index.php\/wp-json\/wp\/v2\/product_cat?post=718441"},{"taxonomy":"product_tag","embeddable":true,"href":"https:\/\/roveyayinevi.com.tr\/index.php\/wp-json\/wp\/v2\/product_tag?post=718441"}],"curies":[{"name":"wp","href":"https:\/\/api.w.org\/{rel}","templated":true}]}}