{"id":718440,"date":"2025-08-27T18:08:59","date_gmt":"2025-08-27T15:08:59","guid":{"rendered":"https:\/\/roveyayinevi.com.tr\/index.php\/urun\/israil-mitler-ve-teror\/"},"modified":"2026-04-16T02:26:26","modified_gmt":"2026-04-15T23:26:26","slug":"israil-mitler-ve-teror","status":"publish","type":"product","link":"https:\/\/roveyayinevi.com.tr\/index.php\/urun\/israil-mitler-ve-teror\/","title":{"rendered":"\u0130srail Mitler ve Ter\u00f6r"},"content":{"rendered":"<p>Hakikatleri b\u00fct\u00fcn \u00e7\u0131plakl\u0131\u011f\u0131yla hayk\u0131ran bu kitab\u0131ndan \u00f6t\u00fcr\u00fc, b\u00fcy\u00fck bir filozof, ger\u00e7ek bir d\u00fc\u015f\u00fcn\u00fcr mahk\u00fbm edildi!Alain de Benoist &#8211; Siyaset Bilimci ve YazarRoger Garaudy bu kitab\u0131 y\u00fcz\u00fcnden a\u011f\u0131r cezaya \u00e7arpt\u0131r\u0131ld\u0131! Bu eser Fransa ba\u015fta olmak \u00fczere b\u00fct\u00fcn Avrupa\u2019da ve ABD\u2019de yasakland\u0131! Bu eserin Macaristan\u2019daki m\u00fctercimi ve yay\u0131nc\u0131s\u0131 siyonistlerin bask\u0131s\u0131yla cezaland\u0131r\u0131ld\u0131! Bu kitapta, \u00fclkemizi de \u00e7ok yak\u0131ndan ilgilendiren as\u0131rl\u0131k bir yalan\u0131n perdesi aralan\u0131yor ve Ortado\u011fu\u2019daki ter\u00f6r ate\u015finin ni\u00e7in s\u00f6nmeyece\u011fi anlat\u0131l\u0131yor. S\u00f6m\u00fcrgesi durumundaki Amerika Birle\u015fik Devletleri\u2019nin de deste\u011fiyle, \u0130srail\u2019in b\u00fct\u00fcn d\u00fcnyaya nas\u0131l meydan okudu\u011fu g\u00f6zler \u00f6n\u00fcne seriliyor. Ortado\u011fu\u2019ya dikilen \u0130srail devletinin yak\u0131n ge\u00e7mi\u015finden bu yana neler oldu ve neler olacak? Irk\u00e7\u0131 bir devlet nas\u0131l ve ni\u00e7in kuruldu? Bu devletin ileriye d\u00f6n\u00fck planlar\u0131 neler? \u0130srail\u2019in ayakta kalmas\u0131 i\u00e7in Ortado\u011fu nas\u0131l b\u00f6l\u00fcn\u00fcyor ve \u00fclkemizi hangi tehditler bekliyor? \u0130\u00e7inde ya\u015fad\u0131\u011f\u0131m\u0131z b\u00f6lgeyle ilgili oynanan oyunlar hakk\u0131nda bilmemiz gereken b\u00fct\u00fcn bilgiler bu eserde belgeleriyle okuyucunun dikkatine sunuluyor.<\/p>\n","protected":false},"excerpt":{"rendered":"<p>Hakikatleri b\u00fct\u00fcn \u00e7\u0131plakl\u0131\u011f\u0131yla hayk\u0131ran bu kitab\u0131ndan \u00f6t\u00fcr\u00fc, b\u00fcy\u00fck bir filozof, ger\u00e7ek bir d\u00fc\u015f\u00fcn\u00fcr mahk\u00fbm edildi!Alain de Benoist &#8211; Siyaset Bilimci ve YazarRoger Garaudy bu kitab\u0131 y\u00fcz\u00fcnden<span class=\"excerpt-hellip\"> [\u2026]<\/span><\/p>\n","protected":false},"featured_media":0,"template":"","meta":{"_monsterinsights_skip_tracking":false,"_monsterinsights_sitenote_active":false,"_monsterinsights_sitenote_note":"","_monsterinsights_sitenote_category":0},"product_brand":[],"product_cat":[12338,12337],"product_tag":[],"class_list":{"0":"post-718440","1":"product","2":"type-product","3":"status-publish","5":"product_cat-dunya-siyaseti-ve-politikasi","6":"product_cat-politika-siyaset","7":"pa_cilt-ciltsiz","8":"pa_tur-kitap","9":"pa_yayinevi-timas-yayinlari","10":"pa_yazar-roger-garaudy","12":"first","13":"instock","14":"sale","15":"shipping-taxable","16":"purchasable","17":"product-type-simple"},"_links":{"self":[{"href":"https:\/\/roveyayinevi.com.tr\/index.php\/wp-json\/wp\/v2\/product\/718440","targetHints":{"allow":["GET"]}}],"collection":[{"href":"https:\/\/roveyayinevi.com.tr\/index.php\/wp-json\/wp\/v2\/product"}],"about":[{"href":"https:\/\/roveyayinevi.com.tr\/index.php\/wp-json\/wp\/v2\/types\/product"}],"wp:attachment":[{"href":"https:\/\/roveyayinevi.com.tr\/index.php\/wp-json\/wp\/v2\/media?parent=718440"}],"wp:term":[{"taxonomy":"product_brand","embeddable":true,"href":"https:\/\/roveyayinevi.com.tr\/index.php\/wp-json\/wp\/v2\/product_brand?post=718440"},{"taxonomy":"product_cat","embeddable":true,"href":"https:\/\/roveyayinevi.com.tr\/index.php\/wp-json\/wp\/v2\/product_cat?post=718440"},{"taxonomy":"product_tag","embeddable":true,"href":"https:\/\/roveyayinevi.com.tr\/index.php\/wp-json\/wp\/v2\/product_tag?post=718440"}],"curies":[{"name":"wp","href":"https:\/\/api.w.org\/{rel}","templated":true}]}}