{"id":718438,"date":"2025-08-27T18:08:57","date_gmt":"2025-08-27T15:08:57","guid":{"rendered":"https:\/\/roveyayinevi.com.tr\/index.php\/urun\/3-kafadar-dedemin-masal-koyu\/"},"modified":"2026-04-16T02:26:26","modified_gmt":"2026-04-15T23:26:26","slug":"3-kafadar-dedemin-masal-koyu","status":"publish","type":"product","link":"https:\/\/roveyayinevi.com.tr\/index.php\/urun\/3-kafadar-dedemin-masal-koyu\/","title":{"rendered":"3 Kafadar &#8211; Dedemin Masal K\u00f6y\u00fc"},"content":{"rendered":"<p>Babam\u0131n s\u00f6yledi\u011fine g\u00f6re dedemin k\u00f6y\u00fc, bildi\u011fim di\u011fer k\u00f6ylere hi\u00e7 benzemiyormu\u015f. Asl\u0131na bakarsan ben hi\u00e7 k\u00f6y g\u00f6rmedim ya, neyse&#8230; \u00dc\u00e7 Kafadar arkada\u015flar bu sefer birbirlerinden ayr\u0131lar. Tekno Kadir, yaz tatilini ge\u00e7irmek i\u00e7in dedesinin k\u00f6y\u00fcne gidiyor. Ama bu k\u00f6y, hi\u00e7 de di\u011fer k\u00f6ylere benzemiyor: Masallarla dolu garip bir k\u00f6y buras\u0131!Acaba nas\u0131l bir k\u00f6y Tekno Kadir&#8217;in Dedemin Masal K\u00f6y\u00fc dedi\u011fi bu yer?<\/p>\n","protected":false},"excerpt":{"rendered":"<p>Babam\u0131n s\u00f6yledi\u011fine g\u00f6re dedemin k\u00f6y\u00fc, bildi\u011fim di\u011fer k\u00f6ylere hi\u00e7 benzemiyormu\u015f. Asl\u0131na bakarsan ben hi\u00e7 k\u00f6y g\u00f6rmedim ya, neyse&#8230; \u00dc\u00e7 Kafadar arkada\u015flar bu sefer birbirlerinden ayr\u0131lar. Tekno<span class=\"excerpt-hellip\"> [\u2026]<\/span><\/p>\n","protected":false},"featured_media":0,"template":"","meta":{"_monsterinsights_skip_tracking":false,"_monsterinsights_sitenote_active":false,"_monsterinsights_sitenote_note":"","_monsterinsights_sitenote_category":0},"product_brand":[],"product_cat":[12274,12284],"product_tag":[],"class_list":{"0":"post-718438","1":"product","2":"type-product","3":"status-publish","5":"product_cat-cocuk-ve-genclik-kitaplari","6":"product_cat-hikayeler","7":"pa_cilt-ciltsiz","8":"pa_tur-kitap","9":"pa_yayinevi-mavi-kirpi-yayinlari","10":"pa_yazar-yasar-bayraktar","12":"first","13":"instock","14":"sale","15":"shipping-taxable","16":"purchasable","17":"product-type-simple"},"_links":{"self":[{"href":"https:\/\/roveyayinevi.com.tr\/index.php\/wp-json\/wp\/v2\/product\/718438","targetHints":{"allow":["GET"]}}],"collection":[{"href":"https:\/\/roveyayinevi.com.tr\/index.php\/wp-json\/wp\/v2\/product"}],"about":[{"href":"https:\/\/roveyayinevi.com.tr\/index.php\/wp-json\/wp\/v2\/types\/product"}],"wp:attachment":[{"href":"https:\/\/roveyayinevi.com.tr\/index.php\/wp-json\/wp\/v2\/media?parent=718438"}],"wp:term":[{"taxonomy":"product_brand","embeddable":true,"href":"https:\/\/roveyayinevi.com.tr\/index.php\/wp-json\/wp\/v2\/product_brand?post=718438"},{"taxonomy":"product_cat","embeddable":true,"href":"https:\/\/roveyayinevi.com.tr\/index.php\/wp-json\/wp\/v2\/product_cat?post=718438"},{"taxonomy":"product_tag","embeddable":true,"href":"https:\/\/roveyayinevi.com.tr\/index.php\/wp-json\/wp\/v2\/product_tag?post=718438"}],"curies":[{"name":"wp","href":"https:\/\/api.w.org\/{rel}","templated":true}]}}