{"id":718434,"date":"2025-08-27T18:08:15","date_gmt":"2025-08-27T15:08:15","guid":{"rendered":"https:\/\/roveyayinevi.com.tr\/index.php\/urun\/iletisimin-kadarsin\/"},"modified":"2026-04-08T02:33:31","modified_gmt":"2026-04-07T23:33:31","slug":"iletisimin-kadarsin","status":"publish","type":"product","link":"https:\/\/roveyayinevi.com.tr\/index.php\/urun\/iletisimin-kadarsin\/","title":{"rendered":"\u0130leti\u015fimin Kadars\u0131n"},"content":{"rendered":"<p>Hayat\u0131n\u0131zdan memnun musunuz?Bu soruya verece\u011finiz cevap sizin ne kadar iyi bir ileti\u015fimci oldu\u011funuzla ilgili.Ne ilgisi var demeyin! \u0130leti\u015fim dedi\u011finiz s\u00fcre\u00e7 siz anne karn\u0131ndayken ba\u015flad\u0131, ama inan\u0131n verdi\u011finiz son nefesle birlikte nihayet bulmayacak.Ve sahip oldu\u011funuz ileti\u015fim kabiliyetinin etki alan\u0131, asl\u0131nda hayallerinizin bile \u00f6tesinde \u2026\u0130nan\u0131yorum ki; bu kitaptaki hik\u00e2yeler size bamba\u015fka bir bak\u0131\u015f a\u00e7\u0131s\u0131 sunacak.Hi\u00e7 d\u00fc\u015f\u00fcnd\u00fcn\u00fcz m\u00fc?Belki de Birinci D\u00fcnya Sava\u015f\u0131, talihsiz bir ileti\u015fim kazas\u0131yd\u0131.Belki de b\u00fct\u00fcn hastal\u0131klar\u0131n\u0131z, bedeninizle ve ruhunuzla ileti\u015fimsizli\u011fin bir eseri. Kim bilir, belki ileti\u015fim ad\u0131na tuttu\u011funuz her ipucu \u00f6mr\u00fcn\u00fcz\u00fc uzat\u0131yor.E\u011fer ileti\u015fim, a\u011fz\u0131n\u0131zdan \u00e7\u0131kanla al\u0131n yaz\u0131n\u0131z aras\u0131ndaki en k\u0131sa yolsa; bu kitapta, bu yola dair hik\u00e2yeler bulacaks\u0131n\u0131z.Ve her hik\u00e2yede bir kez daha fark\u0131na varacaks\u0131n\u0131z ki, asl\u0131nda ger\u00e7ekten ileti\u015fiminiz kadars\u0131n\u0131z!<\/p>\n","protected":false},"excerpt":{"rendered":"<p>Hayat\u0131n\u0131zdan memnun musunuz?Bu soruya verece\u011finiz cevap sizin ne kadar iyi bir ileti\u015fimci oldu\u011funuzla ilgili.Ne ilgisi var demeyin! \u0130leti\u015fim dedi\u011finiz s\u00fcre\u00e7 siz anne karn\u0131ndayken ba\u015flad\u0131, ama inan\u0131n<span class=\"excerpt-hellip\"> [\u2026]<\/span><\/p>\n","protected":false},"featured_media":0,"template":"","meta":{"_monsterinsights_skip_tracking":false,"_monsterinsights_sitenote_active":false,"_monsterinsights_sitenote_note":"","_monsterinsights_sitenote_category":0},"product_brand":[],"product_cat":[12364,12376],"product_tag":[],"class_list":{"0":"post-718434","1":"product","2":"type-product","3":"status-publish","5":"product_cat-genel-konular","6":"product_cat-kisisel-gelisim","7":"pa_cilt-ciltsiz","8":"pa_tur-kitap","9":"pa_yayinevi-cinaralti-yayinlari","10":"pa_yazar-osman-fatih-ceylan","12":"first","13":"instock","14":"sale","15":"shipping-taxable","16":"purchasable","17":"product-type-simple"},"_links":{"self":[{"href":"https:\/\/roveyayinevi.com.tr\/index.php\/wp-json\/wp\/v2\/product\/718434","targetHints":{"allow":["GET"]}}],"collection":[{"href":"https:\/\/roveyayinevi.com.tr\/index.php\/wp-json\/wp\/v2\/product"}],"about":[{"href":"https:\/\/roveyayinevi.com.tr\/index.php\/wp-json\/wp\/v2\/types\/product"}],"wp:attachment":[{"href":"https:\/\/roveyayinevi.com.tr\/index.php\/wp-json\/wp\/v2\/media?parent=718434"}],"wp:term":[{"taxonomy":"product_brand","embeddable":true,"href":"https:\/\/roveyayinevi.com.tr\/index.php\/wp-json\/wp\/v2\/product_brand?post=718434"},{"taxonomy":"product_cat","embeddable":true,"href":"https:\/\/roveyayinevi.com.tr\/index.php\/wp-json\/wp\/v2\/product_cat?post=718434"},{"taxonomy":"product_tag","embeddable":true,"href":"https:\/\/roveyayinevi.com.tr\/index.php\/wp-json\/wp\/v2\/product_tag?post=718434"}],"curies":[{"name":"wp","href":"https:\/\/api.w.org\/{rel}","templated":true}]}}