{"id":718432,"date":"2025-08-27T18:08:13","date_gmt":"2025-08-27T15:08:13","guid":{"rendered":"https:\/\/roveyayinevi.com.tr\/index.php\/urun\/sizofrenik-ben\/"},"modified":"2026-04-16T02:26:26","modified_gmt":"2026-04-15T23:26:26","slug":"sizofrenik-ben","status":"publish","type":"product","link":"https:\/\/roveyayinevi.com.tr\/index.php\/urun\/sizofrenik-ben\/","title":{"rendered":"\u015eizofrenik Ben"},"content":{"rendered":"<p>\u015eizofreni \u201cPsikiyatrinin b\u00fcy\u00fck bir muammas\u0131d\u0131r.\u201d (Pichot). \u015eizofreninin 1950\u2019lere kadar ger\u00e7ek anlamda bir tedavi yap\u0131lanmas\u0131 yoktu. Sinir hastal\u0131klar\u0131 aras\u0131nda say\u0131l\u0131yordu ve sahiplerine k\u0131saca \u201cdeli\u201d deniliyordu. \u015eizofrenler her \u015feyi \u015fimdiki zamanda alg\u0131l\u0131yorlar. Bu asl\u0131nda g\u00fczel de\u011fimli; Psikoterapinin en \u00f6nemli ilkesi de \u201c\u015fimdi ve burada\u201d de\u011fimli? O zaman \u015fizofrenler niye \u201cdeli\u201d olsun; hayat\u0131n esas ilkesini ya\u015fam\u0131\u015f olmuyorlarm\u0131? Yani mektup yazm\u0131yorlar, telefon a\u00e7m\u0131yorlar; berber, hamama, di\u015f\u00e7iye gitmiyorlar diye onlar\u0131 zorla s\u00fcr\u00fckleyerek t\u0131marhaneye g\u00f6t\u00fcrmek neyin nesi?Asl\u0131nda \u015fizofren hasta, zarif kanatlar\u0131yla duvarda gezinen d\u00f6rt mavi istiridyeG\u00f6rd\u00fc\u011f\u00fcn\u00fcz sanmaz; onlar ger\u00e7ekten g\u00f6r\u00fcr. Onlar\u0131n g\u00f6rd\u00fc\u011f\u00fcn\u00fc bizler G\u00f6rm\u00fcyoruz diye mi onlar psikozlular? Ya bizler neyiz?Bzler \u201cCinnetin e\u015fi\u011finde, \u00f6l\u00fcm\u00fcn k\u0131y\u0131s\u0131nda, iflas\u0131n ucunda, delirmenin tam d\u00f6rt yol g\u011fz\u0131nday\u0131m usta\u2026 Bekleyemiyorum usta, acele et?&#8230; Azrail can\u0131m\u0131 \u00e7eker; burada park yasak.\u201ddiyen Hasan U\u011fur G\u00fcr gibi ya da \u00f6nce \u015fizofren denilip sonra Nobel Ekonomi \u00d6d\u00fcl\u00fc verilen John Nash gibiyiz.Sahi kim deli, kim ak\u0131ll\u0131\u2026?Evet bu kitapta bunun cevab\u0131n\u0131n biraz\u0131n\u0131 bulacaks\u0131n\u0131z. Hepsini yazamad\u0131m.\u00c7\u00fck\u00fc o kadar ak\u0131ll\u0131 de\u011felim.<\/p>\n","protected":false},"excerpt":{"rendered":"<p>\u015eizofreni \u201cPsikiyatrinin b\u00fcy\u00fck bir muammas\u0131d\u0131r.\u201d (Pichot). \u015eizofreninin 1950\u2019lere kadar ger\u00e7ek anlamda bir tedavi yap\u0131lanmas\u0131 yoktu. Sinir hastal\u0131klar\u0131 aras\u0131nda say\u0131l\u0131yordu ve sahiplerine k\u0131saca \u201cdeli\u201d deniliyordu. \u015eizofrenler her<span class=\"excerpt-hellip\"> [\u2026]<\/span><\/p>\n","protected":false},"featured_media":0,"template":"","meta":{"_monsterinsights_skip_tracking":false,"_monsterinsights_sitenote_active":false,"_monsterinsights_sitenote_note":"","_monsterinsights_sitenote_category":0},"product_brand":[],"product_cat":[12358,12357],"product_tag":[],"class_list":{"0":"post-718432","1":"product","2":"type-product","3":"status-publish","5":"product_cat-genel-psikoloji","6":"product_cat-psikoloji","7":"pa_cilt-ciltsiz","8":"pa_tur-kitap","9":"pa_yayinevi-cinaralti-yayinlari","10":"pa_yazar-yener-ozen","12":"first","13":"instock","14":"sale","15":"shipping-taxable","16":"purchasable","17":"product-type-simple"},"_links":{"self":[{"href":"https:\/\/roveyayinevi.com.tr\/index.php\/wp-json\/wp\/v2\/product\/718432","targetHints":{"allow":["GET"]}}],"collection":[{"href":"https:\/\/roveyayinevi.com.tr\/index.php\/wp-json\/wp\/v2\/product"}],"about":[{"href":"https:\/\/roveyayinevi.com.tr\/index.php\/wp-json\/wp\/v2\/types\/product"}],"wp:attachment":[{"href":"https:\/\/roveyayinevi.com.tr\/index.php\/wp-json\/wp\/v2\/media?parent=718432"}],"wp:term":[{"taxonomy":"product_brand","embeddable":true,"href":"https:\/\/roveyayinevi.com.tr\/index.php\/wp-json\/wp\/v2\/product_brand?post=718432"},{"taxonomy":"product_cat","embeddable":true,"href":"https:\/\/roveyayinevi.com.tr\/index.php\/wp-json\/wp\/v2\/product_cat?post=718432"},{"taxonomy":"product_tag","embeddable":true,"href":"https:\/\/roveyayinevi.com.tr\/index.php\/wp-json\/wp\/v2\/product_tag?post=718432"}],"curies":[{"name":"wp","href":"https:\/\/api.w.org\/{rel}","templated":true}]}}