{"id":718431,"date":"2025-08-27T18:08:13","date_gmt":"2025-08-27T15:08:13","guid":{"rendered":"https:\/\/roveyayinevi.com.tr\/index.php\/urun\/osmanli-padisahlari-3\/"},"modified":"2026-04-16T02:26:26","modified_gmt":"2026-04-15T23:26:26","slug":"osmanli-padisahlari-3","status":"publish","type":"product","link":"https:\/\/roveyayinevi.com.tr\/index.php\/urun\/osmanli-padisahlari-3\/","title":{"rendered":"Osmanl\u0131 Padi\u015fahlar\u0131"},"content":{"rendered":"<p>G\u00f6n\u00fcl iklimini \u015fenlendiren, \u015fu ke\u015fmeke\u015f d\u00fcnyay\u0131 ya\u015fanabilir k\u0131lan, Ruha huzur-sineye s\u00fcrur veren en \u00f6nemli i\u015f hi\u00e7 \u015f\u00fcphesizg\u00f6n\u00fcle inen Kelam ve kelam\u0131n ihtiva etti\u011fi manad\u0131r. S\u00f6z denilen \u015fey kalbe inmeli ve kalbi cilalad\u0131ktan sonra dile gelmeli. Muhabbet ile dolmal\u0131 her sine ve bu manevi cila ile hazinelere a\u00e7\u0131lmal\u0131. T\u0131pk\u0131 i\u00e7 d\u00fcnyas\u0131 nurlarla dolanMimar Sinan\u2019\u0131n madde plan\u0131ndaki Ustal\u0131\u011f\u0131n\u0131 g\u00f6sterdi\u011fi S\u00fcleymaniye gibi, t\u0131pk\u0131 zahirde g\u00f6rd\u00fc\u011f\u00fc g\u00fczellikleri name name Hedikat\u00fc\u2019s-s\u00fceda\u2019ya nak\u015feden Fuzuli gibi. T\u0131pk\u0131 adeta yolculuktan varl\u0131\u011fa do\u011fru ilerlerken farkl\u0131l\u0131klar\u0131 zenginli\u011fi  olarak g\u00f6r\u00fcp sinesinde harmanlayan ve yo\u011furdu\u011fu hamur ile b\u00fcy\u00fck bir imparatorluk kuran Osmanl\u0131 gibi. T\u0131pk\u0131 her okudu\u011fumuzda huzura erdi\u011fimiz Osmanl\u0131\u2019y\u0131 Osmanl\u0131 yapan de\u011ferler gibi.\u201cFikri ve fiili muhtevalar\u0131 kasten sakatlat\u0131lm\u0131\u015f gen\u00e7lerimizin, hak ve hakikate y\u00f6nelmelerinde eserin en m\u00fcessir vas\u0131talardar olabilmesi dile\u011fiyle\u2026<\/p>\n","protected":false},"excerpt":{"rendered":"<p>G\u00f6n\u00fcl iklimini \u015fenlendiren, \u015fu ke\u015fmeke\u015f d\u00fcnyay\u0131 ya\u015fanabilir k\u0131lan, Ruha huzur-sineye s\u00fcrur veren en \u00f6nemli i\u015f hi\u00e7 \u015f\u00fcphesizg\u00f6n\u00fcle inen Kelam ve kelam\u0131n ihtiva etti\u011fi manad\u0131r. S\u00f6z denilen<span class=\"excerpt-hellip\"> [\u2026]<\/span><\/p>\n","protected":false},"featured_media":0,"template":"","meta":{"_monsterinsights_skip_tracking":false,"_monsterinsights_sitenote_active":false,"_monsterinsights_sitenote_note":"","_monsterinsights_sitenote_category":0},"product_brand":[],"product_cat":[13517,12304],"product_tag":[],"class_list":{"0":"post-718431","1":"product","2":"type-product","3":"status-publish","5":"product_cat-osmanli-tarihi","6":"product_cat-tarih","7":"pa_cilt-ciltsiz","8":"pa_tur-kitap","9":"pa_yayinevi-cinaralti-yayinlari","10":"pa_yazar-nermin-taylan","12":"first","13":"instock","14":"sale","15":"shipping-taxable","16":"purchasable","17":"product-type-simple"},"_links":{"self":[{"href":"https:\/\/roveyayinevi.com.tr\/index.php\/wp-json\/wp\/v2\/product\/718431","targetHints":{"allow":["GET"]}}],"collection":[{"href":"https:\/\/roveyayinevi.com.tr\/index.php\/wp-json\/wp\/v2\/product"}],"about":[{"href":"https:\/\/roveyayinevi.com.tr\/index.php\/wp-json\/wp\/v2\/types\/product"}],"wp:attachment":[{"href":"https:\/\/roveyayinevi.com.tr\/index.php\/wp-json\/wp\/v2\/media?parent=718431"}],"wp:term":[{"taxonomy":"product_brand","embeddable":true,"href":"https:\/\/roveyayinevi.com.tr\/index.php\/wp-json\/wp\/v2\/product_brand?post=718431"},{"taxonomy":"product_cat","embeddable":true,"href":"https:\/\/roveyayinevi.com.tr\/index.php\/wp-json\/wp\/v2\/product_cat?post=718431"},{"taxonomy":"product_tag","embeddable":true,"href":"https:\/\/roveyayinevi.com.tr\/index.php\/wp-json\/wp\/v2\/product_tag?post=718431"}],"curies":[{"name":"wp","href":"https:\/\/api.w.org\/{rel}","templated":true}]}}