{"id":718427,"date":"2025-08-27T18:08:10","date_gmt":"2025-08-27T15:08:10","guid":{"rendered":"https:\/\/roveyayinevi.com.tr\/index.php\/urun\/yani-turkiyenin-hedefleri\/"},"modified":"2026-04-16T02:26:26","modified_gmt":"2026-04-15T23:26:26","slug":"yani-turkiyenin-hedefleri","status":"publish","type":"product","link":"https:\/\/roveyayinevi.com.tr\/index.php\/urun\/yani-turkiyenin-hedefleri\/","title":{"rendered":"Yani T\u00fcrkiye&#8217;nin Hedefleri"},"content":{"rendered":"<p>B\u00fct\u00fcn T\u00fcrkler ve T\u00fcrkiye i\u00e7in tekliflerde bulunan Ziya G\u00f6kalp\u2019\u0131n birbirini tamamlayan \u00fc\u00e7 uzun makalesini Yeni T\u00fcrkiye\u2019nin Hedefleri ba\u015fl\u0131\u011f\u0131yla bir araya getirdik. Turanc\u0131l\u0131k, Ziya G\u00f6kalp\u2019\u0131n esas umdesidir. Onun ya\u015fad\u0131\u011f\u0131 d\u00f6nemde 1917\u2019de Bol\u015fevik \u0130htil\u00e2li olmu\u015f ve T\u00fcrkler i\u00e7in ba\u011f\u0131ms\u0131zl\u0131k umudu do\u011fmu\u015ftur. \u0130htil\u00e2lden bir y\u0131l sonra Yeni Mecmua\u2019da \u201cRusya\u2019daki T\u00fcrkler Ne Yapmal\u0131?\u201d makalesini yazm\u0131\u015f ve ne yap\u0131lmas\u0131 gerekti\u011fini bir bir s\u0131ralam\u0131\u015ft\u0131r. Bu makale ayr\u0131ca, dergiden aynen al\u0131narak kitap\u00e7\u0131k olarak da yay\u0131mlanm\u0131\u015ft\u0131r. Ziya G\u00f6kalp, Yeni T\u00fcrkiye kurulurken, T\u00fcrk\u00e7\u00fcl\u00fc\u011f\u00fcn Esaslar\u0131\u2019yla b\u00fct\u00fcnle\u015fecek g\u00f6r\u00fc\u015flerini a\u00e7\u0131klam\u0131\u015ft\u0131r. \u201cDo\u011fru Yol &#8211; H\u00e2kimiyet-i Milliye ve Umdelerin Tasnif, Tahlil ve Tefsiri\u201d kitap\u00e7\u0131\u011f\u0131 birtak\u0131m umdelerin toplam\u0131d\u0131r. Yeni T\u00fcrkiye gazetesinde \u201cYeni T\u00fcrkiye\u2019nin Hedefleri\u201d genel ba\u015fl\u0131\u011f\u0131 alt\u0131nda tekliflerde bulunmu\u015ftur. <\/p>\n","protected":false},"excerpt":{"rendered":"<p>B\u00fct\u00fcn T\u00fcrkler ve T\u00fcrkiye i\u00e7in tekliflerde bulunan Ziya G\u00f6kalp\u2019\u0131n birbirini tamamlayan \u00fc\u00e7 uzun makalesini Yeni T\u00fcrkiye\u2019nin Hedefleri ba\u015fl\u0131\u011f\u0131yla bir araya getirdik. Turanc\u0131l\u0131k, Ziya G\u00f6kalp\u2019\u0131n esas umdesidir.<span class=\"excerpt-hellip\"> [\u2026]<\/span><\/p>\n","protected":false},"featured_media":0,"template":"","meta":{"_monsterinsights_skip_tracking":false,"_monsterinsights_sitenote_active":false,"_monsterinsights_sitenote_note":"","_monsterinsights_sitenote_category":0},"product_brand":[],"product_cat":[12325,12324],"product_tag":[],"class_list":{"0":"post-718427","1":"product","2":"type-product","3":"status-publish","5":"product_cat-diger-sosyoloji","6":"product_cat-sosyoloji","7":"pa_cilt-ciltsiz","8":"pa_tur-kitap","9":"pa_yayinevi-bilge-kultur-sanat","10":"pa_yazar-ziya-gokalp","12":"first","13":"instock","14":"sale","15":"shipping-taxable","16":"purchasable","17":"product-type-simple"},"_links":{"self":[{"href":"https:\/\/roveyayinevi.com.tr\/index.php\/wp-json\/wp\/v2\/product\/718427","targetHints":{"allow":["GET"]}}],"collection":[{"href":"https:\/\/roveyayinevi.com.tr\/index.php\/wp-json\/wp\/v2\/product"}],"about":[{"href":"https:\/\/roveyayinevi.com.tr\/index.php\/wp-json\/wp\/v2\/types\/product"}],"wp:attachment":[{"href":"https:\/\/roveyayinevi.com.tr\/index.php\/wp-json\/wp\/v2\/media?parent=718427"}],"wp:term":[{"taxonomy":"product_brand","embeddable":true,"href":"https:\/\/roveyayinevi.com.tr\/index.php\/wp-json\/wp\/v2\/product_brand?post=718427"},{"taxonomy":"product_cat","embeddable":true,"href":"https:\/\/roveyayinevi.com.tr\/index.php\/wp-json\/wp\/v2\/product_cat?post=718427"},{"taxonomy":"product_tag","embeddable":true,"href":"https:\/\/roveyayinevi.com.tr\/index.php\/wp-json\/wp\/v2\/product_tag?post=718427"}],"curies":[{"name":"wp","href":"https:\/\/api.w.org\/{rel}","templated":true}]}}